{"id":1895,"date":"2025-05-12T08:35:49","date_gmt":"2025-05-12T06:35:49","guid":{"rendered":"https:\/\/www.bintoufaitout.com\/index.php\/produit\/faitout-profond-24cm\/"},"modified":"2025-09-05T15:26:14","modified_gmt":"2025-09-05T13:26:14","slug":"faitout-profond-24cm","status":"publish","type":"product","link":"https:\/\/www.bintoufaitout.com\/index.php\/produit\/faitout-profond-24cm\/","title":{"rendered":"Faitout profond 24cm"},"content":{"rendered":"<p>Faitout en pierre. Ce faitout sera id\u00e9al pour cuisiner tout vos plat sans efforts, compatible avec tout les feux: induction, vitro-c\u00e9ramique, gaz, \u00e9lectrique; passe \u00e9galement au lave vaisselle. Ce faitout sera \u00e9galement s\u2019adapter \u00e0 votre four et son couvercle avec son joint en silicone r\u00e9sistant jusqu\u2019\u00e0 280\u00b0 seront les amis de vos plats mijot\u00e9s.<\/p>\n<p>Contenance:6,2 litres<\/p>\n<p>24cm de diam\u00e8tre<\/p>\n","protected":false},"excerpt":{"rendered":"<p>Faitout en pierre. Ce faitout sera id\u00e9al pour cuisiner tout vos plat sans efforts, compatible avec tout les feux: induction, vitro-c\u00e9ramique, gaz, \u00e9lectrique; passe \u00e9galement au lave vaisselle. Ce faitout sera \u00e9galement s\u2019adapter \u00e0 votre four et son couvercle avec son joint en silicone r\u00e9sistant jusqu\u2019\u00e0 280\u00b0 seront les amis de vos plats mijot\u00e9s. Contenance:6,2 [&hellip;]<\/p>\n","protected":false},"featured_media":1894,"comment_status":"open","ping_status":"closed","template":"","meta":[],"product_brand":[],"product_cat":[58],"product_tag":[],"class_list":{"0":"post-1895","1":"product","2":"type-product","3":"status-publish","4":"has-post-thumbnail","6":"product_cat-linges-de-lit","8":"first","9":"instock","10":"sale","11":"shipping-taxable","12":"purchasable","13":"product-type-simple"},"jetpack_sharing_enabled":true,"_links":{"self":[{"href":"https:\/\/www.bintoufaitout.com\/index.php\/wp-json\/wp\/v2\/product\/1895","targetHints":{"allow":["GET"]}}],"collection":[{"href":"https:\/\/www.bintoufaitout.com\/index.php\/wp-json\/wp\/v2\/product"}],"about":[{"href":"https:\/\/www.bintoufaitout.com\/index.php\/wp-json\/wp\/v2\/types\/product"}],"replies":[{"embeddable":true,"href":"https:\/\/www.bintoufaitout.com\/index.php\/wp-json\/wp\/v2\/comments?post=1895"}],"wp:featuredmedia":[{"embeddable":true,"href":"https:\/\/www.bintoufaitout.com\/index.php\/wp-json\/wp\/v2\/media\/1894"}],"wp:attachment":[{"href":"https:\/\/www.bintoufaitout.com\/index.php\/wp-json\/wp\/v2\/media?parent=1895"}],"wp:term":[{"taxonomy":"product_brand","embeddable":true,"href":"https:\/\/www.bintoufaitout.com\/index.php\/wp-json\/wp\/v2\/product_brand?post=1895"},{"taxonomy":"product_cat","embeddable":true,"href":"https:\/\/www.bintoufaitout.com\/index.php\/wp-json\/wp\/v2\/product_cat?post=1895"},{"taxonomy":"product_tag","embeddable":true,"href":"https:\/\/www.bintoufaitout.com\/index.php\/wp-json\/wp\/v2\/product_tag?post=1895"}],"curies":[{"name":"wp","href":"https:\/\/api.w.org\/{rel}","templated":true}]}}