{"id":1964,"date":"2025-08-20T21:46:52","date_gmt":"2025-08-20T19:46:52","guid":{"rendered":"https:\/\/www.bintoufaitout.com\/index.php\/produit\/grande-poele-nid-dabeille-32cm\/"},"modified":"2025-09-26T17:28:34","modified_gmt":"2025-09-26T15:28:34","slug":"grande-poele-nid-dabeille-32cm","status":"publish","type":"product","link":"https:\/\/www.bintoufaitout.com\/index.php\/produit\/grande-poele-nid-dabeille-32cm\/","title":{"rendered":"Grande po\u00eale nid d\u2019abeille 32cm"},"content":{"rendered":"<p>La nourriture est un \u00e9l\u00e9ment essentiel de la vie et nous fait nous sentir bien. Si vous aimez cuisiner, vous ne pouvez pas passer \u00e0 c\u00f4t\u00e9 de notre po\u00eale \u00e0 frire. Elle est fabriqu\u00e9e avec des mat\u00e9riaux de haute qualit\u00e9 et peut \u00eatre utilis\u00e9e pendant longtemps. Son excellente conductivit\u00e9 thermique vous aide \u00e0 am\u00e9liorer l&rsquo;efficacit\u00e9 de la cuisson, de sorte que le d\u00e9licieux voyage peut commencer rapidement. Avec une po\u00eale aussi belle et pratique, vous pourrez profiter du plaisir de cuisiner !<\/p>\n<p>Caract\u00e9ristiques importantes<\/p>\n<p>Bon mat\u00e9riau : l&rsquo;acier inoxydable de haute qualit\u00e9 et le proc\u00e9d\u00e9 d&rsquo;\u00e9tirage rendent ce produit r\u00e9sistant \u00e0 la corrosion, \u00e0 l&rsquo;usure et moins sensible \u00e0 la d\u00e9formation et \u00e0 la rouille, ce qui offre des performances stables et s\u00fbres pendant longtemps.<\/p>\n<p>Chauffage uniforme : l&rsquo;acier inoxydable \u00e0 bonne conductivit\u00e9 thermique et le fond plat permettent de chauffer le plat de mani\u00e8re plus uniforme et d&rsquo;\u00e9viter que la po\u00eale ne s&rsquo;encrasse trop facilement, ce qui permet m\u00eame aux d\u00e9butants de pr\u00e9parer un bon plat.<\/p>\n<p>Diam\u00e8tre : 32cm<\/p>\n","protected":false},"excerpt":{"rendered":"<p>La nourriture est un \u00e9l\u00e9ment essentiel de la vie et nous fait nous sentir bien. Si vous aimez cuisiner, vous ne pouvez pas passer \u00e0 c\u00f4t\u00e9 de notre po\u00eale \u00e0 frire. Elle est fabriqu\u00e9e avec des mat\u00e9riaux de haute qualit\u00e9 et peut \u00eatre utilis\u00e9e pendant longtemps. Son excellente conductivit\u00e9 thermique vous aide \u00e0 am\u00e9liorer l&rsquo;efficacit\u00e9 [&hellip;]<\/p>\n","protected":false},"featured_media":1962,"comment_status":"open","ping_status":"closed","template":"","meta":[],"product_brand":[],"product_cat":[58],"product_tag":[],"class_list":{"0":"post-1964","1":"product","2":"type-product","3":"status-publish","4":"has-post-thumbnail","6":"product_cat-linges-de-lit","8":"first","9":"outofstock","10":"shipping-taxable","11":"purchasable","12":"product-type-simple"},"jetpack_sharing_enabled":true,"_links":{"self":[{"href":"https:\/\/www.bintoufaitout.com\/index.php\/wp-json\/wp\/v2\/product\/1964","targetHints":{"allow":["GET"]}}],"collection":[{"href":"https:\/\/www.bintoufaitout.com\/index.php\/wp-json\/wp\/v2\/product"}],"about":[{"href":"https:\/\/www.bintoufaitout.com\/index.php\/wp-json\/wp\/v2\/types\/product"}],"replies":[{"embeddable":true,"href":"https:\/\/www.bintoufaitout.com\/index.php\/wp-json\/wp\/v2\/comments?post=1964"}],"wp:featuredmedia":[{"embeddable":true,"href":"https:\/\/www.bintoufaitout.com\/index.php\/wp-json\/wp\/v2\/media\/1962"}],"wp:attachment":[{"href":"https:\/\/www.bintoufaitout.com\/index.php\/wp-json\/wp\/v2\/media?parent=1964"}],"wp:term":[{"taxonomy":"product_brand","embeddable":true,"href":"https:\/\/www.bintoufaitout.com\/index.php\/wp-json\/wp\/v2\/product_brand?post=1964"},{"taxonomy":"product_cat","embeddable":true,"href":"https:\/\/www.bintoufaitout.com\/index.php\/wp-json\/wp\/v2\/product_cat?post=1964"},{"taxonomy":"product_tag","embeddable":true,"href":"https:\/\/www.bintoufaitout.com\/index.php\/wp-json\/wp\/v2\/product_tag?post=1964"}],"curies":[{"name":"wp","href":"https:\/\/api.w.org\/{rel}","templated":true}]}}