{"id":1975,"date":"2025-08-20T22:07:51","date_gmt":"2025-08-20T20:07:51","guid":{"rendered":"https:\/\/www.bintoufaitout.com\/index.php\/produit\/grand-faitout-carre\/"},"modified":"2025-08-20T22:07:54","modified_gmt":"2025-08-20T20:07:54","slug":"grand-faitout-carre","status":"publish","type":"product","link":"https:\/\/www.bintoufaitout.com\/index.php\/produit\/grand-faitout-carre\/","title":{"rendered":"Grand faitout carr\u00e9"},"content":{"rendered":"<p>Grand faitout carr\u00e9. 32 cm, tous feux dont induction va \u00e9galement dans le four, id\u00e9al pour faire des lasagnes ou d&rsquo;autres plats.<\/p>\n<p>Anti adh\u00e9rent facile \u00e0 nettoyer<\/p>\n","protected":false},"excerpt":{"rendered":"<p>Grand faitout carr\u00e9. 32 cm, tous feux dont induction va \u00e9galement dans le four, id\u00e9al pour faire des lasagnes ou d&rsquo;autres plats. Anti adh\u00e9rent facile \u00e0 nettoyer<\/p>\n","protected":false},"featured_media":1974,"comment_status":"open","ping_status":"closed","template":"","meta":[],"product_brand":[],"product_cat":[58],"product_tag":[],"class_list":{"0":"post-1975","1":"product","2":"type-product","3":"status-publish","4":"has-post-thumbnail","6":"product_cat-linges-de-lit","8":"first","9":"instock","10":"sale","11":"shipping-taxable","12":"purchasable","13":"product-type-simple"},"jetpack_sharing_enabled":true,"_links":{"self":[{"href":"https:\/\/www.bintoufaitout.com\/index.php\/wp-json\/wp\/v2\/product\/1975","targetHints":{"allow":["GET"]}}],"collection":[{"href":"https:\/\/www.bintoufaitout.com\/index.php\/wp-json\/wp\/v2\/product"}],"about":[{"href":"https:\/\/www.bintoufaitout.com\/index.php\/wp-json\/wp\/v2\/types\/product"}],"replies":[{"embeddable":true,"href":"https:\/\/www.bintoufaitout.com\/index.php\/wp-json\/wp\/v2\/comments?post=1975"}],"wp:featuredmedia":[{"embeddable":true,"href":"https:\/\/www.bintoufaitout.com\/index.php\/wp-json\/wp\/v2\/media\/1974"}],"wp:attachment":[{"href":"https:\/\/www.bintoufaitout.com\/index.php\/wp-json\/wp\/v2\/media?parent=1975"}],"wp:term":[{"taxonomy":"product_brand","embeddable":true,"href":"https:\/\/www.bintoufaitout.com\/index.php\/wp-json\/wp\/v2\/product_brand?post=1975"},{"taxonomy":"product_cat","embeddable":true,"href":"https:\/\/www.bintoufaitout.com\/index.php\/wp-json\/wp\/v2\/product_cat?post=1975"},{"taxonomy":"product_tag","embeddable":true,"href":"https:\/\/www.bintoufaitout.com\/index.php\/wp-json\/wp\/v2\/product_tag?post=1975"}],"curies":[{"name":"wp","href":"https:\/\/api.w.org\/{rel}","templated":true}]}}