{"id":1980,"date":"2025-08-20T22:13:55","date_gmt":"2025-08-20T20:13:55","guid":{"rendered":"https:\/\/www.bintoufaitout.com\/index.php\/produit\/hachoir-mixeur-4-pieces\/"},"modified":"2025-08-20T22:13:59","modified_gmt":"2025-08-20T20:13:59","slug":"hachoir-mixeur-4-pieces","status":"publish","type":"product","link":"https:\/\/www.bintoufaitout.com\/index.php\/produit\/hachoir-mixeur-4-pieces\/","title":{"rendered":"Hachoir \/ mixeur 4 pi\u00e8ces"},"content":{"rendered":"<div data-testid=\"product-description\" class=\"flex gap-6 overflow-hidden transition-[max-height] duration-300 pb-3 max-h-[1500px]\" style=\"--tw-border-spacing-x: 0;--tw-border-spacing-y: 0;--tw-translate-x: 0;--tw-translate-y: 0;--tw-rotate: 0;--tw-skew-x: 0;--tw-skew-y: 0;--tw-scale-x: 1;--tw-scale-y: 1;--tw-pan-x;--tw-pan-y;--tw-pinch-zoom;--tw-scroll-snap-strictness: proximity;--tw-gradient-from-position;--tw-gradient-via-position;--tw-gradient-to-position;--tw-ordinal;--tw-slashed-zero;--tw-numeric-figure;--tw-numeric-spacing;--tw-numeric-fraction;--tw-ring-inset;--tw-ring-offset-width: 0px;--tw-ring-offset-color: #fff;--tw-ring-offset-shadow: 0 0 #0000;--tw-ring-shadow: 0 0 #0000;--tw-shadow: 0 0 #0000;--tw-shadow-colored: 0 0 #0000;--tw-blur;--tw-brightness;--tw-contrast;--tw-grayscale;--tw-hue-rotate;--tw-invert;--tw-saturate;--tw-sepia;--tw-drop-shadow;--tw-backdrop-blur;--tw-backdrop-brightness;--tw-backdrop-contrast;--tw-backdrop-grayscale;--tw-backdrop-hue-rotate;--tw-backdrop-invert;--tw-backdrop-opacity;--tw-backdrop-saturate;--tw-backdrop-sepia;--tw-contain-size;--tw-contain-layout;--tw-contain-paint;--tw-contain-style;max-height: 1500px;gap: 1.5rem;overflow: hidden;padding-bottom: 0.75rem;font-family: Lato, sans-serif;font-size: 16px;font-style: normal;font-weight: 400;letter-spacing: normal;text-align: start;text-indent: 0px;text-transform: none;text-decoration: none\">\n<div class=\"relative flex flex-col gap-3\" style=\"--tw-border-spacing-x: 0;--tw-border-spacing-y: 0;--tw-translate-x: 0;--tw-translate-y: 0;--tw-rotate: 0;--tw-skew-x: 0;--tw-skew-y: 0;--tw-scale-x: 1;--tw-scale-y: 1;--tw-pan-x;--tw-pan-y;--tw-pinch-zoom;--tw-scroll-snap-strictness: proximity;--tw-gradient-from-position;--tw-gradient-via-position;--tw-gradient-to-position;--tw-ordinal;--tw-slashed-zero;--tw-numeric-figure;--tw-numeric-spacing;--tw-numeric-fraction;--tw-ring-inset;--tw-ring-offset-width: 0px;--tw-ring-offset-color: #fff;--tw-ring-offset-shadow: 0 0 #0000;--tw-ring-shadow: 0 0 #0000;--tw-shadow: 0 0 #0000;--tw-shadow-colored: 0 0 #0000;--tw-blur;--tw-brightness;--tw-contrast;--tw-grayscale;--tw-hue-rotate;--tw-invert;--tw-saturate;--tw-sepia;--tw-drop-shadow;--tw-backdrop-blur;--tw-backdrop-brightness;--tw-backdrop-contrast;--tw-backdrop-grayscale;--tw-backdrop-hue-rotate;--tw-backdrop-invert;--tw-backdrop-opacity;--tw-backdrop-saturate;--tw-backdrop-sepia;--tw-contain-size;--tw-contain-layout;--tw-contain-paint;--tw-contain-style;position: relative;flex-direction: column;gap: 0.75rem\">\n<div class=\"text-blue-shade-60 leading-5\" style=\"--tw-border-spacing-x: 0;--tw-border-spacing-y: 0;--tw-translate-x: 0;--tw-translate-y: 0;--tw-rotate: 0;--tw-skew-x: 0;--tw-skew-y: 0;--tw-scale-x: 1;--tw-scale-y: 1;--tw-pan-x;--tw-pan-y;--tw-pinch-zoom;--tw-scroll-snap-strictness: proximity;--tw-gradient-from-position;--tw-gradient-via-position;--tw-gradient-to-position;--tw-ordinal;--tw-slashed-zero;--tw-numeric-figure;--tw-numeric-spacing;--tw-numeric-fraction;--tw-ring-inset;--tw-ring-offset-width: 0px;--tw-ring-offset-color: #fff;--tw-ring-offset-shadow: 0 0 #0000;--tw-ring-shadow: 0 0 #0000;--tw-shadow: 0 0 #0000;--tw-shadow-colored: 0 0 #0000;--tw-blur;--tw-brightness;--tw-contrast;--tw-grayscale;--tw-hue-rotate;--tw-invert;--tw-saturate;--tw-sepia;--tw-drop-shadow;--tw-backdrop-blur;--tw-backdrop-brightness;--tw-backdrop-contrast;--tw-backdrop-grayscale;--tw-backdrop-hue-rotate;--tw-backdrop-invert;--tw-backdrop-opacity;--tw-backdrop-saturate;--tw-backdrop-sepia;--tw-contain-size;--tw-contain-layout;--tw-contain-paint;--tw-contain-style;line-height: 1.25rem;--tw-text-opacity: 1\">\n<div class=\"\" style=\"--tw-border-spacing-x: 0;--tw-border-spacing-y: 0;--tw-translate-x: 0;--tw-translate-y: 0;--tw-rotate: 0;--tw-skew-x: 0;--tw-skew-y: 0;--tw-scale-x: 1;--tw-scale-y: 1;--tw-pan-x;--tw-pan-y;--tw-pinch-zoom;--tw-scroll-snap-strictness: proximity;--tw-gradient-from-position;--tw-gradient-via-position;--tw-gradient-to-position;--tw-ordinal;--tw-slashed-zero;--tw-numeric-figure;--tw-numeric-spacing;--tw-numeric-fraction;--tw-ring-inset;--tw-ring-offset-width: 0px;--tw-ring-offset-color: #fff;--tw-ring-offset-shadow: 0 0 #0000;--tw-ring-shadow: 0 0 #0000;--tw-shadow: 0 0 #0000;--tw-shadow-colored: 0 0 #0000;--tw-blur;--tw-brightness;--tw-contrast;--tw-grayscale;--tw-hue-rotate;--tw-invert;--tw-saturate;--tw-sepia;--tw-drop-shadow;--tw-backdrop-blur;--tw-backdrop-brightness;--tw-backdrop-contrast;--tw-backdrop-grayscale;--tw-backdrop-hue-rotate;--tw-backdrop-invert;--tw-backdrop-opacity;--tw-backdrop-saturate;--tw-backdrop-sepia;--tw-contain-size;--tw-contain-layout;--tw-contain-paint;--tw-contain-style\">\n<ul class=\"ml-2 pl-3 mb-0 list-outside list-disc not-prose marker:text-metro-blue-tint-20 md:hidden\" style=\"--tw-border-spacing-x: 0;--tw-border-spacing-y: 0;--tw-translate-x: 0;--tw-translate-y: 0;--tw-rotate: 0;--tw-skew-x: 0;--tw-skew-y: 0;--tw-scale-x: 1;--tw-scale-y: 1;--tw-pan-x;--tw-pan-y;--tw-pinch-zoom;--tw-scroll-snap-strictness: proximity;--tw-gradient-from-position;--tw-gradient-via-position;--tw-gradient-to-position;--tw-ordinal;--tw-slashed-zero;--tw-numeric-figure;--tw-numeric-spacing;--tw-numeric-fraction;--tw-ring-inset;--tw-ring-offset-width: 0px;--tw-ring-offset-color: #fff;--tw-ring-offset-shadow: 0 0 #0000;--tw-ring-shadow: 0 0 #0000;--tw-shadow: 0 0 #0000;--tw-shadow-colored: 0 0 #0000;--tw-blur;--tw-brightness;--tw-contrast;--tw-grayscale;--tw-hue-rotate;--tw-invert;--tw-saturate;--tw-sepia;--tw-drop-shadow;--tw-backdrop-blur;--tw-backdrop-brightness;--tw-backdrop-contrast;--tw-backdrop-grayscale;--tw-backdrop-hue-rotate;--tw-backdrop-invert;--tw-backdrop-opacity;--tw-backdrop-saturate;--tw-backdrop-sepia;--tw-contain-size;--tw-contain-layout;--tw-contain-paint;--tw-contain-style;margin: 0px 0px 0px 0.5rem;padding: 0px 0px 0px 0.75rem\">\n<li class=\"text-base my-0 ml-[5px] pl-0 leading-6 text-metro-blue-tint-20\" style=\"--tw-border-spacing-x: 0;--tw-border-spacing-y: 0;--tw-translate-x: 0;--tw-translate-y: 0;--tw-rotate: 0;--tw-skew-x: 0;--tw-skew-y: 0;--tw-scale-x: 1;--tw-scale-y: 1;--tw-pan-x;--tw-pan-y;--tw-pinch-zoom;--tw-scroll-snap-strictness: proximity;--tw-gradient-from-position;--tw-gradient-via-position;--tw-gradient-to-position;--tw-ordinal;--tw-slashed-zero;--tw-numeric-figure;--tw-numeric-spacing;--tw-numeric-fraction;--tw-ring-inset;--tw-ring-offset-width: 0px;--tw-ring-offset-color: #fff;--tw-ring-offset-shadow: 0 0 #0000;--tw-ring-shadow: 0 0 #0000;--tw-shadow: 0 0 #0000;--tw-shadow-colored: 0 0 #0000;--tw-blur;--tw-brightness;--tw-contrast;--tw-grayscale;--tw-hue-rotate;--tw-invert;--tw-saturate;--tw-sepia;--tw-drop-shadow;--tw-backdrop-blur;--tw-backdrop-brightness;--tw-backdrop-contrast;--tw-backdrop-grayscale;--tw-backdrop-hue-rotate;--tw-backdrop-invert;--tw-backdrop-opacity;--tw-backdrop-saturate;--tw-backdrop-sepia;--tw-contain-size;--tw-contain-layout;--tw-contain-paint;--tw-contain-style;margin-top: 0px;margin-bottom: 0px;margin-left: 5px;padding-left: 0px;font-size: 14px;line-height: 1.5rem;--tw-text-opacity: 1\">\n<div class=\"text-ellipsis text-blue-shade-60\" style=\"--tw-border-spacing-x: 0;--tw-border-spacing-y: 0;--tw-translate-x: 0;--tw-translate-y: 0;--tw-rotate: 0;--tw-skew-x: 0;--tw-skew-y: 0;--tw-scale-x: 1;--tw-scale-y: 1;--tw-pan-x;--tw-pan-y;--tw-pinch-zoom;--tw-scroll-snap-strictness: proximity;--tw-gradient-from-position;--tw-gradient-via-position;--tw-gradient-to-position;--tw-ordinal;--tw-slashed-zero;--tw-numeric-figure;--tw-numeric-spacing;--tw-numeric-fraction;--tw-ring-inset;--tw-ring-offset-width: 0px;--tw-ring-offset-color: #fff;--tw-ring-offset-shadow: 0 0 #0000;--tw-ring-shadow: 0 0 #0000;--tw-shadow: 0 0 #0000;--tw-shadow-colored: 0 0 #0000;--tw-blur;--tw-brightness;--tw-contrast;--tw-grayscale;--tw-hue-rotate;--tw-invert;--tw-saturate;--tw-sepia;--tw-drop-shadow;--tw-backdrop-blur;--tw-backdrop-brightness;--tw-backdrop-contrast;--tw-backdrop-grayscale;--tw-backdrop-hue-rotate;--tw-backdrop-invert;--tw-backdrop-opacity;--tw-backdrop-saturate;--tw-backdrop-sepia;--tw-contain-size;--tw-contain-layout;--tw-contain-paint;--tw-contain-style;--tw-text-opacity: 1\">Vitesse r\u00e9glable en continu 730 -14000 tr\/min<\/div>\n<\/li>\n<li class=\"text-base my-0 ml-[5px] pl-0 leading-6 text-metro-blue-tint-20\" style=\"--tw-border-spacing-x: 0;--tw-border-spacing-y: 0;--tw-translate-x: 0;--tw-translate-y: 0;--tw-rotate: 0;--tw-skew-x: 0;--tw-skew-y: 0;--tw-scale-x: 1;--tw-scale-y: 1;--tw-pan-x;--tw-pan-y;--tw-pinch-zoom;--tw-scroll-snap-strictness: proximity;--tw-gradient-from-position;--tw-gradient-via-position;--tw-gradient-to-position;--tw-ordinal;--tw-slashed-zero;--tw-numeric-figure;--tw-numeric-spacing;--tw-numeric-fraction;--tw-ring-inset;--tw-ring-offset-width: 0px;--tw-ring-offset-color: #fff;--tw-ring-offset-shadow: 0 0 #0000;--tw-ring-shadow: 0 0 #0000;--tw-shadow: 0 0 #0000;--tw-shadow-colored: 0 0 #0000;--tw-blur;--tw-brightness;--tw-contrast;--tw-grayscale;--tw-hue-rotate;--tw-invert;--tw-saturate;--tw-sepia;--tw-drop-shadow;--tw-backdrop-blur;--tw-backdrop-brightness;--tw-backdrop-contrast;--tw-backdrop-grayscale;--tw-backdrop-hue-rotate;--tw-backdrop-invert;--tw-backdrop-opacity;--tw-backdrop-saturate;--tw-backdrop-sepia;--tw-contain-size;--tw-contain-layout;--tw-contain-paint;--tw-contain-style;margin-top: 0px;margin-bottom: 0px;margin-left: 5px;padding-left: 0px;font-size: 14px;line-height: 1.5rem;--tw-text-opacity: 1\">\n<div class=\"text-ellipsis text-blue-shade-60\" style=\"--tw-border-spacing-x: 0;--tw-border-spacing-y: 0;--tw-translate-x: 0;--tw-translate-y: 0;--tw-rotate: 0;--tw-skew-x: 0;--tw-skew-y: 0;--tw-scale-x: 1;--tw-scale-y: 1;--tw-pan-x;--tw-pan-y;--tw-pinch-zoom;--tw-scroll-snap-strictness: proximity;--tw-gradient-from-position;--tw-gradient-via-position;--tw-gradient-to-position;--tw-ordinal;--tw-slashed-zero;--tw-numeric-figure;--tw-numeric-spacing;--tw-numeric-fraction;--tw-ring-inset;--tw-ring-offset-width: 0px;--tw-ring-offset-color: #fff;--tw-ring-offset-shadow: 0 0 #0000;--tw-ring-shadow: 0 0 #0000;--tw-shadow: 0 0 #0000;--tw-shadow-colored: 0 0 #0000;--tw-blur;--tw-brightness;--tw-contrast;--tw-grayscale;--tw-hue-rotate;--tw-invert;--tw-saturate;--tw-sepia;--tw-drop-shadow;--tw-backdrop-blur;--tw-backdrop-brightness;--tw-backdrop-contrast;--tw-backdrop-grayscale;--tw-backdrop-hue-rotate;--tw-backdrop-invert;--tw-backdrop-opacity;--tw-backdrop-saturate;--tw-backdrop-sepia;--tw-contain-size;--tw-contain-layout;--tw-contain-paint;--tw-contain-style;--tw-text-opacity: 1\">Arbre en acier inoxydable amovible pour un nettoyage facile<\/div>\n<\/li>\n<li class=\"text-base my-0 ml-[5px] pl-0 leading-6 text-metro-blue-tint-20\" style=\"--tw-border-spacing-x: 0;--tw-border-spacing-y: 0;--tw-translate-x: 0;--tw-translate-y: 0;--tw-rotate: 0;--tw-skew-x: 0;--tw-skew-y: 0;--tw-scale-x: 1;--tw-scale-y: 1;--tw-pan-x;--tw-pan-y;--tw-pinch-zoom;--tw-scroll-snap-strictness: proximity;--tw-gradient-from-position;--tw-gradient-via-position;--tw-gradient-to-position;--tw-ordinal;--tw-slashed-zero;--tw-numeric-figure;--tw-numeric-spacing;--tw-numeric-fraction;--tw-ring-inset;--tw-ring-offset-width: 0px;--tw-ring-offset-color: #fff;--tw-ring-offset-shadow: 0 0 #0000;--tw-ring-shadow: 0 0 #0000;--tw-shadow: 0 0 #0000;--tw-shadow-colored: 0 0 #0000;--tw-blur;--tw-brightness;--tw-contrast;--tw-grayscale;--tw-hue-rotate;--tw-invert;--tw-saturate;--tw-sepia;--tw-drop-shadow;--tw-backdrop-blur;--tw-backdrop-brightness;--tw-backdrop-contrast;--tw-backdrop-grayscale;--tw-backdrop-hue-rotate;--tw-backdrop-invert;--tw-backdrop-opacity;--tw-backdrop-saturate;--tw-backdrop-sepia;--tw-contain-size;--tw-contain-layout;--tw-contain-paint;--tw-contain-style;margin-top: 0px;margin-bottom: 0px;margin-left: 5px;padding-left: 0px;font-size: 14px;line-height: 1.5rem;--tw-text-opacity: 1\">\n<div class=\"text-ellipsis text-blue-shade-60\" style=\"--tw-border-spacing-x: 0;--tw-border-spacing-y: 0;--tw-translate-x: 0;--tw-translate-y: 0;--tw-rotate: 0;--tw-skew-x: 0;--tw-skew-y: 0;--tw-scale-x: 1;--tw-scale-y: 1;--tw-pan-x;--tw-pan-y;--tw-pinch-zoom;--tw-scroll-snap-strictness: proximity;--tw-gradient-from-position;--tw-gradient-via-position;--tw-gradient-to-position;--tw-ordinal;--tw-slashed-zero;--tw-numeric-figure;--tw-numeric-spacing;--tw-numeric-fraction;--tw-ring-inset;--tw-ring-offset-width: 0px;--tw-ring-offset-color: #fff;--tw-ring-offset-shadow: 0 0 #0000;--tw-ring-shadow: 0 0 #0000;--tw-shadow: 0 0 #0000;--tw-shadow-colored: 0 0 #0000;--tw-blur;--tw-brightness;--tw-contrast;--tw-grayscale;--tw-hue-rotate;--tw-invert;--tw-saturate;--tw-sepia;--tw-drop-shadow;--tw-backdrop-blur;--tw-backdrop-brightness;--tw-backdrop-contrast;--tw-backdrop-grayscale;--tw-backdrop-hue-rotate;--tw-backdrop-invert;--tw-backdrop-opacity;--tw-backdrop-saturate;--tw-backdrop-sepia;--tw-contain-size;--tw-contain-layout;--tw-contain-paint;--tw-contain-style;--tw-text-opacity: 1\">2 lames en acier inoxydable, \u00d8 4.84 cm<\/div>\n<\/li>\n<li class=\"text-base my-0 ml-[5px] pl-0 leading-6 text-metro-blue-tint-20\" style=\"--tw-border-spacing-x: 0;--tw-border-spacing-y: 0;--tw-translate-x: 0;--tw-translate-y: 0;--tw-rotate: 0;--tw-skew-x: 0;--tw-skew-y: 0;--tw-scale-x: 1;--tw-scale-y: 1;--tw-pan-x;--tw-pan-y;--tw-pinch-zoom;--tw-scroll-snap-strictness: proximity;--tw-gradient-from-position;--tw-gradient-via-position;--tw-gradient-to-position;--tw-ordinal;--tw-slashed-zero;--tw-numeric-figure;--tw-numeric-spacing;--tw-numeric-fraction;--tw-ring-inset;--tw-ring-offset-width: 0px;--tw-ring-offset-color: #fff;--tw-ring-offset-shadow: 0 0 #0000;--tw-ring-shadow: 0 0 #0000;--tw-shadow: 0 0 #0000;--tw-shadow-colored: 0 0 #0000;--tw-blur;--tw-brightness;--tw-contrast;--tw-grayscale;--tw-hue-rotate;--tw-invert;--tw-saturate;--tw-sepia;--tw-drop-shadow;--tw-backdrop-blur;--tw-backdrop-brightness;--tw-backdrop-contrast;--tw-backdrop-grayscale;--tw-backdrop-hue-rotate;--tw-backdrop-invert;--tw-backdrop-opacity;--tw-backdrop-saturate;--tw-backdrop-sepia;--tw-contain-size;--tw-contain-layout;--tw-contain-paint;--tw-contain-style;margin-top: 0px;margin-bottom: 0px;margin-left: 5px;padding-left: 0px;font-size: 14px;line-height: 1.5rem;--tw-text-opacity: 1\">\n<div class=\"text-ellipsis text-blue-shade-60\" style=\"--tw-border-spacing-x: 0;--tw-border-spacing-y: 0;--tw-translate-x: 0;--tw-translate-y: 0;--tw-rotate: 0;--tw-skew-x: 0;--tw-skew-y: 0;--tw-scale-x: 1;--tw-scale-y: 1;--tw-pan-x;--tw-pan-y;--tw-pinch-zoom;--tw-scroll-snap-strictness: proximity;--tw-gradient-from-position;--tw-gradient-via-position;--tw-gradient-to-position;--tw-ordinal;--tw-slashed-zero;--tw-numeric-figure;--tw-numeric-spacing;--tw-numeric-fraction;--tw-ring-inset;--tw-ring-offset-width: 0px;--tw-ring-offset-color: #fff;--tw-ring-offset-shadow: 0 0 #0000;--tw-ring-shadow: 0 0 #0000;--tw-shadow: 0 0 #0000;--tw-shadow-colored: 0 0 #0000;--tw-blur;--tw-brightness;--tw-contrast;--tw-grayscale;--tw-hue-rotate;--tw-invert;--tw-saturate;--tw-sepia;--tw-drop-shadow;--tw-backdrop-blur;--tw-backdrop-brightness;--tw-backdrop-contrast;--tw-backdrop-grayscale;--tw-backdrop-hue-rotate;--tw-backdrop-invert;--tw-backdrop-opacity;--tw-backdrop-saturate;--tw-backdrop-sepia;--tw-contain-size;--tw-contain-layout;--tw-contain-paint;--tw-contain-style;--tw-text-opacity: 1\">Inclus : hachoir de 500 ml, bol doseur de 700 ml, accessoire fouet<\/div>\n<\/li>\n<li class=\"text-base my-0 ml-[5px] pl-0 leading-6 text-metro-blue-tint-20\" style=\"--tw-border-spacing-x: 0;--tw-border-spacing-y: 0;--tw-translate-x: 0;--tw-translate-y: 0;--tw-rotate: 0;--tw-skew-x: 0;--tw-skew-y: 0;--tw-scale-x: 1;--tw-scale-y: 1;--tw-pan-x;--tw-pan-y;--tw-pinch-zoom;--tw-scroll-snap-strictness: proximity;--tw-gradient-from-position;--tw-gradient-via-position;--tw-gradient-to-position;--tw-ordinal;--tw-slashed-zero;--tw-numeric-figure;--tw-numeric-spacing;--tw-numeric-fraction;--tw-ring-inset;--tw-ring-offset-width: 0px;--tw-ring-offset-color: #fff;--tw-ring-offset-shadow: 0 0 #0000;--tw-ring-shadow: 0 0 #0000;--tw-shadow: 0 0 #0000;--tw-shadow-colored: 0 0 #0000;--tw-blur;--tw-brightness;--tw-contrast;--tw-grayscale;--tw-hue-rotate;--tw-invert;--tw-saturate;--tw-sepia;--tw-drop-shadow;--tw-backdrop-blur;--tw-backdrop-brightness;--tw-backdrop-contrast;--tw-backdrop-grayscale;--tw-backdrop-hue-rotate;--tw-backdrop-invert;--tw-backdrop-opacity;--tw-backdrop-saturate;--tw-backdrop-sepia;--tw-contain-size;--tw-contain-layout;--tw-contain-paint;--tw-contain-style;margin-top: 0px;margin-bottom: 0px;margin-left: 5px;padding-left: 0px;font-size: 14px;line-height: 1.5rem;--tw-text-opacity: 1\">\n<div class=\"text-ellipsis text-blue-shade-60\" style=\"--tw-border-spacing-x: 0;--tw-border-spacing-y: 0;--tw-translate-x: 0;--tw-translate-y: 0;--tw-rotate: 0;--tw-skew-x: 0;--tw-skew-y: 0;--tw-scale-x: 1;--tw-scale-y: 1;--tw-pan-x;--tw-pan-y;--tw-pinch-zoom;--tw-scroll-snap-strictness: proximity;--tw-gradient-from-position;--tw-gradient-via-position;--tw-gradient-to-position;--tw-ordinal;--tw-slashed-zero;--tw-numeric-figure;--tw-numeric-spacing;--tw-numeric-fraction;--tw-ring-inset;--tw-ring-offset-width: 0px;--tw-ring-offset-color: #fff;--tw-ring-offset-shadow: 0 0 #0000;--tw-ring-shadow: 0 0 #0000;--tw-shadow: 0 0 #0000;--tw-shadow-colored: 0 0 #0000;--tw-blur;--tw-brightness;--tw-contrast;--tw-grayscale;--tw-hue-rotate;--tw-invert;--tw-saturate;--tw-sepia;--tw-drop-shadow;--tw-backdrop-blur;--tw-backdrop-brightness;--tw-backdrop-contrast;--tw-backdrop-grayscale;--tw-backdrop-hue-rotate;--tw-backdrop-invert;--tw-backdrop-opacity;--tw-backdrop-saturate;--tw-backdrop-sepia;--tw-contain-size;--tw-contain-layout;--tw-contain-paint;--tw-contain-style;--tw-text-opacity: 1\">Les accessoires passent au lave-vaisselle (hachoir, gobelet gradu\u00e9, accessoire pour fouet)<\/div>\n<\/li>\n<\/ul>\n<\/div>\n<div class=\"!prose !text-primary-main !text-[14px] text-ellipsis mt-2\" style=\"--tw-border-spacing-x: 0;--tw-border-spacing-y: 0;--tw-translate-x: 0;--tw-translate-y: 0;--tw-rotate: 0;--tw-skew-x: 0;--tw-skew-y: 0;--tw-scale-x: 1;--tw-scale-y: 1;--tw-pan-x;--tw-pan-y;--tw-pinch-zoom;--tw-scroll-snap-strictness: proximity;--tw-gradient-from-position;--tw-gradient-via-position;--tw-gradient-to-position;--tw-ordinal;--tw-slashed-zero;--tw-numeric-figure;--tw-numeric-spacing;--tw-numeric-fraction;--tw-ring-inset;--tw-ring-offset-width: 0px;--tw-ring-offset-color: #fff;--tw-ring-offset-shadow: 0 0 #0000;--tw-ring-shadow: 0 0 #0000;--tw-shadow: 0 0 #0000;--tw-shadow-colored: 0 0 #0000;--tw-blur;--tw-brightness;--tw-contrast;--tw-grayscale;--tw-hue-rotate;--tw-invert;--tw-saturate;--tw-sepia;--tw-drop-shadow;--tw-backdrop-blur;--tw-backdrop-brightness;--tw-backdrop-contrast;--tw-backdrop-grayscale;--tw-backdrop-hue-rotate;--tw-backdrop-invert;--tw-backdrop-opacity;--tw-backdrop-saturate;--tw-backdrop-sepia;--tw-contain-size;--tw-contain-layout;--tw-contain-paint;--tw-contain-style;--tw-prose-body: #374151 !important;--tw-prose-headings: #111827 !important;--tw-prose-lead: #4b5563 !important;--tw-prose-links: #111827 !important;--tw-prose-bold: #111827 !important;--tw-prose-counters: #6b7280 !important;--tw-prose-bullets: #d1d5db !important;--tw-prose-hr: #e5e7eb !important;--tw-prose-quotes: #111827 !important;--tw-prose-quote-borders: #e5e7eb !important;--tw-prose-captions: #6b7280 !important;--tw-prose-kbd: #111827 !important;--tw-prose-kbd-shadows: 17 24 39 !important;--tw-prose-code: #111827 !important;--tw-prose-pre-code: #e5e7eb !important;--tw-prose-pre-bg: #1f2937 !important;--tw-prose-th-borders: #d1d5db !important;--tw-prose-td-borders: #e5e7eb !important;--tw-prose-invert-body: #d1d5db !important;--tw-prose-invert-headings: #fff !important;--tw-prose-invert-lead: #9ca3af !important;--tw-prose-invert-links: #fff !important;--tw-prose-invert-bold: #fff !important;--tw-prose-invert-counters: #9ca3af !important;--tw-prose-invert-bullets: #4b5563 !important;--tw-prose-invert-hr: #374151 !important;--tw-prose-invert-quotes: #f3f4f6 !important;--tw-prose-invert-quote-borders: #374151 !important;--tw-prose-invert-captions: #9ca3af !important;--tw-prose-invert-kbd: #fff !important;--tw-prose-invert-kbd-shadows: 255 255 255 !important;--tw-prose-invert-code: #fff !important;--tw-prose-invert-pre-code: #d1d5db !important;--tw-prose-invert-th-borders: #4b5563 !important;--tw-prose-invert-td-borders: #374151 !important;font-size: 14px !important;line-height: 1.75 !important;font-family: Lato, sans-serif !important;margin-top: 0.5rem;--tw-text-opacity: 1 !important\">Le set de mixeurs plongeants de Tarrington House est id\u00e9al pour hacher, m\u00e9langer, r\u00e9duire en pur\u00e9e et battre les aliments faciles \u00e0 traiter. Le set se compose des \u00e9l\u00e9ments suivants : Mixeur plongeant, hachoir de 500 ml, gobelet doseur de 700 ml, accessoire pour fouet. La vitesse est r\u00e9glable en continu sur une plage de 730 \u00e0 14000 tr\/min. Les lames sont en acier inoxydable et la puissance est de 1000 W. L&rsquo;arbre en acier inoxydable est facilement amovible et les accessoires sont lavables au lave-vaisselle.<\/div>\n<\/div>\n<\/div>\n<\/div>\n","protected":false},"excerpt":{"rendered":"<p>Vitesse r\u00e9glable en continu 730 -14000 tr\/min Arbre en acier inoxydable amovible pour un nettoyage facile 2 lames en acier inoxydable, \u00d8 4.84 cm Inclus : hachoir de 500 ml, bol doseur de 700 ml, accessoire fouet Les accessoires passent au lave-vaisselle (hachoir, gobelet gradu\u00e9, accessoire pour fouet) Le set de mixeurs plongeants de Tarrington [&hellip;]<\/p>\n","protected":false},"featured_media":1977,"comment_status":"open","ping_status":"closed","template":"","meta":[],"product_brand":[],"product_cat":[58],"product_tag":[],"class_list":{"0":"post-1980","1":"product","2":"type-product","3":"status-publish","4":"has-post-thumbnail","6":"product_cat-linges-de-lit","8":"first","9":"instock","10":"sale","11":"shipping-taxable","12":"purchasable","13":"product-type-simple"},"jetpack_sharing_enabled":true,"_links":{"self":[{"href":"https:\/\/www.bintoufaitout.com\/index.php\/wp-json\/wp\/v2\/product\/1980","targetHints":{"allow":["GET"]}}],"collection":[{"href":"https:\/\/www.bintoufaitout.com\/index.php\/wp-json\/wp\/v2\/product"}],"about":[{"href":"https:\/\/www.bintoufaitout.com\/index.php\/wp-json\/wp\/v2\/types\/product"}],"replies":[{"embeddable":true,"href":"https:\/\/www.bintoufaitout.com\/index.php\/wp-json\/wp\/v2\/comments?post=1980"}],"wp:featuredmedia":[{"embeddable":true,"href":"https:\/\/www.bintoufaitout.com\/index.php\/wp-json\/wp\/v2\/media\/1977"}],"wp:attachment":[{"href":"https:\/\/www.bintoufaitout.com\/index.php\/wp-json\/wp\/v2\/media?parent=1980"}],"wp:term":[{"taxonomy":"product_brand","embeddable":true,"href":"https:\/\/www.bintoufaitout.com\/index.php\/wp-json\/wp\/v2\/product_brand?post=1980"},{"taxonomy":"product_cat","embeddable":true,"href":"https:\/\/www.bintoufaitout.com\/index.php\/wp-json\/wp\/v2\/product_cat?post=1980"},{"taxonomy":"product_tag","embeddable":true,"href":"https:\/\/www.bintoufaitout.com\/index.php\/wp-json\/wp\/v2\/product_tag?post=1980"}],"curies":[{"name":"wp","href":"https:\/\/api.w.org\/{rel}","templated":true}]}}