{"id":201,"date":"2023-03-10T23:05:16","date_gmt":"2023-03-10T22:05:16","guid":{"rendered":"http:\/\/www.bintoufaitout.com\/?post_type=product&#038;p=201"},"modified":"2023-03-10T23:05:17","modified_gmt":"2023-03-10T22:05:17","slug":"sautoir-en-pierre-noir","status":"publish","type":"product","link":"https:\/\/www.bintoufaitout.com\/index.php\/produit\/sautoir-en-pierre-noir\/","title":{"rendered":"Sautoir en pierre noir"},"content":{"rendered":"<p>Ce sautoir sera votre compagnon id\u00e9al pour cuisiner tout type d\u2019aliments. Son rev\u00eatement en pierre vous permettra enfin de prendre soin de votre sant\u00e9 afin de cuisiner sans aucune mati\u00e8re grasse. Il est capable d\u2019aller sur tout type de feux que se soit de l\u2019induction, du gaz, de l\u2019\u00e9lectrique ou de la vitro-c\u00e9ramique.<br \/>\nVa \u00e9galement au four<\/p>\n","protected":false},"excerpt":{"rendered":"<p>Ce sautoir sera votre compagnon id\u00e9al pour cuisiner tout type d\u2019aliments. Son rev\u00eatement en pierre vous permettra enfin de prendre soin de votre sant\u00e9 afin de cuisiner sans aucune mati\u00e8re grasse. Il est capable d\u2019aller sur tout type de feux que se soit de l\u2019induction, du gaz, de l\u2019\u00e9lectrique ou de la vitro-c\u00e9ramique. Va \u00e9galement [&hellip;]<\/p>\n","protected":false},"featured_media":202,"comment_status":"open","ping_status":"closed","template":"","meta":[],"product_brand":[],"product_cat":[23],"product_tag":[],"class_list":{"0":"post-201","1":"product","2":"type-product","3":"status-publish","4":"has-post-thumbnail","6":"product_cat-ustensiles-cuisine","8":"first","9":"instock","10":"shipping-taxable","11":"purchasable","12":"product-type-variable"},"jetpack_sharing_enabled":true,"_links":{"self":[{"href":"https:\/\/www.bintoufaitout.com\/index.php\/wp-json\/wp\/v2\/product\/201","targetHints":{"allow":["GET"]}}],"collection":[{"href":"https:\/\/www.bintoufaitout.com\/index.php\/wp-json\/wp\/v2\/product"}],"about":[{"href":"https:\/\/www.bintoufaitout.com\/index.php\/wp-json\/wp\/v2\/types\/product"}],"replies":[{"embeddable":true,"href":"https:\/\/www.bintoufaitout.com\/index.php\/wp-json\/wp\/v2\/comments?post=201"}],"wp:featuredmedia":[{"embeddable":true,"href":"https:\/\/www.bintoufaitout.com\/index.php\/wp-json\/wp\/v2\/media\/202"}],"wp:attachment":[{"href":"https:\/\/www.bintoufaitout.com\/index.php\/wp-json\/wp\/v2\/media?parent=201"}],"wp:term":[{"taxonomy":"product_brand","embeddable":true,"href":"https:\/\/www.bintoufaitout.com\/index.php\/wp-json\/wp\/v2\/product_brand?post=201"},{"taxonomy":"product_cat","embeddable":true,"href":"https:\/\/www.bintoufaitout.com\/index.php\/wp-json\/wp\/v2\/product_cat?post=201"},{"taxonomy":"product_tag","embeddable":true,"href":"https:\/\/www.bintoufaitout.com\/index.php\/wp-json\/wp\/v2\/product_tag?post=201"}],"curies":[{"name":"wp","href":"https:\/\/api.w.org\/{rel}","templated":true}]}}