{"id":2030,"date":"2025-09-11T09:55:18","date_gmt":"2025-09-11T07:55:18","guid":{"rendered":"https:\/\/www.bintoufaitout.com\/index.php\/produit\/machine-a-panini-grill\/"},"modified":"2025-11-28T20:40:30","modified_gmt":"2025-11-28T19:40:30","slug":"machine-a-panini-grill","status":"publish","type":"product","link":"https:\/\/www.bintoufaitout.com\/index.php\/produit\/machine-a-panini-grill\/","title":{"rendered":"Machine \u00e0 panini\/grill"},"content":{"rendered":"<ul class=\"a-unordered-list a-vertical a-spacing-none\">\n<li class=\"a-spacing-mini\" style=\"margin: 0px\"><span class=\"a-list-item\">Gril \u00e9lectrique avec 2000 W de puissance. Ample surface de cuisson de 29,7 x 23,5 cm.<\/span><\/li>\n<li class=\"a-spacing-mini\" style=\"margin: 0px\"><span class=\"a-list-item\">Rev\u00eatement c\u00e9ramique en pierre  qui assure une antiadh\u00e9sivit\u00e9 maximale et qui facilite le nettoyage.<\/span><\/li>\n<li class=\"a-spacing-mini\" style=\"margin: 0px\"><span class=\"a-list-item\">Surface mixte gril et plancha qui sert \u00e0 pr\u00e9parer de la viande et des l\u00e9gumes, mais aussi des \u0153ufs, des fruits de mer, du poisson et m\u00eame des cr\u00eapes.<\/span><\/li>\n<li class=\"a-spacing-mini\" style=\"margin: 0px\"><span class=\"a-list-item\">Rev\u00eatement \u00e9cologique, sans PTFE, PFOA ni autres produits toxiques. Ouverture \u00e0 180\u00ba pour profiter au maximum de la surface de cuisson.<\/span><\/li>\n<\/ul>\n","protected":false},"excerpt":{"rendered":"<p>Gril \u00e9lectrique avec 2000 W de puissance. Ample surface de cuisson de 29,7 x 23,5 cm. Rev\u00eatement c\u00e9ramique en pierre qui assure une antiadh\u00e9sivit\u00e9 maximale et qui facilite le nettoyage. Surface mixte gril et plancha qui sert \u00e0 pr\u00e9parer de la viande et des l\u00e9gumes, mais aussi des \u0153ufs, des fruits de mer, du poisson [&hellip;]<\/p>\n","protected":false},"featured_media":2025,"comment_status":"open","ping_status":"closed","template":"","meta":[],"product_brand":[],"product_cat":[58],"product_tag":[],"class_list":{"0":"post-2030","1":"product","2":"type-product","3":"status-publish","4":"has-post-thumbnail","6":"product_cat-linges-de-lit","8":"first","9":"instock","10":"sale","11":"shipping-taxable","12":"purchasable","13":"product-type-simple"},"jetpack_sharing_enabled":true,"_links":{"self":[{"href":"https:\/\/www.bintoufaitout.com\/index.php\/wp-json\/wp\/v2\/product\/2030","targetHints":{"allow":["GET"]}}],"collection":[{"href":"https:\/\/www.bintoufaitout.com\/index.php\/wp-json\/wp\/v2\/product"}],"about":[{"href":"https:\/\/www.bintoufaitout.com\/index.php\/wp-json\/wp\/v2\/types\/product"}],"replies":[{"embeddable":true,"href":"https:\/\/www.bintoufaitout.com\/index.php\/wp-json\/wp\/v2\/comments?post=2030"}],"wp:featuredmedia":[{"embeddable":true,"href":"https:\/\/www.bintoufaitout.com\/index.php\/wp-json\/wp\/v2\/media\/2025"}],"wp:attachment":[{"href":"https:\/\/www.bintoufaitout.com\/index.php\/wp-json\/wp\/v2\/media?parent=2030"}],"wp:term":[{"taxonomy":"product_brand","embeddable":true,"href":"https:\/\/www.bintoufaitout.com\/index.php\/wp-json\/wp\/v2\/product_brand?post=2030"},{"taxonomy":"product_cat","embeddable":true,"href":"https:\/\/www.bintoufaitout.com\/index.php\/wp-json\/wp\/v2\/product_cat?post=2030"},{"taxonomy":"product_tag","embeddable":true,"href":"https:\/\/www.bintoufaitout.com\/index.php\/wp-json\/wp\/v2\/product_tag?post=2030"}],"curies":[{"name":"wp","href":"https:\/\/api.w.org\/{rel}","templated":true}]}}