{"id":2050,"date":"2025-09-26T16:26:02","date_gmt":"2025-09-26T14:26:02","guid":{"rendered":"https:\/\/www.bintoufaitout.com\/index.php\/produit\/grand-hachoir-6-litres\/"},"modified":"2026-01-23T13:21:06","modified_gmt":"2026-01-23T12:21:06","slug":"grand-hachoir-6-litres","status":"publish","type":"product","link":"https:\/\/www.bintoufaitout.com\/index.php\/produit\/grand-hachoir-6-litres\/","title":{"rendered":"Grand hachoir 6 litres"},"content":{"rendered":"<ul class=\"a-unordered-list a-vertical a-spacing-none\">\n<li class=\"a-spacing-mini\" style=\"margin: 0px\"><span class=\"a-list-item\">HACHOIR \u00c0 ALIMENTS PUISSANT : ce hachoir \u00e0 aliments est \u00e9quip\u00e9 de 2 jeux de lames et de 3 modes au choix. Vous pouvez hacher, broyer divers ingr\u00e9dients, comme des oignons, de la viande, du jambon, de l&rsquo;ail, de l&rsquo;oignon ou des petites herbes. Cadeau id\u00e9al pour votre femme, m\u00e8re<\/span><\/li>\n<li class=\"a-spacing-mini\" style=\"margin: 0px\"><span class=\"a-list-item\">GAIN DE TEMPS ET EFFICACE : Livr\u00e9 avec un puissant moteur en cuivre pur de 1 200 W, plus efficace et plus rapide pour un usage commercial. 4 lames tranchantes en acier inoxydable La conception 4D permet aux lames sup\u00e9rieure et inf\u00e9rieure de hacher uniform\u00e9ment les aliments sous tous les angles de 360 degr\u00e9s en quelques secondes seulement<\/span><\/li>\n<li class=\"a-spacing-mini\" style=\"margin: 0px\"><span class=\"a-list-item\">GRANDE CAPACIT\u00c9 ET DURABILIT\u00c9 : Equip\u00e9 d&rsquo;un bol en acier inoxydable et d&rsquo;une grande capacit\u00e9 de 6L. Compar\u00e9 aux bols en verre, il est plus solide, plus sain et r\u00e9sistant aux chocs, garantissant ainsi sa durabilit\u00e9. La connexion entre la lame et le corps principal est en acier inoxydable contrairement aux autres plastiques, la lame n&rsquo;est donc pas facile \u00e0 casser<\/span><\/li>\n<li class=\"a-spacing-mini\" style=\"margin: 0px\"><span class=\"a-list-item\">FACILE \u00c0 NETTOYER ET S\u00c9CURIT\u00c9 : L&rsquo;appareil peut \u00eatre d\u00e9mont\u00e9 et les accessoires sont plus faciles \u00e0 nettoyer. Le hachoir est livr\u00e9 avec un tapis antid\u00e9rapant pour \u00e9viter de glisser et de tomber. Dispositif de contr\u00f4le de la temp\u00e9rature, mise hors tension \u00e0 une temp\u00e9rature \u00e9lev\u00e9e de 130 degr\u00e9s. Roulement silencieux, fonctionnement stable et faible bruit<\/span><\/li>\n<\/ul>\n","protected":false},"excerpt":{"rendered":"<p>HACHOIR \u00c0 ALIMENTS PUISSANT : ce hachoir \u00e0 aliments est \u00e9quip\u00e9 de 2 jeux de lames et de 3 modes au choix. Vous pouvez hacher, broyer divers ingr\u00e9dients, comme des oignons, de la viande, du jambon, de l&rsquo;ail, de l&rsquo;oignon ou des petites herbes. Cadeau id\u00e9al pour votre femme, m\u00e8re GAIN DE TEMPS ET EFFICACE [&hellip;]<\/p>\n","protected":false},"featured_media":2049,"comment_status":"open","ping_status":"closed","template":"","meta":[],"product_brand":[],"product_cat":[58],"product_tag":[],"class_list":{"0":"post-2050","1":"product","2":"type-product","3":"status-publish","4":"has-post-thumbnail","6":"product_cat-linges-de-lit","8":"first","9":"instock","10":"sale","11":"shipping-taxable","12":"purchasable","13":"product-type-simple"},"jetpack_sharing_enabled":true,"_links":{"self":[{"href":"https:\/\/www.bintoufaitout.com\/index.php\/wp-json\/wp\/v2\/product\/2050","targetHints":{"allow":["GET"]}}],"collection":[{"href":"https:\/\/www.bintoufaitout.com\/index.php\/wp-json\/wp\/v2\/product"}],"about":[{"href":"https:\/\/www.bintoufaitout.com\/index.php\/wp-json\/wp\/v2\/types\/product"}],"replies":[{"embeddable":true,"href":"https:\/\/www.bintoufaitout.com\/index.php\/wp-json\/wp\/v2\/comments?post=2050"}],"wp:featuredmedia":[{"embeddable":true,"href":"https:\/\/www.bintoufaitout.com\/index.php\/wp-json\/wp\/v2\/media\/2049"}],"wp:attachment":[{"href":"https:\/\/www.bintoufaitout.com\/index.php\/wp-json\/wp\/v2\/media?parent=2050"}],"wp:term":[{"taxonomy":"product_brand","embeddable":true,"href":"https:\/\/www.bintoufaitout.com\/index.php\/wp-json\/wp\/v2\/product_brand?post=2050"},{"taxonomy":"product_cat","embeddable":true,"href":"https:\/\/www.bintoufaitout.com\/index.php\/wp-json\/wp\/v2\/product_cat?post=2050"},{"taxonomy":"product_tag","embeddable":true,"href":"https:\/\/www.bintoufaitout.com\/index.php\/wp-json\/wp\/v2\/product_tag?post=2050"}],"curies":[{"name":"wp","href":"https:\/\/api.w.org\/{rel}","templated":true}]}}