{"id":2057,"date":"2025-09-26T17:13:44","date_gmt":"2025-09-26T15:13:44","guid":{"rendered":"https:\/\/www.bintoufaitout.com\/index.php\/produit\/bouilloire-theiere\/"},"modified":"2025-09-26T17:13:48","modified_gmt":"2025-09-26T15:13:48","slug":"bouilloire-theiere","status":"publish","type":"product","link":"https:\/\/www.bintoufaitout.com\/index.php\/produit\/bouilloire-theiere\/","title":{"rendered":"Bouilloire th\u00e9i\u00e8re"},"content":{"rendered":"<p>La th\u00e9i\u00e8re royal swiss combine une bouilloire et une th\u00e9i\u00e8re en verre dans un appareil 2en1 \u00e9l\u00e9gant &#8211;<br \/>\nparfait pour la pr\u00e9paration du th\u00e9 \u00e0 la turque et bien plus encore. Gr\u00e2ce \u00e0 la fonction de maintien au chaud, au tamis amovible en acier inoxydable<br \/>\net des temp\u00e9ratures s\u00e9lectionnables (40-100 \u00b0C), le th\u00e9 de tout type est facile \u00e0 r\u00e9ussir. L&rsquo;affichage LED en couleur<br \/>\nindique la temp\u00e9rature actuelle de l&rsquo;eau directement dans le verre &#8211; pour un contr\u00f4le total sans thermom\u00e8tre. Naturellement sans BPA<br \/>\nsans calcaire, avec filtre anticalcaire et protection contre la surchauffe et la marche \u00e0 sec pour un fonctionnement s\u00fbr.<\/p>\n<p><strong style=\"padding: 0px;margin: 0px;font-weight: 600\">Caract\u00e9ristiques du produit<\/strong><\/p>\n<ul>\n<li style=\"padding: 0px;margin: 0px\">Bouilloire 2 litres avec bouilloire 0,8 litre et passoire en acier inoxydable<\/li>\n<li style=\"padding: 0px;margin: 0px\">Arr\u00eat automatique et manuel<\/li>\n<li style=\"padding: 0px;margin: 0px\">1500w<\/li>\n<\/ul>\n","protected":false},"excerpt":{"rendered":"<p>La th\u00e9i\u00e8re royal swiss combine une bouilloire et une th\u00e9i\u00e8re en verre dans un appareil 2en1 \u00e9l\u00e9gant &#8211; parfait pour la pr\u00e9paration du th\u00e9 \u00e0 la turque et bien plus encore. Gr\u00e2ce \u00e0 la fonction de maintien au chaud, au tamis amovible en acier inoxydable et des temp\u00e9ratures s\u00e9lectionnables (40-100 \u00b0C), le th\u00e9 de tout [&hellip;]<\/p>\n","protected":false},"featured_media":2054,"comment_status":"open","ping_status":"closed","template":"","meta":[],"product_brand":[],"product_cat":[58],"product_tag":[],"class_list":{"0":"post-2057","1":"product","2":"type-product","3":"status-publish","4":"has-post-thumbnail","6":"product_cat-linges-de-lit","8":"first","9":"instock","10":"sale","11":"shipping-taxable","12":"purchasable","13":"product-type-simple"},"jetpack_sharing_enabled":true,"_links":{"self":[{"href":"https:\/\/www.bintoufaitout.com\/index.php\/wp-json\/wp\/v2\/product\/2057","targetHints":{"allow":["GET"]}}],"collection":[{"href":"https:\/\/www.bintoufaitout.com\/index.php\/wp-json\/wp\/v2\/product"}],"about":[{"href":"https:\/\/www.bintoufaitout.com\/index.php\/wp-json\/wp\/v2\/types\/product"}],"replies":[{"embeddable":true,"href":"https:\/\/www.bintoufaitout.com\/index.php\/wp-json\/wp\/v2\/comments?post=2057"}],"wp:featuredmedia":[{"embeddable":true,"href":"https:\/\/www.bintoufaitout.com\/index.php\/wp-json\/wp\/v2\/media\/2054"}],"wp:attachment":[{"href":"https:\/\/www.bintoufaitout.com\/index.php\/wp-json\/wp\/v2\/media?parent=2057"}],"wp:term":[{"taxonomy":"product_brand","embeddable":true,"href":"https:\/\/www.bintoufaitout.com\/index.php\/wp-json\/wp\/v2\/product_brand?post=2057"},{"taxonomy":"product_cat","embeddable":true,"href":"https:\/\/www.bintoufaitout.com\/index.php\/wp-json\/wp\/v2\/product_cat?post=2057"},{"taxonomy":"product_tag","embeddable":true,"href":"https:\/\/www.bintoufaitout.com\/index.php\/wp-json\/wp\/v2\/product_tag?post=2057"}],"curies":[{"name":"wp","href":"https:\/\/api.w.org\/{rel}","templated":true}]}}