{"id":208,"date":"2023-03-10T23:13:48","date_gmt":"2023-03-10T22:13:48","guid":{"rendered":"http:\/\/www.bintoufaitout.com\/?post_type=product&#038;p=208"},"modified":"2024-06-04T18:17:07","modified_gmt":"2024-06-04T16:17:07","slug":"rotissoire-en-pierre","status":"publish","type":"product","link":"https:\/\/www.bintoufaitout.com\/index.php\/produit\/rotissoire-en-pierre\/","title":{"rendered":"R\u00f4tissoire en pierre"},"content":{"rendered":"<p>Cette r\u00f4tissoire de marque ROYAL SWISS en pierre sera votre compagnon id\u00e9al pour tout type de cuisson, capable d\u2019aller au four jusqu\u2019\u00e0 280\u00b0 et peut aller sur tout type de feux que se soit de l\u2019induction, du gaz, de l\u2019\u00e9lectrique ou de la vitro-c\u00e9ramique. Son \u00ab\u00a0bouchon ar\u00f4me\u00a0\u00bb sera votre alli\u00e9 pour que vous ayez un assaisonnement homog\u00e8ne durant la cuisson.<\/p>\n<p>diam\u00e8tre: 35 cm<\/p>\n","protected":false},"excerpt":{"rendered":"<p>Cette r\u00f4tissoire de marque ROYAL SWISS en pierre sera votre compagnon id\u00e9al pour tout type de cuisson, capable d\u2019aller au four jusqu\u2019\u00e0 280\u00b0 et peut aller sur tout type de feux que se soit de l\u2019induction, du gaz, de l\u2019\u00e9lectrique ou de la vitro-c\u00e9ramique. Son \u00ab\u00a0bouchon ar\u00f4me\u00a0\u00bb sera votre alli\u00e9 pour que vous ayez un [&hellip;]<\/p>\n","protected":false},"featured_media":209,"comment_status":"open","ping_status":"closed","template":"","meta":[],"product_brand":[],"product_cat":[23],"product_tag":[],"class_list":{"0":"post-208","1":"product","2":"type-product","3":"status-publish","4":"has-post-thumbnail","6":"product_cat-ustensiles-cuisine","8":"first","9":"instock","10":"shipping-taxable","11":"purchasable","12":"product-type-variable"},"jetpack_sharing_enabled":true,"_links":{"self":[{"href":"https:\/\/www.bintoufaitout.com\/index.php\/wp-json\/wp\/v2\/product\/208","targetHints":{"allow":["GET"]}}],"collection":[{"href":"https:\/\/www.bintoufaitout.com\/index.php\/wp-json\/wp\/v2\/product"}],"about":[{"href":"https:\/\/www.bintoufaitout.com\/index.php\/wp-json\/wp\/v2\/types\/product"}],"replies":[{"embeddable":true,"href":"https:\/\/www.bintoufaitout.com\/index.php\/wp-json\/wp\/v2\/comments?post=208"}],"wp:featuredmedia":[{"embeddable":true,"href":"https:\/\/www.bintoufaitout.com\/index.php\/wp-json\/wp\/v2\/media\/209"}],"wp:attachment":[{"href":"https:\/\/www.bintoufaitout.com\/index.php\/wp-json\/wp\/v2\/media?parent=208"}],"wp:term":[{"taxonomy":"product_brand","embeddable":true,"href":"https:\/\/www.bintoufaitout.com\/index.php\/wp-json\/wp\/v2\/product_brand?post=208"},{"taxonomy":"product_cat","embeddable":true,"href":"https:\/\/www.bintoufaitout.com\/index.php\/wp-json\/wp\/v2\/product_cat?post=208"},{"taxonomy":"product_tag","embeddable":true,"href":"https:\/\/www.bintoufaitout.com\/index.php\/wp-json\/wp\/v2\/product_tag?post=208"}],"curies":[{"name":"wp","href":"https:\/\/api.w.org\/{rel}","templated":true}]}}