{"id":2089,"date":"2025-11-18T23:11:57","date_gmt":"2025-11-18T22:11:57","guid":{"rendered":"https:\/\/www.bintoufaitout.com\/index.php\/produit\/air-fryer-10-en-1\/"},"modified":"2026-01-23T13:20:51","modified_gmt":"2026-01-23T12:20:51","slug":"air-fryer-10-en-1","status":"publish","type":"product","link":"https:\/\/www.bintoufaitout.com\/index.php\/produit\/air-fryer-10-en-1\/","title":{"rendered":"Air fryer 10 en 1"},"content":{"rendered":"<ul class=\"a-unordered-list a-vertical a-spacing-none\">\n<li class=\"a-spacing-mini\" style=\"margin: 0px\"><span class=\"a-list-item\">FRITEUSE AIR CHAUD AVEC TECHNOLOGIE DE FRITURE \u00c0 AIR VORTX la technologie Vortx fait rapidement circuler l&rsquo;air chaud autour des aliments. La friteuse air fryer Vortx cuit les aliments avec peu ou pas d&rsquo;huile. Moins de graisses, saveur conserv\u00e9e.<\/span><\/li>\n<li class=\"a-spacing-mini\" style=\"margin: 0px\"><span class=\"a-list-item\">AIR FRYER XXL AVEC FONCTION R\u00d4TISSERIE ce airfryer XXL comprend des accessoires, dont une broche et une poign\u00e9e pour cuire un poulet entier \u00e0 la broche de style r\u00f4tissoire en moins d&rsquo;une heure, pour des r\u00e9sultats de cuisson parfaits.<\/span><\/li>\n<li class=\"a-spacing-mini\" style=\"margin: 0px\"><span class=\"a-list-item\">CUISINEZ EN TOUTE SIMPLICIT\u00c9 GR\u00c2CE \u00c0 CETTE FRITEUSE HUILE R\u00e9glez facilement la minuterie de 60 minutes et la temp\u00e9rature de cuisson de cette friteuse sans huile XXL pour des r\u00e9sultats pr\u00e9cis d\u00e8s la premi\u00e8re utilisation.<\/span><\/li>\n<li class=\"a-spacing-mini\" style=\"margin: 0px\"><span class=\"a-list-item\">FRITEUSE GRANDE CAPACIT\u00c9 DE LA FAMILLE XPRESS cette friteuse \u00e9lectrique sans huile offre une grande capacit\u00e9, une fonction r\u00f4tisserie, des accessoires de cuisson, une fen\u00eatre de contr\u00f4le et un livre de recettes, pour des repas familiaux sains.<\/span><\/li>\n<li class=\"a-spacing-mini\" style=\"margin: 0px\"><span class=\"a-list-item\">UNE MARQUE DIGNE DE CONFIANCE Tower est une marque britannique revendiquant plus de 100 ans de qualit\u00e9 dans la fabrication et l&rsquo;excellence du design. Tower est une marque de petits \u00e9lectrom\u00e9nagers et d\u2019articles m\u00e9nagers tr\u00e8s appr\u00e9ci\u00e9e.<\/span><\/li>\n<li class=\"a-spacing-mini\" style=\"margin: 0px\"><span class=\"a-list-item\">Remarque Utilisez des collations au four ou brossez l\u00e9g\u00e8rement un peu d&rsquo;huile sur les collations pendant un r\u00e9sultat plus croustillant et utilisez des pommes de terre fra\u00eeches et assurez-vous et ils restent fermes pendant la friture.<\/span><\/li>\n<\/ul>\n<p>Capacit\u00e9 : 11 litres<\/p>\n","protected":false},"excerpt":{"rendered":"<p>FRITEUSE AIR CHAUD AVEC TECHNOLOGIE DE FRITURE \u00c0 AIR VORTX la technologie Vortx fait rapidement circuler l&rsquo;air chaud autour des aliments. La friteuse air fryer Vortx cuit les aliments avec peu ou pas d&rsquo;huile. Moins de graisses, saveur conserv\u00e9e. AIR FRYER XXL AVEC FONCTION R\u00d4TISSERIE ce airfryer XXL comprend des accessoires, dont une broche et [&hellip;]<\/p>\n","protected":false},"featured_media":2088,"comment_status":"open","ping_status":"closed","template":"","meta":[],"product_brand":[],"product_cat":[58],"product_tag":[],"class_list":{"0":"post-2089","1":"product","2":"type-product","3":"status-publish","4":"has-post-thumbnail","6":"product_cat-linges-de-lit","7":"product_shipping_class-24","9":"first","10":"instock","11":"sale","12":"shipping-taxable","13":"purchasable","14":"product-type-simple"},"jetpack_sharing_enabled":true,"_links":{"self":[{"href":"https:\/\/www.bintoufaitout.com\/index.php\/wp-json\/wp\/v2\/product\/2089","targetHints":{"allow":["GET"]}}],"collection":[{"href":"https:\/\/www.bintoufaitout.com\/index.php\/wp-json\/wp\/v2\/product"}],"about":[{"href":"https:\/\/www.bintoufaitout.com\/index.php\/wp-json\/wp\/v2\/types\/product"}],"replies":[{"embeddable":true,"href":"https:\/\/www.bintoufaitout.com\/index.php\/wp-json\/wp\/v2\/comments?post=2089"}],"wp:featuredmedia":[{"embeddable":true,"href":"https:\/\/www.bintoufaitout.com\/index.php\/wp-json\/wp\/v2\/media\/2088"}],"wp:attachment":[{"href":"https:\/\/www.bintoufaitout.com\/index.php\/wp-json\/wp\/v2\/media?parent=2089"}],"wp:term":[{"taxonomy":"product_brand","embeddable":true,"href":"https:\/\/www.bintoufaitout.com\/index.php\/wp-json\/wp\/v2\/product_brand?post=2089"},{"taxonomy":"product_cat","embeddable":true,"href":"https:\/\/www.bintoufaitout.com\/index.php\/wp-json\/wp\/v2\/product_cat?post=2089"},{"taxonomy":"product_tag","embeddable":true,"href":"https:\/\/www.bintoufaitout.com\/index.php\/wp-json\/wp\/v2\/product_tag?post=2089"}],"curies":[{"name":"wp","href":"https:\/\/api.w.org\/{rel}","templated":true}]}}