{"id":2103,"date":"2025-12-20T20:48:42","date_gmt":"2025-12-20T19:48:42","guid":{"rendered":"https:\/\/www.bintoufaitout.com\/index.php\/produit\/soupiere-6-bols-2\/"},"modified":"2026-03-13T04:13:27","modified_gmt":"2026-03-13T03:13:27","slug":"soupiere-6-bols-2","status":"publish","type":"product","link":"https:\/\/www.bintoufaitout.com\/index.php\/produit\/soupiere-6-bols-2\/","title":{"rendered":"Soupi\u00e8re 6 bols"},"content":{"rendered":"<p data-pm-slice=\"1 1 []\" style=\"font-style: normal;font-weight: 400;letter-spacing: normal;text-align: start;text-indent: 0px;text-transform: none;white-space: normal;text-decoration: none\">\u2728 Sp\u00e9cifications \u00e9l\u00e9gantes \u2728<span class=\"Apple-converted-space\">&nbsp;<\/span><\/p>\n<p style=\"font-style: normal;font-weight: 400;letter-spacing: normal;text-align: start;text-indent: 0px;text-transform: none;white-space: normal;text-decoration: none\">La soupi\u00e8re blanche avec bordure dor\u00e9e et relief 3D est tr\u00e8s jolie. Parfaite<\/p>\n<p style=\"font-style: normal;font-weight: 400;letter-spacing: normal;text-align: start;text-indent: 0px;text-transform: none;white-space: normal;text-decoration: none\">pour servir divers types de nourriture. Attention : pas de flamme \u00e0 gaz<\/p>\n<p style=\"font-style: normal;font-weight: 400;letter-spacing: normal;text-align: start;text-indent: 0px;text-transform: none;white-space: normal;text-decoration: none\">ouverte et utilisation d&rsquo;une cuisini\u00e8re \u00e0 induction.<\/p>\n<p style=\"font-style: normal;font-weight: 400;letter-spacing: normal;text-align: start;text-indent: 0px;text-transform: none;white-space: normal;text-decoration: none\">La soupi\u00e8re dispose de double poign\u00e9e anti-\u00e9chaudure. Avec couvercle et<\/p>\n<p style=\"font-style: normal;font-weight: 400;letter-spacing: normal;text-align: start;text-indent: 0px;text-transform: none;white-space: normal;text-decoration: none\">cuill\u00e8re, elle est pratique pour prendre de la soupe chaude. Id\u00e9ale pour les<\/p>\n<p style=\"font-style: normal;font-weight: 400;letter-spacing: normal;text-align: start;text-indent: 0px;text-transform: none;white-space: normal;text-decoration: none\">p\u00e2tes, la soupe, les ap\u00e9ritifs, les fruits, etc.<\/p>\n<p style=\"font-style: normal;font-weight: 400;letter-spacing: normal;text-align: start;text-indent: 0px;text-transform: none;white-space: normal;text-decoration: none\">Nos soupi\u00e8res sont en porcelaine d&rsquo;os de haute qualit\u00e9. Conception innovante<\/p>\n<p style=\"font-style: normal;font-weight: 400;letter-spacing: normal;text-align: start;text-indent: 0px;text-transform: none;white-space: normal;text-decoration: none\">et unique, ex\u00e9cution exquise, anti-chaud et antid\u00e9rapant. Sain et favorable \u00e0<\/p>\n<p style=\"font-style: normal;font-weight: 400;letter-spacing: normal;text-align: start;text-indent: 0px;text-transform: none;white-space: normal;text-decoration: none\">l&rsquo;environnement, beau et durable.<\/p>\n<p style=\"font-style: normal;font-weight: 400;letter-spacing: normal;text-align: start;text-indent: 0px;text-transform: none;white-space: normal;text-decoration: none\">De la nourriture d\u00e9licieuse et des plats d\u00e9licieux se r\u00e9unissent dans cette<\/p>\n<p style=\"font-style: normal;font-weight: 400;letter-spacing: normal;text-align: start;text-indent: 0px;text-transform: none;white-space: normal;text-decoration: none\">belle grande soupi\u00e8re. Elle compl\u00e8te et ressort le meilleur pour le plaisir de<\/p>\n<p style=\"font-style: normal;font-weight: 400;letter-spacing: normal;text-align: start;text-indent: 0px;text-transform: none;white-space: normal;text-decoration: none\">cuisiner.<\/p>\n","protected":false},"excerpt":{"rendered":"<p>\u2728 Sp\u00e9cifications \u00e9l\u00e9gantes \u2728&nbsp; La soupi\u00e8re blanche avec bordure dor\u00e9e et relief 3D est tr\u00e8s jolie. Parfaite pour servir divers types de nourriture. Attention : pas de flamme \u00e0 gaz ouverte et utilisation d&rsquo;une cuisini\u00e8re \u00e0 induction. La soupi\u00e8re dispose de double poign\u00e9e anti-\u00e9chaudure. Avec couvercle et cuill\u00e8re, elle est pratique pour prendre de la [&hellip;]<\/p>\n","protected":false},"featured_media":2101,"comment_status":"open","ping_status":"closed","template":"","meta":[],"product_brand":[],"product_cat":[58],"product_tag":[],"class_list":{"0":"post-2103","1":"product","2":"type-product","3":"status-publish","4":"has-post-thumbnail","6":"product_cat-linges-de-lit","8":"first","9":"instock","10":"sale","11":"shipping-taxable","12":"purchasable","13":"product-type-simple"},"jetpack_sharing_enabled":true,"_links":{"self":[{"href":"https:\/\/www.bintoufaitout.com\/index.php\/wp-json\/wp\/v2\/product\/2103","targetHints":{"allow":["GET"]}}],"collection":[{"href":"https:\/\/www.bintoufaitout.com\/index.php\/wp-json\/wp\/v2\/product"}],"about":[{"href":"https:\/\/www.bintoufaitout.com\/index.php\/wp-json\/wp\/v2\/types\/product"}],"replies":[{"embeddable":true,"href":"https:\/\/www.bintoufaitout.com\/index.php\/wp-json\/wp\/v2\/comments?post=2103"}],"wp:featuredmedia":[{"embeddable":true,"href":"https:\/\/www.bintoufaitout.com\/index.php\/wp-json\/wp\/v2\/media\/2101"}],"wp:attachment":[{"href":"https:\/\/www.bintoufaitout.com\/index.php\/wp-json\/wp\/v2\/media?parent=2103"}],"wp:term":[{"taxonomy":"product_brand","embeddable":true,"href":"https:\/\/www.bintoufaitout.com\/index.php\/wp-json\/wp\/v2\/product_brand?post=2103"},{"taxonomy":"product_cat","embeddable":true,"href":"https:\/\/www.bintoufaitout.com\/index.php\/wp-json\/wp\/v2\/product_cat?post=2103"},{"taxonomy":"product_tag","embeddable":true,"href":"https:\/\/www.bintoufaitout.com\/index.php\/wp-json\/wp\/v2\/product_tag?post=2103"}],"curies":[{"name":"wp","href":"https:\/\/api.w.org\/{rel}","templated":true}]}}