{"id":226,"date":"2023-03-13T09:43:50","date_gmt":"2023-03-13T08:43:50","guid":{"rendered":"http:\/\/www.bintoufaitout.com\/?post_type=product&#038;p=226"},"modified":"2025-04-14T16:33:56","modified_gmt":"2025-04-14T14:33:56","slug":"galetiere-a-pain","status":"publish","type":"product","link":"https:\/\/www.bintoufaitout.com\/index.php\/produit\/galetiere-a-pain\/","title":{"rendered":"Galeti\u00e8re \u00e0 pain"},"content":{"rendered":"<p>Ce plat tajine \u00e0 pain permet de r\u00e9aliser diff\u00e9rents types de pains et galettes tel que: Kesra, galettes marocaines, galettes \u00e0 la semoule, matlouh, batbout farcis, msemen&#8230; Compatible induction, elle sera votre ustensile pr\u00e9f\u00e9r\u00e9 pour manger maison et cuisiner sans difficult\u00e9 tous vos pains. Son rev\u00eatement anti-adh\u00e9sif permet une cuisson sans mati\u00e8re grasse et une r\u00e9partition garantie de la chaleur.<\/p>\n","protected":false},"excerpt":{"rendered":"<p>Ce plat tajine \u00e0 pain permet de r\u00e9aliser diff\u00e9rents types de pains et galettes tel que: Kesra, galettes marocaines, galettes \u00e0 la semoule, matlouh, batbout farcis, msemen&#8230; Compatible induction, elle sera votre ustensile pr\u00e9f\u00e9r\u00e9 pour manger maison et cuisiner sans difficult\u00e9 tous vos pains. Son rev\u00eatement anti-adh\u00e9sif permet une cuisson sans mati\u00e8re grasse et une [&hellip;]<\/p>\n","protected":false},"featured_media":227,"comment_status":"open","ping_status":"closed","template":"","meta":[],"product_brand":[],"product_cat":[23],"product_tag":[],"class_list":{"0":"post-226","1":"product","2":"type-product","3":"status-publish","4":"has-post-thumbnail","6":"product_cat-ustensiles-cuisine","8":"first","9":"outofstock","10":"shipping-taxable","11":"purchasable","12":"product-type-variable"},"jetpack_sharing_enabled":true,"_links":{"self":[{"href":"https:\/\/www.bintoufaitout.com\/index.php\/wp-json\/wp\/v2\/product\/226","targetHints":{"allow":["GET"]}}],"collection":[{"href":"https:\/\/www.bintoufaitout.com\/index.php\/wp-json\/wp\/v2\/product"}],"about":[{"href":"https:\/\/www.bintoufaitout.com\/index.php\/wp-json\/wp\/v2\/types\/product"}],"replies":[{"embeddable":true,"href":"https:\/\/www.bintoufaitout.com\/index.php\/wp-json\/wp\/v2\/comments?post=226"}],"wp:featuredmedia":[{"embeddable":true,"href":"https:\/\/www.bintoufaitout.com\/index.php\/wp-json\/wp\/v2\/media\/227"}],"wp:attachment":[{"href":"https:\/\/www.bintoufaitout.com\/index.php\/wp-json\/wp\/v2\/media?parent=226"}],"wp:term":[{"taxonomy":"product_brand","embeddable":true,"href":"https:\/\/www.bintoufaitout.com\/index.php\/wp-json\/wp\/v2\/product_brand?post=226"},{"taxonomy":"product_cat","embeddable":true,"href":"https:\/\/www.bintoufaitout.com\/index.php\/wp-json\/wp\/v2\/product_cat?post=226"},{"taxonomy":"product_tag","embeddable":true,"href":"https:\/\/www.bintoufaitout.com\/index.php\/wp-json\/wp\/v2\/product_tag?post=226"}],"curies":[{"name":"wp","href":"https:\/\/api.w.org\/{rel}","templated":true}]}}