{"id":231,"date":"2023-03-13T09:50:53","date_gmt":"2023-03-13T08:50:53","guid":{"rendered":"http:\/\/www.bintoufaitout.com\/?post_type=product&#038;p=231"},"modified":"2025-08-19T17:12:59","modified_gmt":"2025-08-19T15:12:59","slug":"poele-a-grill-a-pain-rainuree","status":"publish","type":"product","link":"https:\/\/www.bintoufaitout.com\/index.php\/produit\/poele-a-grill-a-pain-rainuree\/","title":{"rendered":"Po\u00eale \u00e0 grill \u00e0 pain rainur\u00e9e"},"content":{"rendered":"<ul class=\"a-unordered-list a-vertical a-spacing-mini\">\n<li><span class=\"a-list-item\">ROBUSTE : plaque de cuisson massive avec deux poign\u00e9es\u00a0 parfaite pour vos grillades et vos pains orientaux<\/span><\/li>\n<li><span class=\"a-list-item\">PRATIQUE : pour la pr\u00e9paration d\u2019authentiques tortillas et plats \u00e0 la fa\u00e7on mexicaine<\/span><\/li>\n<li><span class=\"a-list-item\">POLYVALENT : Plaque \u00e0 griller universelle convient pour une cuisson parfaite des pizzas, mais aussi pour griller et r\u00f4tir de la viande, du poisson, des l\u00e9gumes, de la volaille, des steaks, etc.<\/span><\/li>\n<li><span class=\"a-list-item\">MAT\u00c9RIAU : plaque en aluminium avec un rev\u00eatement en anti-adh\u00e9sif en granit .\u00a0\u00a0<\/span><\/li>\n<li><span class=\"a-list-item\">Dimensions : Plaques de grill taille :\u00a0 \u00a0\u00d8 32 ou 36cm de diam\u00e8tre(sans les poign\u00e9es), surface de cuisson et de grill rainur\u00e9e.<\/span><\/li>\n<li>Compatible TOUS FEUX et INDUCTION<\/li>\n<\/ul>\n","protected":false},"excerpt":{"rendered":"<p>ROBUSTE : plaque de cuisson massive avec deux poign\u00e9es\u00a0 parfaite pour vos grillades et vos pains orientaux PRATIQUE : pour la pr\u00e9paration d\u2019authentiques tortillas et plats \u00e0 la fa\u00e7on mexicaine POLYVALENT : Plaque \u00e0 griller universelle convient pour une cuisson parfaite des pizzas, mais aussi pour griller et r\u00f4tir de la viande, du poisson, des [&hellip;]<\/p>\n","protected":false},"featured_media":232,"comment_status":"open","ping_status":"closed","template":"","meta":[],"product_brand":[],"product_cat":[23],"product_tag":[],"class_list":{"0":"post-231","1":"product","2":"type-product","3":"status-publish","4":"has-post-thumbnail","6":"product_cat-ustensiles-cuisine","8":"first","9":"instock","10":"shipping-taxable","11":"purchasable","12":"product-type-variable"},"jetpack_sharing_enabled":true,"_links":{"self":[{"href":"https:\/\/www.bintoufaitout.com\/index.php\/wp-json\/wp\/v2\/product\/231","targetHints":{"allow":["GET"]}}],"collection":[{"href":"https:\/\/www.bintoufaitout.com\/index.php\/wp-json\/wp\/v2\/product"}],"about":[{"href":"https:\/\/www.bintoufaitout.com\/index.php\/wp-json\/wp\/v2\/types\/product"}],"replies":[{"embeddable":true,"href":"https:\/\/www.bintoufaitout.com\/index.php\/wp-json\/wp\/v2\/comments?post=231"}],"wp:featuredmedia":[{"embeddable":true,"href":"https:\/\/www.bintoufaitout.com\/index.php\/wp-json\/wp\/v2\/media\/232"}],"wp:attachment":[{"href":"https:\/\/www.bintoufaitout.com\/index.php\/wp-json\/wp\/v2\/media?parent=231"}],"wp:term":[{"taxonomy":"product_brand","embeddable":true,"href":"https:\/\/www.bintoufaitout.com\/index.php\/wp-json\/wp\/v2\/product_brand?post=231"},{"taxonomy":"product_cat","embeddable":true,"href":"https:\/\/www.bintoufaitout.com\/index.php\/wp-json\/wp\/v2\/product_cat?post=231"},{"taxonomy":"product_tag","embeddable":true,"href":"https:\/\/www.bintoufaitout.com\/index.php\/wp-json\/wp\/v2\/product_tag?post=231"}],"curies":[{"name":"wp","href":"https:\/\/api.w.org\/{rel}","templated":true}]}}