{"id":235,"date":"2023-03-13T10:00:07","date_gmt":"2023-03-13T09:00:07","guid":{"rendered":"http:\/\/www.bintoufaitout.com\/?post_type=product&#038;p=235"},"modified":"2025-08-19T17:10:49","modified_gmt":"2025-08-19T15:10:49","slug":"lot-6-verres-a-the-avec-anses","status":"publish","type":"product","link":"https:\/\/www.bintoufaitout.com\/index.php\/produit\/lot-6-verres-a-the-avec-anses\/","title":{"rendered":"Lot 6 verres \u00e0 th\u00e9 avec anses"},"content":{"rendered":"<p style=\"text-align: left\">Ce lot de petits verres est parfait pour servir le th\u00e9 ou autres boissons de votre choix. Ses lignes \u00e9pur\u00e9es et son motif cristal allient simplicit\u00e9 et modernit\u00e9 pour un aspect original et \u00e9pur\u00e9<\/p>\n","protected":false},"excerpt":{"rendered":"<p>Ce lot de petits verres est parfait pour servir le th\u00e9 ou autres boissons de votre choix. Ses lignes \u00e9pur\u00e9es et son motif cristal allient simplicit\u00e9 et modernit\u00e9 pour un aspect original et \u00e9pur\u00e9<\/p>\n","protected":false},"featured_media":1150,"comment_status":"open","ping_status":"closed","template":"","meta":[],"product_brand":[],"product_cat":[23],"product_tag":[],"class_list":{"0":"post-235","1":"product","2":"type-product","3":"status-publish","4":"has-post-thumbnail","6":"product_cat-ustensiles-cuisine","8":"first","9":"outofstock","10":"sale","11":"shipping-taxable","12":"purchasable","13":"product-type-simple"},"jetpack_sharing_enabled":true,"_links":{"self":[{"href":"https:\/\/www.bintoufaitout.com\/index.php\/wp-json\/wp\/v2\/product\/235","targetHints":{"allow":["GET"]}}],"collection":[{"href":"https:\/\/www.bintoufaitout.com\/index.php\/wp-json\/wp\/v2\/product"}],"about":[{"href":"https:\/\/www.bintoufaitout.com\/index.php\/wp-json\/wp\/v2\/types\/product"}],"replies":[{"embeddable":true,"href":"https:\/\/www.bintoufaitout.com\/index.php\/wp-json\/wp\/v2\/comments?post=235"}],"wp:featuredmedia":[{"embeddable":true,"href":"https:\/\/www.bintoufaitout.com\/index.php\/wp-json\/wp\/v2\/media\/1150"}],"wp:attachment":[{"href":"https:\/\/www.bintoufaitout.com\/index.php\/wp-json\/wp\/v2\/media?parent=235"}],"wp:term":[{"taxonomy":"product_brand","embeddable":true,"href":"https:\/\/www.bintoufaitout.com\/index.php\/wp-json\/wp\/v2\/product_brand?post=235"},{"taxonomy":"product_cat","embeddable":true,"href":"https:\/\/www.bintoufaitout.com\/index.php\/wp-json\/wp\/v2\/product_cat?post=235"},{"taxonomy":"product_tag","embeddable":true,"href":"https:\/\/www.bintoufaitout.com\/index.php\/wp-json\/wp\/v2\/product_tag?post=235"}],"curies":[{"name":"wp","href":"https:\/\/api.w.org\/{rel}","templated":true}]}}