{"id":251,"date":"2023-03-14T12:01:50","date_gmt":"2023-03-14T11:01:50","guid":{"rendered":"http:\/\/www.bintoufaitout.com\/?post_type=product&#038;p=251"},"modified":"2024-05-11T02:29:30","modified_gmt":"2024-05-11T00:29:30","slug":"sauteuse-pierre-manche-amovible","status":"publish","type":"product","link":"https:\/\/www.bintoufaitout.com\/index.php\/produit\/sauteuse-pierre-manche-amovible\/","title":{"rendered":"Sauteuse pierre manche amovible"},"content":{"rendered":"<p>Sauteuse avec rev\u00eatement 100% anti-adh\u00e9rent fa\u00e7on pierre.<br \/>\n&#8211; Gamme cuisson premium<br \/>\n&#8211; 1 Couvercle en verre Inclus.<br \/>\n&#8211; Compatible tous feux + Induction.<br \/>\n&#8211; Cuisinez sainement avec TRES PEU ou SANS mati\u00e8re grasse.<br \/>\n&#8211; SANS PFOA* (plus sain qu\u2019un rev\u00eatement ordinaire).<br \/>\n&#8211; Manche amovible inclus.<br \/>\n&#8211; Structure en fonte d\u2019aluminium plus r\u00e9sistante.<br \/>\nVa \u00e9galement au four et passe au lave vaisselle<\/p>\n","protected":false},"excerpt":{"rendered":"<p>Sauteuse avec rev\u00eatement 100% anti-adh\u00e9rent fa\u00e7on pierre. &#8211; Gamme cuisson premium &#8211; 1 Couvercle en verre Inclus. &#8211; Compatible tous feux + Induction. &#8211; Cuisinez sainement avec TRES PEU ou SANS mati\u00e8re grasse. &#8211; SANS PFOA* (plus sain qu\u2019un rev\u00eatement ordinaire). &#8211; Manche amovible inclus. &#8211; Structure en fonte d\u2019aluminium plus r\u00e9sistante. Va \u00e9galement au [&hellip;]<\/p>\n","protected":false},"featured_media":721,"comment_status":"open","ping_status":"closed","template":"","meta":[],"product_brand":[],"product_cat":[23],"product_tag":[],"class_list":{"0":"post-251","1":"product","2":"type-product","3":"status-publish","4":"has-post-thumbnail","6":"product_cat-ustensiles-cuisine","8":"first","9":"instock","10":"shipping-taxable","11":"purchasable","12":"product-type-variable"},"jetpack_sharing_enabled":true,"_links":{"self":[{"href":"https:\/\/www.bintoufaitout.com\/index.php\/wp-json\/wp\/v2\/product\/251","targetHints":{"allow":["GET"]}}],"collection":[{"href":"https:\/\/www.bintoufaitout.com\/index.php\/wp-json\/wp\/v2\/product"}],"about":[{"href":"https:\/\/www.bintoufaitout.com\/index.php\/wp-json\/wp\/v2\/types\/product"}],"replies":[{"embeddable":true,"href":"https:\/\/www.bintoufaitout.com\/index.php\/wp-json\/wp\/v2\/comments?post=251"}],"wp:featuredmedia":[{"embeddable":true,"href":"https:\/\/www.bintoufaitout.com\/index.php\/wp-json\/wp\/v2\/media\/721"}],"wp:attachment":[{"href":"https:\/\/www.bintoufaitout.com\/index.php\/wp-json\/wp\/v2\/media?parent=251"}],"wp:term":[{"taxonomy":"product_brand","embeddable":true,"href":"https:\/\/www.bintoufaitout.com\/index.php\/wp-json\/wp\/v2\/product_brand?post=251"},{"taxonomy":"product_cat","embeddable":true,"href":"https:\/\/www.bintoufaitout.com\/index.php\/wp-json\/wp\/v2\/product_cat?post=251"},{"taxonomy":"product_tag","embeddable":true,"href":"https:\/\/www.bintoufaitout.com\/index.php\/wp-json\/wp\/v2\/product_tag?post=251"}],"curies":[{"name":"wp","href":"https:\/\/api.w.org\/{rel}","templated":true}]}}