{"id":255,"date":"2023-03-14T12:06:32","date_gmt":"2023-03-14T11:06:32","guid":{"rendered":"http:\/\/www.bintoufaitout.com\/?post_type=product&#038;p=255"},"modified":"2025-04-01T12:51:30","modified_gmt":"2025-04-01T10:51:30","slug":"plat-rotisserie-37cm","status":"publish","type":"product","link":"https:\/\/www.bintoufaitout.com\/index.php\/produit\/plat-rotisserie-37cm\/","title":{"rendered":"Plat R\u00f4tisserie 37cm"},"content":{"rendered":"<p>R\u00e9alisez de d\u00e9licieux r\u00f4tis gr\u00e2ce \u00e0 ce plat en acier inoxydable de 37 cm. Compatible lave vaisselle.<br \/>\nil vous accompagnera \u00e9galement pour vos gratins<\/p>\n","protected":false},"excerpt":{"rendered":"<p>R\u00e9alisez de d\u00e9licieux r\u00f4tis gr\u00e2ce \u00e0 ce plat en acier inoxydable de 37 cm. Compatible lave vaisselle. il vous accompagnera \u00e9galement pour vos gratins<\/p>\n","protected":false},"featured_media":256,"comment_status":"open","ping_status":"closed","template":"","meta":[],"product_brand":[],"product_cat":[23],"product_tag":[],"class_list":{"0":"post-255","1":"product","2":"type-product","3":"status-publish","4":"has-post-thumbnail","6":"product_cat-ustensiles-cuisine","8":"first","9":"outofstock","10":"sale","11":"shipping-taxable","12":"purchasable","13":"product-type-simple"},"jetpack_sharing_enabled":true,"_links":{"self":[{"href":"https:\/\/www.bintoufaitout.com\/index.php\/wp-json\/wp\/v2\/product\/255","targetHints":{"allow":["GET"]}}],"collection":[{"href":"https:\/\/www.bintoufaitout.com\/index.php\/wp-json\/wp\/v2\/product"}],"about":[{"href":"https:\/\/www.bintoufaitout.com\/index.php\/wp-json\/wp\/v2\/types\/product"}],"replies":[{"embeddable":true,"href":"https:\/\/www.bintoufaitout.com\/index.php\/wp-json\/wp\/v2\/comments?post=255"}],"wp:featuredmedia":[{"embeddable":true,"href":"https:\/\/www.bintoufaitout.com\/index.php\/wp-json\/wp\/v2\/media\/256"}],"wp:attachment":[{"href":"https:\/\/www.bintoufaitout.com\/index.php\/wp-json\/wp\/v2\/media?parent=255"}],"wp:term":[{"taxonomy":"product_brand","embeddable":true,"href":"https:\/\/www.bintoufaitout.com\/index.php\/wp-json\/wp\/v2\/product_brand?post=255"},{"taxonomy":"product_cat","embeddable":true,"href":"https:\/\/www.bintoufaitout.com\/index.php\/wp-json\/wp\/v2\/product_cat?post=255"},{"taxonomy":"product_tag","embeddable":true,"href":"https:\/\/www.bintoufaitout.com\/index.php\/wp-json\/wp\/v2\/product_tag?post=255"}],"curies":[{"name":"wp","href":"https:\/\/api.w.org\/{rel}","templated":true}]}}