{"id":259,"date":"2023-03-14T14:32:01","date_gmt":"2023-03-14T13:32:01","guid":{"rendered":"http:\/\/www.bintoufaitout.com\/?post_type=product&#038;p=259"},"modified":"2026-01-08T14:12:34","modified_gmt":"2026-01-08T13:12:34","slug":"lot-3-faitouts-20-24-28-cm","status":"publish","type":"product","link":"https:\/\/www.bintoufaitout.com\/index.php\/produit\/lot-3-faitouts-20-24-28-cm\/","title":{"rendered":"Lot 3 faitouts 20\/24\/28 cm"},"content":{"rendered":"<ul class=\"a-unordered-list a-vertical a-spacing-none\">\n<li style=\"text-align: left\"><span class=\"a-list-item\"><em>\u00a0<\/em>La collection Rosemberg ou Eisembach est certifi\u00e9e tout types de feux: induction, gaz, plaques \u00e9lectriques et vitroc\u00e9ramique ( passe \u00e9galement au four )<\/span><\/li>\n<li style=\"text-align: left\"><span class=\"a-list-item\">Equip\u00e9 d&rsquo;une Paire de poign\u00e9es silicones, ces faitouts vous simplifie le nettoyage et vous prot\u00e8gent de la chaleur.<\/span><\/li>\n<li style=\"text-align: left\"><span class=\"a-list-item\">Entretien: passe au lave-vaisselle<\/span><\/li>\n<li style=\"text-align: left\"><span class=\"a-list-item\">Couvercle en verre avec soupape vapeur et cerclage et poign\u00e9e inox<\/span><\/li>\n<li>20cm= 2,1 litres<\/li>\n<li>24cm= 4,2 litres<\/li>\n<li>28cm= 6,3 litres<\/li>\n<\/ul>\n","protected":false},"excerpt":{"rendered":"<p>\u00a0La collection Rosemberg ou Eisembach est certifi\u00e9e tout types de feux: induction, gaz, plaques \u00e9lectriques et vitroc\u00e9ramique ( passe \u00e9galement au four ) Equip\u00e9 d&rsquo;une Paire de poign\u00e9es silicones, ces faitouts vous simplifie le nettoyage et vous prot\u00e8gent de la chaleur. Entretien: passe au lave-vaisselle Couvercle en verre avec soupape vapeur et cerclage et poign\u00e9e [&hellip;]<\/p>\n","protected":false},"featured_media":655,"comment_status":"open","ping_status":"closed","template":"","meta":[],"product_brand":[],"product_cat":[23],"product_tag":[],"class_list":{"0":"post-259","1":"product","2":"type-product","3":"status-publish","4":"has-post-thumbnail","6":"product_cat-ustensiles-cuisine","7":"product_shipping_class-24","9":"first","10":"outofstock","11":"sale","12":"shipping-taxable","13":"purchasable","14":"product-type-simple"},"jetpack_sharing_enabled":true,"_links":{"self":[{"href":"https:\/\/www.bintoufaitout.com\/index.php\/wp-json\/wp\/v2\/product\/259","targetHints":{"allow":["GET"]}}],"collection":[{"href":"https:\/\/www.bintoufaitout.com\/index.php\/wp-json\/wp\/v2\/product"}],"about":[{"href":"https:\/\/www.bintoufaitout.com\/index.php\/wp-json\/wp\/v2\/types\/product"}],"replies":[{"embeddable":true,"href":"https:\/\/www.bintoufaitout.com\/index.php\/wp-json\/wp\/v2\/comments?post=259"}],"wp:featuredmedia":[{"embeddable":true,"href":"https:\/\/www.bintoufaitout.com\/index.php\/wp-json\/wp\/v2\/media\/655"}],"wp:attachment":[{"href":"https:\/\/www.bintoufaitout.com\/index.php\/wp-json\/wp\/v2\/media?parent=259"}],"wp:term":[{"taxonomy":"product_brand","embeddable":true,"href":"https:\/\/www.bintoufaitout.com\/index.php\/wp-json\/wp\/v2\/product_brand?post=259"},{"taxonomy":"product_cat","embeddable":true,"href":"https:\/\/www.bintoufaitout.com\/index.php\/wp-json\/wp\/v2\/product_cat?post=259"},{"taxonomy":"product_tag","embeddable":true,"href":"https:\/\/www.bintoufaitout.com\/index.php\/wp-json\/wp\/v2\/product_tag?post=259"}],"curies":[{"name":"wp","href":"https:\/\/api.w.org\/{rel}","templated":true}]}}