{"id":261,"date":"2023-03-14T14:37:36","date_gmt":"2023-03-14T13:37:36","guid":{"rendered":"http:\/\/www.bintoufaitout.com\/?post_type=product&#038;p=261"},"modified":"2026-01-08T14:13:16","modified_gmt":"2026-01-08T13:13:16","slug":"lot-3-grands-faitouts-32-36-40-cm","status":"publish","type":"product","link":"https:\/\/www.bintoufaitout.com\/index.php\/produit\/lot-3-grands-faitouts-32-36-40-cm\/","title":{"rendered":"Lot 3 grands faitouts 32\/36\/40 cm"},"content":{"rendered":"<ol class=\"a-unordered-list a-vertical a-spacing-none\">\n<li><span class=\"a-list-item\">La collection Rosemberg est certifi\u00e9e tout types de feux: induction, gaz, plaques \u00e9lectriques et vitroc\u00e9ramique ( passe \u00e9galement au four )<\/span><\/li>\n<li><span class=\"a-list-item\">Equip\u00e9 d&rsquo;une Paire de poign\u00e9es silicones, ces faitouts vous simplifie le nettoyage et vous prot\u00e8gent de la chaleur.<\/span><\/li>\n<li><span class=\"a-list-item\">Entretien: passe au lave-vaisselle<\/span><\/li>\n<li><span class=\"a-list-item\">Couvercle en verre avec soupape vapeur et cerclage et poign\u00e9e inox<\/span><\/li>\n<li>32cm= 9,3 litres<\/li>\n<li>36cm= 13,5 litres<\/li>\n<li>40cm= 18,7 litres<\/li>\n<\/ol>\n","protected":false},"excerpt":{"rendered":"<p>La collection Rosemberg est certifi\u00e9e tout types de feux: induction, gaz, plaques \u00e9lectriques et vitroc\u00e9ramique ( passe \u00e9galement au four ) Equip\u00e9 d&rsquo;une Paire de poign\u00e9es silicones, ces faitouts vous simplifie le nettoyage et vous prot\u00e8gent de la chaleur. Entretien: passe au lave-vaisselle Couvercle en verre avec soupape vapeur et cerclage et poign\u00e9e inox 32cm= [&hellip;]<\/p>\n","protected":false},"featured_media":1910,"comment_status":"open","ping_status":"closed","template":"","meta":[],"product_brand":[],"product_cat":[23],"product_tag":[],"class_list":{"0":"post-261","1":"product","2":"type-product","3":"status-publish","4":"has-post-thumbnail","6":"product_cat-ustensiles-cuisine","7":"product_shipping_class-lourd","9":"first","10":"outofstock","11":"shipping-taxable","12":"purchasable","13":"product-type-simple"},"jetpack_sharing_enabled":true,"_links":{"self":[{"href":"https:\/\/www.bintoufaitout.com\/index.php\/wp-json\/wp\/v2\/product\/261","targetHints":{"allow":["GET"]}}],"collection":[{"href":"https:\/\/www.bintoufaitout.com\/index.php\/wp-json\/wp\/v2\/product"}],"about":[{"href":"https:\/\/www.bintoufaitout.com\/index.php\/wp-json\/wp\/v2\/types\/product"}],"replies":[{"embeddable":true,"href":"https:\/\/www.bintoufaitout.com\/index.php\/wp-json\/wp\/v2\/comments?post=261"}],"wp:featuredmedia":[{"embeddable":true,"href":"https:\/\/www.bintoufaitout.com\/index.php\/wp-json\/wp\/v2\/media\/1910"}],"wp:attachment":[{"href":"https:\/\/www.bintoufaitout.com\/index.php\/wp-json\/wp\/v2\/media?parent=261"}],"wp:term":[{"taxonomy":"product_brand","embeddable":true,"href":"https:\/\/www.bintoufaitout.com\/index.php\/wp-json\/wp\/v2\/product_brand?post=261"},{"taxonomy":"product_cat","embeddable":true,"href":"https:\/\/www.bintoufaitout.com\/index.php\/wp-json\/wp\/v2\/product_cat?post=261"},{"taxonomy":"product_tag","embeddable":true,"href":"https:\/\/www.bintoufaitout.com\/index.php\/wp-json\/wp\/v2\/product_tag?post=261"}],"curies":[{"name":"wp","href":"https:\/\/api.w.org\/{rel}","templated":true}]}}