{"id":276,"date":"2023-03-14T16:41:12","date_gmt":"2023-03-14T15:41:12","guid":{"rendered":"http:\/\/www.bintoufaitout.com\/?post_type=product&#038;p=276"},"modified":"2025-08-01T00:42:50","modified_gmt":"2025-07-31T22:42:50","slug":"lot-3-casseroles-en-pierre","status":"publish","type":"product","link":"https:\/\/www.bintoufaitout.com\/index.php\/produit\/lot-3-casseroles-en-pierre\/","title":{"rendered":"Lot 3 casseroles en pierre"},"content":{"rendered":"<div id=\"featurebullets_feature_div\" class=\"a-section\">\n<div id=\"feature-bullets\" class=\"a-section a-spacing-small\">\n<ul class=\"a-unordered-list a-vertical a-spacing-none\">\n<li style=\"list-style-type: none\">\n<ul class=\"a-unordered-list a-vertical a-spacing-none\">\n<li><span class=\"a-list-item\">La collection Rosemberg ou Eisembach est certifi\u00e9e tout types de feux: induction, gaz, plaques \u00e9lectriques et vitroc\u00e9ramique<\/span><\/li>\n<\/ul>\n<\/li>\n<li><span class=\"a-list-item\">Equip\u00e9e de 3 couvercles, cette s\u00e9rie 3 casseroles 16-18-20 cm vous simplifie le nettoyage et le rangement.<\/span><\/li>\n<li><span class=\"a-list-item\">Entretien: passe au lave-vaisselle<\/span><\/li>\n<\/ul>\n<\/div>\n<\/div>\n<div id=\"productDescription_feature_div\" class=\"a-section a-spacing-top-medium\">\n<div id=\"productDescription_fullView\">\n<div class=\"a-section text-direction-override\" dir=\"auto\">\n<p>Cette s\u00e9rie de 3 casseroles 16-18-20 cm de diam\u00e8tre en fonte d&rsquo;aluminium, sans PFOA, est munie d&rsquo;un rev\u00eatement anti-adh\u00e9rent de haute performance fa\u00e7on pierre qui vous permet de conserver l&rsquo;authenticit\u00e9 du go\u00fbt des aliments, sans ajout de mati\u00e8re grasse. La fonte d&rsquo;aluminium vous garantit une r\u00e9sistance longue dur\u00e9e et une ind\u00e9formabilit\u00e9. Equip\u00e9e de manches amovibles et de 3 couvercles, cette s\u00e9rie 3 casseroles 16-18-20 cm vous simplifie le nettoyage et le rangement. Cette collection Passe au lave-vaisselle<\/p>\n<\/div>\n<\/div>\n<\/div>\n","protected":false},"excerpt":{"rendered":"<p>La collection Rosemberg ou Eisembach est certifi\u00e9e tout types de feux: induction, gaz, plaques \u00e9lectriques et vitroc\u00e9ramique Equip\u00e9e de 3 couvercles, cette s\u00e9rie 3 casseroles 16-18-20 cm vous simplifie le nettoyage et le rangement. Entretien: passe au lave-vaisselle Cette s\u00e9rie de 3 casseroles 16-18-20 cm de diam\u00e8tre en fonte d&rsquo;aluminium, sans PFOA, est munie d&rsquo;un [&hellip;]<\/p>\n","protected":false},"featured_media":532,"comment_status":"open","ping_status":"closed","template":"","meta":[],"product_brand":[],"product_cat":[23],"product_tag":[],"class_list":{"0":"post-276","1":"product","2":"type-product","3":"status-publish","4":"has-post-thumbnail","6":"product_cat-ustensiles-cuisine","8":"first","9":"instock","10":"sale","11":"shipping-taxable","12":"purchasable","13":"product-type-simple"},"jetpack_sharing_enabled":true,"_links":{"self":[{"href":"https:\/\/www.bintoufaitout.com\/index.php\/wp-json\/wp\/v2\/product\/276","targetHints":{"allow":["GET"]}}],"collection":[{"href":"https:\/\/www.bintoufaitout.com\/index.php\/wp-json\/wp\/v2\/product"}],"about":[{"href":"https:\/\/www.bintoufaitout.com\/index.php\/wp-json\/wp\/v2\/types\/product"}],"replies":[{"embeddable":true,"href":"https:\/\/www.bintoufaitout.com\/index.php\/wp-json\/wp\/v2\/comments?post=276"}],"wp:featuredmedia":[{"embeddable":true,"href":"https:\/\/www.bintoufaitout.com\/index.php\/wp-json\/wp\/v2\/media\/532"}],"wp:attachment":[{"href":"https:\/\/www.bintoufaitout.com\/index.php\/wp-json\/wp\/v2\/media?parent=276"}],"wp:term":[{"taxonomy":"product_brand","embeddable":true,"href":"https:\/\/www.bintoufaitout.com\/index.php\/wp-json\/wp\/v2\/product_brand?post=276"},{"taxonomy":"product_cat","embeddable":true,"href":"https:\/\/www.bintoufaitout.com\/index.php\/wp-json\/wp\/v2\/product_cat?post=276"},{"taxonomy":"product_tag","embeddable":true,"href":"https:\/\/www.bintoufaitout.com\/index.php\/wp-json\/wp\/v2\/product_tag?post=276"}],"curies":[{"name":"wp","href":"https:\/\/api.w.org\/{rel}","templated":true}]}}