{"id":290,"date":"2023-03-21T20:08:36","date_gmt":"2023-03-21T19:08:36","guid":{"rendered":"http:\/\/www.bintoufaitout.com\/?post_type=product&#038;p=290"},"modified":"2025-08-19T17:06:44","modified_gmt":"2025-08-19T15:06:44","slug":"lot-12-verres-a-eau-boissons","status":"publish","type":"product","link":"https:\/\/www.bintoufaitout.com\/index.php\/produit\/lot-12-verres-a-eau-boissons\/","title":{"rendered":"Lot 12 verres \u00e0 eau\/boissons"},"content":{"rendered":"<ul class=\"a-unordered-list a-vertical a-spacing-none\">\n<li><span class=\"a-list-item\">Extra r\u00e9sistant Mat\u00e9riau innovant jusqu\u2019\u00e0 50% plus r\u00e9sistant que les normes du march\u00e9<\/span><\/li>\n<li><span class=\"a-list-item\">con\u00e7us pour \u00eatre respectueux de l&rsquo;environnement<\/span><\/li>\n<li><span class=\"a-list-item\">exceptionnelle transparence&nbsp;\u2013&nbsp;Indice de transparence de 98,9, sup\u00e9rieur aux normes de march\u00e9<\/span><\/li>\n<li><span class=\"a-list-item\">Une acoustique parfaite&nbsp;<\/span><\/li>\n<li>26cl<\/li>\n<\/ul>\n","protected":false},"excerpt":{"rendered":"<p>Extra r\u00e9sistant Mat\u00e9riau innovant jusqu\u2019\u00e0 50% plus r\u00e9sistant que les normes du march\u00e9 con\u00e7us pour \u00eatre respectueux de l&rsquo;environnement exceptionnelle transparence&nbsp;\u2013&nbsp;Indice de transparence de 98,9, sup\u00e9rieur aux normes de march\u00e9 Une acoustique parfaite&nbsp; 26cl<\/p>\n","protected":false},"featured_media":905,"comment_status":"open","ping_status":"closed","template":"","meta":[],"product_brand":[],"product_cat":[23],"product_tag":[],"class_list":{"0":"post-290","1":"product","2":"type-product","3":"status-publish","4":"has-post-thumbnail","6":"product_cat-ustensiles-cuisine","8":"first","9":"outofstock","10":"shipping-taxable","11":"purchasable","12":"product-type-simple"},"jetpack_sharing_enabled":true,"_links":{"self":[{"href":"https:\/\/www.bintoufaitout.com\/index.php\/wp-json\/wp\/v2\/product\/290","targetHints":{"allow":["GET"]}}],"collection":[{"href":"https:\/\/www.bintoufaitout.com\/index.php\/wp-json\/wp\/v2\/product"}],"about":[{"href":"https:\/\/www.bintoufaitout.com\/index.php\/wp-json\/wp\/v2\/types\/product"}],"replies":[{"embeddable":true,"href":"https:\/\/www.bintoufaitout.com\/index.php\/wp-json\/wp\/v2\/comments?post=290"}],"wp:featuredmedia":[{"embeddable":true,"href":"https:\/\/www.bintoufaitout.com\/index.php\/wp-json\/wp\/v2\/media\/905"}],"wp:attachment":[{"href":"https:\/\/www.bintoufaitout.com\/index.php\/wp-json\/wp\/v2\/media?parent=290"}],"wp:term":[{"taxonomy":"product_brand","embeddable":true,"href":"https:\/\/www.bintoufaitout.com\/index.php\/wp-json\/wp\/v2\/product_brand?post=290"},{"taxonomy":"product_cat","embeddable":true,"href":"https:\/\/www.bintoufaitout.com\/index.php\/wp-json\/wp\/v2\/product_cat?post=290"},{"taxonomy":"product_tag","embeddable":true,"href":"https:\/\/www.bintoufaitout.com\/index.php\/wp-json\/wp\/v2\/product_tag?post=290"}],"curies":[{"name":"wp","href":"https:\/\/api.w.org\/{rel}","templated":true}]}}