{"id":307,"date":"2023-03-21T21:00:07","date_gmt":"2023-03-21T20:00:07","guid":{"rendered":"http:\/\/www.bintoufaitout.com\/?post_type=product&#038;p=307"},"modified":"2024-11-22T12:48:54","modified_gmt":"2024-11-22T11:48:54","slug":"soupiere-en-verre-trempe","status":"publish","type":"product","link":"https:\/\/www.bintoufaitout.com\/index.php\/produit\/soupiere-en-verre-trempe\/","title":{"rendered":"Soupi\u00e8re en verre tremp\u00e9"},"content":{"rendered":"<p>soupi\u00e8re en verre tremp\u00e9<\/p>\n<p>avec support chauffe plat dor\u00e9 ou argent\u00e9<\/p>\n<p>contenance 4 litres<\/p>\n<p>louche et support en inox<\/p>\n<p>Disponible en coloris Gold ou Silver<\/p>\n","protected":false},"excerpt":{"rendered":"<p>soupi\u00e8re en verre tremp\u00e9 avec support chauffe plat dor\u00e9 ou argent\u00e9 contenance 4 litres louche et support en inox Disponible en coloris Gold ou Silver<\/p>\n","protected":false},"featured_media":291,"comment_status":"open","ping_status":"closed","template":"","meta":[],"product_brand":[],"product_cat":[23],"product_tag":[],"class_list":{"0":"post-307","1":"product","2":"type-product","3":"status-publish","4":"has-post-thumbnail","6":"product_cat-ustensiles-cuisine","8":"first","9":"outofstock","10":"shipping-taxable","11":"purchasable","12":"product-type-variable"},"jetpack_sharing_enabled":true,"_links":{"self":[{"href":"https:\/\/www.bintoufaitout.com\/index.php\/wp-json\/wp\/v2\/product\/307","targetHints":{"allow":["GET"]}}],"collection":[{"href":"https:\/\/www.bintoufaitout.com\/index.php\/wp-json\/wp\/v2\/product"}],"about":[{"href":"https:\/\/www.bintoufaitout.com\/index.php\/wp-json\/wp\/v2\/types\/product"}],"replies":[{"embeddable":true,"href":"https:\/\/www.bintoufaitout.com\/index.php\/wp-json\/wp\/v2\/comments?post=307"}],"wp:featuredmedia":[{"embeddable":true,"href":"https:\/\/www.bintoufaitout.com\/index.php\/wp-json\/wp\/v2\/media\/291"}],"wp:attachment":[{"href":"https:\/\/www.bintoufaitout.com\/index.php\/wp-json\/wp\/v2\/media?parent=307"}],"wp:term":[{"taxonomy":"product_brand","embeddable":true,"href":"https:\/\/www.bintoufaitout.com\/index.php\/wp-json\/wp\/v2\/product_brand?post=307"},{"taxonomy":"product_cat","embeddable":true,"href":"https:\/\/www.bintoufaitout.com\/index.php\/wp-json\/wp\/v2\/product_cat?post=307"},{"taxonomy":"product_tag","embeddable":true,"href":"https:\/\/www.bintoufaitout.com\/index.php\/wp-json\/wp\/v2\/product_tag?post=307"}],"curies":[{"name":"wp","href":"https:\/\/api.w.org\/{rel}","templated":true}]}}