{"id":530,"date":"2023-04-22T19:21:27","date_gmt":"2023-04-22T17:21:27","guid":{"rendered":"http:\/\/www.bintoufaitout.com\/?post_type=product&#038;p=530"},"modified":"2025-09-05T15:24:10","modified_gmt":"2025-09-05T13:24:10","slug":"batterie-de-cuisine-10-pieces-en-pierre","status":"publish","type":"product","link":"https:\/\/www.bintoufaitout.com\/index.php\/produit\/batterie-de-cuisine-10-pieces-en-pierre\/","title":{"rendered":"Batterie de cuisine 10 pi\u00e8ces en pierre"},"content":{"rendered":"<ul class=\"a-unordered-list a-vertical a-spacing-none\">\n<li style=\"list-style-type: none\">\n<ul class=\"a-unordered-list a-vertical a-spacing-none\">\n<li><span class=\"a-list-item\">La Batterie de Cuisine \u00a0est compatible tous feux, dont induction !\u00a0<\/span><\/li>\n<\/ul>\n<\/li>\n<li><span class=\"a-list-item\">Produit professionnel de qualit\u00e9 sup\u00e9rieure Garanti ind\u00e9formable et d\u2019une longue dur\u00e9e de vie Structure en fonte d\u2019aluminium avec un rev\u00eatement antiadh\u00e9sif \u00ab fa\u00e7on pierre \u00bb Compatible tous feux dont induction<\/span><\/li>\n<li><span class=\"a-list-item\">Homog\u00e9n\u00e9it\u00e9 de cuisson : sans ajout de mati\u00e8re grasse Mati\u00e8re : fonte d\u2019aluminium, bonne prise en main Couvercle \u00e9tanche en verre avec bords en inox \u00a0Excellente r\u00e9partition de la chaleur<\/span><\/li>\n<li><span class=\"a-list-item\">Ind\u00e9formable : po\u00eales en fonte d\u2019aluminium, coul\u00e9e sous pression avec un fond d\u2019\u00e9paisseur de 4,2mm. Rev\u00eatement antiadh\u00e9sif de qualit\u00e9 sup\u00e9rieur derni\u00e8re g\u00e9n\u00e9ration garanti sans PFOA <\/span><\/li>\n<li><span class=\"a-list-item\">Dimensions:<\/span><\/li>\n<li>faitouts: \u00a020, 24 et 28 cm de diam\u00e8tre Po\u00eales : 24 et 28 cm de diam\u00e8tre<\/li>\n<li>casserole:16 cm de diam\u00e8tre<\/li>\n<li>Compatible lave-vaisselle<\/li>\n<\/ul>\n","protected":false},"excerpt":{"rendered":"<p>La Batterie de Cuisine \u00a0est compatible tous feux, dont induction !\u00a0 Produit professionnel de qualit\u00e9 sup\u00e9rieure Garanti ind\u00e9formable et d\u2019une longue dur\u00e9e de vie Structure en fonte d\u2019aluminium avec un rev\u00eatement antiadh\u00e9sif \u00ab fa\u00e7on pierre \u00bb Compatible tous feux dont induction Homog\u00e9n\u00e9it\u00e9 de cuisson : sans ajout de mati\u00e8re grasse Mati\u00e8re : fonte d\u2019aluminium, bonne [&hellip;]<\/p>\n","protected":false},"featured_media":531,"comment_status":"open","ping_status":"closed","template":"","meta":[],"product_brand":[],"product_cat":[23],"product_tag":[],"class_list":{"0":"post-530","1":"product","2":"type-product","3":"status-publish","4":"has-post-thumbnail","6":"product_cat-ustensiles-cuisine","7":"product_shipping_class-24","9":"first","10":"instock","11":"shipping-taxable","12":"purchasable","13":"product-type-simple"},"jetpack_sharing_enabled":true,"_links":{"self":[{"href":"https:\/\/www.bintoufaitout.com\/index.php\/wp-json\/wp\/v2\/product\/530","targetHints":{"allow":["GET"]}}],"collection":[{"href":"https:\/\/www.bintoufaitout.com\/index.php\/wp-json\/wp\/v2\/product"}],"about":[{"href":"https:\/\/www.bintoufaitout.com\/index.php\/wp-json\/wp\/v2\/types\/product"}],"replies":[{"embeddable":true,"href":"https:\/\/www.bintoufaitout.com\/index.php\/wp-json\/wp\/v2\/comments?post=530"}],"wp:featuredmedia":[{"embeddable":true,"href":"https:\/\/www.bintoufaitout.com\/index.php\/wp-json\/wp\/v2\/media\/531"}],"wp:attachment":[{"href":"https:\/\/www.bintoufaitout.com\/index.php\/wp-json\/wp\/v2\/media?parent=530"}],"wp:term":[{"taxonomy":"product_brand","embeddable":true,"href":"https:\/\/www.bintoufaitout.com\/index.php\/wp-json\/wp\/v2\/product_brand?post=530"},{"taxonomy":"product_cat","embeddable":true,"href":"https:\/\/www.bintoufaitout.com\/index.php\/wp-json\/wp\/v2\/product_cat?post=530"},{"taxonomy":"product_tag","embeddable":true,"href":"https:\/\/www.bintoufaitout.com\/index.php\/wp-json\/wp\/v2\/product_tag?post=530"}],"curies":[{"name":"wp","href":"https:\/\/api.w.org\/{rel}","templated":true}]}}