{"id":534,"date":"2023-04-22T19:50:03","date_gmt":"2023-04-22T17:50:03","guid":{"rendered":"http:\/\/www.bintoufaitout.com\/?post_type=product&#038;p=534"},"modified":"2025-06-05T08:40:40","modified_gmt":"2025-06-05T06:40:40","slug":"barbecue-electrique-2000-watts","status":"publish","type":"product","link":"https:\/\/www.bintoufaitout.com\/index.php\/produit\/barbecue-electrique-2000-watts\/","title":{"rendered":"Barbecue \u00e9lectrique 2000 watts"},"content":{"rendered":"<p><span style=\"vertical-align: inherit\"><span style=\"vertical-align: inherit\">Gril de table au design attraction, \u00e0 faible \u00e9mission de fum\u00e9e et \u00e0 faible odeur bo\u00eetier au toucher froid grille et \u00e9l\u00e9ments chauffants amovibles pour un nettoyage facile bac de r\u00e9cup\u00e9ration en m\u00e9tal plusieurs programmes de <\/span><\/span><br \/>\n<span style=\"vertical-align: inherit\"><span style=\"vertical-align: inherit\">temp\u00e9rature<\/span><\/span><\/p>\n<p><span style=\"vertical-align: inherit\"><span style=\"vertical-align: inherit\">surface du gril : 35,5 x 24,5 cm<\/span><\/span><\/p>\n<p><span style=\"vertical-align: inherit\"><span style=\"vertical-align: inherit\">230 volts, 2000 watts<\/span><\/span><\/p>\n","protected":false},"excerpt":{"rendered":"<p>Gril de table au design attraction, \u00e0 faible \u00e9mission de fum\u00e9e et \u00e0 faible odeur bo\u00eetier au toucher froid grille et \u00e9l\u00e9ments chauffants amovibles pour un nettoyage facile bac de r\u00e9cup\u00e9ration en m\u00e9tal plusieurs programmes de temp\u00e9rature surface du gril : 35,5 x 24,5 cm 230 volts, 2000 watts<\/p>\n","protected":false},"featured_media":547,"comment_status":"open","ping_status":"closed","template":"","meta":[],"product_brand":[],"product_cat":[23],"product_tag":[],"class_list":{"0":"post-534","1":"product","2":"type-product","3":"status-publish","4":"has-post-thumbnail","6":"product_cat-ustensiles-cuisine","8":"first","9":"outofstock","10":"shipping-taxable","11":"purchasable","12":"product-type-simple"},"jetpack_sharing_enabled":true,"_links":{"self":[{"href":"https:\/\/www.bintoufaitout.com\/index.php\/wp-json\/wp\/v2\/product\/534","targetHints":{"allow":["GET"]}}],"collection":[{"href":"https:\/\/www.bintoufaitout.com\/index.php\/wp-json\/wp\/v2\/product"}],"about":[{"href":"https:\/\/www.bintoufaitout.com\/index.php\/wp-json\/wp\/v2\/types\/product"}],"replies":[{"embeddable":true,"href":"https:\/\/www.bintoufaitout.com\/index.php\/wp-json\/wp\/v2\/comments?post=534"}],"wp:featuredmedia":[{"embeddable":true,"href":"https:\/\/www.bintoufaitout.com\/index.php\/wp-json\/wp\/v2\/media\/547"}],"wp:attachment":[{"href":"https:\/\/www.bintoufaitout.com\/index.php\/wp-json\/wp\/v2\/media?parent=534"}],"wp:term":[{"taxonomy":"product_brand","embeddable":true,"href":"https:\/\/www.bintoufaitout.com\/index.php\/wp-json\/wp\/v2\/product_brand?post=534"},{"taxonomy":"product_cat","embeddable":true,"href":"https:\/\/www.bintoufaitout.com\/index.php\/wp-json\/wp\/v2\/product_cat?post=534"},{"taxonomy":"product_tag","embeddable":true,"href":"https:\/\/www.bintoufaitout.com\/index.php\/wp-json\/wp\/v2\/product_tag?post=534"}],"curies":[{"name":"wp","href":"https:\/\/api.w.org\/{rel}","templated":true}]}}