{"id":567,"date":"2024-01-20T01:46:03","date_gmt":"2024-01-20T00:46:03","guid":{"rendered":"https:\/\/www.bintoufaitout.com\/?post_type=product&#038;p=567"},"modified":"2025-04-08T22:41:12","modified_gmt":"2025-04-08T20:41:12","slug":"hachoir-inox-3-litres","status":"publish","type":"product","link":"https:\/\/www.bintoufaitout.com\/index.php\/produit\/hachoir-inox-3-litres\/","title":{"rendered":"Hachoir inox 3 litres"},"content":{"rendered":"<p>&nbsp;<\/p>\n<hr \/>\n<p>Pr\u00e9parer des plats maison devient un jeu d\u2019enfant Des oignons, herbes, noix, et autres parfaitement hach\u00e9s Un assistant culinaire non n\u00e9gligeable. Il peut hacher tout ce que vous voulez : l\u00e9gumes, herbes, noix, etc. en quelques secondes<br \/>\ncouteaux sp\u00e9cial viande en plus<br \/>\n1000W<\/p>\n","protected":false},"excerpt":{"rendered":"<p>&nbsp; Pr\u00e9parer des plats maison devient un jeu d\u2019enfant Des oignons, herbes, noix, et autres parfaitement hach\u00e9s Un assistant culinaire non n\u00e9gligeable. Il peut hacher tout ce que vous voulez : l\u00e9gumes, herbes, noix, etc. en quelques secondes couteaux sp\u00e9cial viande en plus 1000W<\/p>\n","protected":false},"featured_media":753,"comment_status":"open","ping_status":"closed","template":"","meta":[],"product_brand":[],"product_cat":[23],"product_tag":[],"class_list":{"0":"post-567","1":"product","2":"type-product","3":"status-publish","4":"has-post-thumbnail","6":"product_cat-ustensiles-cuisine","8":"first","9":"instock","10":"sale","11":"shipping-taxable","12":"purchasable","13":"product-type-simple"},"jetpack_sharing_enabled":true,"_links":{"self":[{"href":"https:\/\/www.bintoufaitout.com\/index.php\/wp-json\/wp\/v2\/product\/567","targetHints":{"allow":["GET"]}}],"collection":[{"href":"https:\/\/www.bintoufaitout.com\/index.php\/wp-json\/wp\/v2\/product"}],"about":[{"href":"https:\/\/www.bintoufaitout.com\/index.php\/wp-json\/wp\/v2\/types\/product"}],"replies":[{"embeddable":true,"href":"https:\/\/www.bintoufaitout.com\/index.php\/wp-json\/wp\/v2\/comments?post=567"}],"wp:featuredmedia":[{"embeddable":true,"href":"https:\/\/www.bintoufaitout.com\/index.php\/wp-json\/wp\/v2\/media\/753"}],"wp:attachment":[{"href":"https:\/\/www.bintoufaitout.com\/index.php\/wp-json\/wp\/v2\/media?parent=567"}],"wp:term":[{"taxonomy":"product_brand","embeddable":true,"href":"https:\/\/www.bintoufaitout.com\/index.php\/wp-json\/wp\/v2\/product_brand?post=567"},{"taxonomy":"product_cat","embeddable":true,"href":"https:\/\/www.bintoufaitout.com\/index.php\/wp-json\/wp\/v2\/product_cat?post=567"},{"taxonomy":"product_tag","embeddable":true,"href":"https:\/\/www.bintoufaitout.com\/index.php\/wp-json\/wp\/v2\/product_tag?post=567"}],"curies":[{"name":"wp","href":"https:\/\/api.w.org\/{rel}","templated":true}]}}