{"id":575,"date":"2024-01-24T01:19:52","date_gmt":"2024-01-24T00:19:52","guid":{"rendered":"https:\/\/www.bintoufaitout.com\/?post_type=product&#038;p=575"},"modified":"2024-01-26T16:39:59","modified_gmt":"2024-01-26T15:39:59","slug":"lot-3-moules-inox","status":"publish","type":"product","link":"https:\/\/www.bintoufaitout.com\/index.php\/produit\/lot-3-moules-inox\/","title":{"rendered":"Lot 3 moules inox"},"content":{"rendered":"<ul class=\"ul1\">\n<li class=\"li1\"><span class=\"s2\">les moules \u00e0 g\u00e2teau ronds \u00a0sont fabriqu\u00e9s en acier inoxydable pur sans mat\u00e9riaux toxiques, sans produits chimiques nocifs qui p\u00e9n\u00e8trent dans les aliments, contrairement aux moules en aluminium et en t\u00e9flon, sains pour votre utilisation quotidienne de la p\u00e2tisserie<\/span><\/li>\n<li class=\"li1\"><span class=\"s2\">Durable : les moules \u00e0 g\u00e2teau sont fabriqu\u00e9s en acier inoxydable de qualit\u00e9 sup\u00e9rieure et lourd pour \u00e9viter la d\u00e9formation, ils sont r\u00e9sistants \u00e0 la rouille et robustes pour une longue dur\u00e9e de vie, emp\u00eachent les fuites, pas comme le moule \u00e0 ressort, faciles \u00e0 nettoyer, passent au lave-vaisselle\u00a0<\/span><\/li>\n<li class=\"li1\"><span class=\"s2\">Polyvalent : cet ensemble de moules en m\u00e9tal est id\u00e9al pour la cuisson de g\u00e2teaux, quiches, pizzas \u00e0 plats profonds, pav\u00e9s de fruits, desserts moul\u00e9s en g\u00e9latine, steaks et c\u00f4tes au four, \u00e9galement comme un bon choix pour servir des fruits et des l\u00e9gumes<\/span><\/li>\n<li class=\"li1\"><span class=\"s2\">Lot de 3: taille 26 cm, 32 cm et 36 cm\u00a0<\/span><\/li>\n<\/ul>\n","protected":false},"excerpt":{"rendered":"<p>les moules \u00e0 g\u00e2teau ronds \u00a0sont fabriqu\u00e9s en acier inoxydable pur sans mat\u00e9riaux toxiques, sans produits chimiques nocifs qui p\u00e9n\u00e8trent dans les aliments, contrairement aux moules en aluminium et en t\u00e9flon, sains pour votre utilisation quotidienne de la p\u00e2tisserie Durable : les moules \u00e0 g\u00e2teau sont fabriqu\u00e9s en acier inoxydable de qualit\u00e9 sup\u00e9rieure et lourd [&hellip;]<\/p>\n","protected":false},"featured_media":576,"comment_status":"open","ping_status":"closed","template":"","meta":[],"product_brand":[],"product_cat":[23],"product_tag":[],"class_list":{"0":"post-575","1":"product","2":"type-product","3":"status-publish","4":"has-post-thumbnail","6":"product_cat-ustensiles-cuisine","8":"first","9":"instock","10":"sale","11":"shipping-taxable","12":"purchasable","13":"product-type-simple"},"jetpack_sharing_enabled":true,"_links":{"self":[{"href":"https:\/\/www.bintoufaitout.com\/index.php\/wp-json\/wp\/v2\/product\/575","targetHints":{"allow":["GET"]}}],"collection":[{"href":"https:\/\/www.bintoufaitout.com\/index.php\/wp-json\/wp\/v2\/product"}],"about":[{"href":"https:\/\/www.bintoufaitout.com\/index.php\/wp-json\/wp\/v2\/types\/product"}],"replies":[{"embeddable":true,"href":"https:\/\/www.bintoufaitout.com\/index.php\/wp-json\/wp\/v2\/comments?post=575"}],"wp:featuredmedia":[{"embeddable":true,"href":"https:\/\/www.bintoufaitout.com\/index.php\/wp-json\/wp\/v2\/media\/576"}],"wp:attachment":[{"href":"https:\/\/www.bintoufaitout.com\/index.php\/wp-json\/wp\/v2\/media?parent=575"}],"wp:term":[{"taxonomy":"product_brand","embeddable":true,"href":"https:\/\/www.bintoufaitout.com\/index.php\/wp-json\/wp\/v2\/product_brand?post=575"},{"taxonomy":"product_cat","embeddable":true,"href":"https:\/\/www.bintoufaitout.com\/index.php\/wp-json\/wp\/v2\/product_cat?post=575"},{"taxonomy":"product_tag","embeddable":true,"href":"https:\/\/www.bintoufaitout.com\/index.php\/wp-json\/wp\/v2\/product_tag?post=575"}],"curies":[{"name":"wp","href":"https:\/\/api.w.org\/{rel}","templated":true}]}}