{"id":579,"date":"2024-01-25T23:09:19","date_gmt":"2024-01-25T22:09:19","guid":{"rendered":"https:\/\/www.bintoufaitout.com\/?post_type=product&#038;p=579"},"modified":"2025-02-28T17:10:59","modified_gmt":"2025-02-28T16:10:59","slug":"soupiere-6-bols","status":"publish","type":"product","link":"https:\/\/www.bintoufaitout.com\/index.php\/produit\/soupiere-6-bols\/","title":{"rendered":"Soupi\u00e8re 6 bols"},"content":{"rendered":"<blockquote><p>Soupi\u00e8re avec 6 bols et assiettes<\/p><\/blockquote>\n<p>ce set soupi\u00e8re de 15 pi\u00e8ces en porcelaine trouvera certainement sa place sur votre table. Il vous permettra de savourer vos d\u00e9licieuses Hariras ou autres soupes faits maison dans une vaisselle de qualit\u00e9. En optant pour ce bel ensemble, ainsi vous prendrez un r\u00e9el plaisir \u00e0 vous r\u00e9galer en toute convivialit\u00e9<\/p>\n<p>Service \u00e0 soupe de 15 pi\u00e8ces pour 6 personnes en porcelaine Couleur blanche compos\u00e9 de:<\/p>\n<p>\u2013 1 Soupi\u00e8re pour 6 personnes avec couvercle<\/p>\n<p>\u2013 6 Bols<\/p>\n<p>\u2013 6 Assiettes<\/p>\n<p>\u2013 1 Louche<\/p>\n","protected":false},"excerpt":{"rendered":"<p>Soupi\u00e8re avec 6 bols et assiettes ce set soupi\u00e8re de 15 pi\u00e8ces en porcelaine trouvera certainement sa place sur votre table. Il vous permettra de savourer vos d\u00e9licieuses Hariras ou autres soupes faits maison dans une vaisselle de qualit\u00e9. En optant pour ce bel ensemble, ainsi vous prendrez un r\u00e9el plaisir \u00e0 vous r\u00e9galer en [&hellip;]<\/p>\n","protected":false},"featured_media":580,"comment_status":"open","ping_status":"closed","template":"","meta":[],"product_brand":[],"product_cat":[58],"product_tag":[],"class_list":{"0":"post-579","1":"product","2":"type-product","3":"status-publish","4":"has-post-thumbnail","6":"product_cat-linges-de-lit","7":"product_shipping_class-28","9":"first","10":"outofstock","11":"sale","12":"shipping-taxable","13":"purchasable","14":"product-type-simple"},"jetpack_sharing_enabled":true,"_links":{"self":[{"href":"https:\/\/www.bintoufaitout.com\/index.php\/wp-json\/wp\/v2\/product\/579","targetHints":{"allow":["GET"]}}],"collection":[{"href":"https:\/\/www.bintoufaitout.com\/index.php\/wp-json\/wp\/v2\/product"}],"about":[{"href":"https:\/\/www.bintoufaitout.com\/index.php\/wp-json\/wp\/v2\/types\/product"}],"replies":[{"embeddable":true,"href":"https:\/\/www.bintoufaitout.com\/index.php\/wp-json\/wp\/v2\/comments?post=579"}],"wp:featuredmedia":[{"embeddable":true,"href":"https:\/\/www.bintoufaitout.com\/index.php\/wp-json\/wp\/v2\/media\/580"}],"wp:attachment":[{"href":"https:\/\/www.bintoufaitout.com\/index.php\/wp-json\/wp\/v2\/media?parent=579"}],"wp:term":[{"taxonomy":"product_brand","embeddable":true,"href":"https:\/\/www.bintoufaitout.com\/index.php\/wp-json\/wp\/v2\/product_brand?post=579"},{"taxonomy":"product_cat","embeddable":true,"href":"https:\/\/www.bintoufaitout.com\/index.php\/wp-json\/wp\/v2\/product_cat?post=579"},{"taxonomy":"product_tag","embeddable":true,"href":"https:\/\/www.bintoufaitout.com\/index.php\/wp-json\/wp\/v2\/product_tag?post=579"}],"curies":[{"name":"wp","href":"https:\/\/api.w.org\/{rel}","templated":true}]}}