{"id":606,"date":"2024-04-30T21:02:38","date_gmt":"2024-04-30T19:02:38","guid":{"rendered":"https:\/\/www.bintoufaitout.com\/?post_type=product&#038;p=606"},"modified":"2025-02-15T21:08:25","modified_gmt":"2025-02-15T20:08:25","slug":"grande-assiette-porcelaine","status":"publish","type":"product","link":"https:\/\/www.bintoufaitout.com\/index.php\/produit\/grande-assiette-porcelaine\/","title":{"rendered":"Grande assiette porcelaine"},"content":{"rendered":"<p>Cette assiette creuse de la collection rosemberg avec son blanc lumineux et sa forme d&rsquo;une \u00e9l\u00e9gance extr\u00e8me, apportera chic et raffinement \u00e0 n&rsquo;importe quelle table<br \/>\n35cm environ 6 personnes<br \/>\nMati\u00e8re : Porcelaine<br \/>\nCouleur : Blanc<br \/>\nCompatible Lave-vaisselle<\/p>\n","protected":false},"excerpt":{"rendered":"<p>Cette assiette creuse de la collection rosemberg avec son blanc lumineux et sa forme d&rsquo;une \u00e9l\u00e9gance extr\u00e8me, apportera chic et raffinement \u00e0 n&rsquo;importe quelle table 35cm environ 6 personnes Mati\u00e8re : Porcelaine Couleur : Blanc Compatible Lave-vaisselle<\/p>\n","protected":false},"featured_media":607,"comment_status":"open","ping_status":"closed","template":"","meta":[],"product_brand":[],"product_cat":[23],"product_tag":[],"class_list":{"0":"post-606","1":"product","2":"type-product","3":"status-publish","4":"has-post-thumbnail","6":"product_cat-ustensiles-cuisine","8":"first","9":"outofstock","10":"shipping-taxable","11":"purchasable","12":"product-type-simple"},"jetpack_sharing_enabled":true,"_links":{"self":[{"href":"https:\/\/www.bintoufaitout.com\/index.php\/wp-json\/wp\/v2\/product\/606","targetHints":{"allow":["GET"]}}],"collection":[{"href":"https:\/\/www.bintoufaitout.com\/index.php\/wp-json\/wp\/v2\/product"}],"about":[{"href":"https:\/\/www.bintoufaitout.com\/index.php\/wp-json\/wp\/v2\/types\/product"}],"replies":[{"embeddable":true,"href":"https:\/\/www.bintoufaitout.com\/index.php\/wp-json\/wp\/v2\/comments?post=606"}],"wp:featuredmedia":[{"embeddable":true,"href":"https:\/\/www.bintoufaitout.com\/index.php\/wp-json\/wp\/v2\/media\/607"}],"wp:attachment":[{"href":"https:\/\/www.bintoufaitout.com\/index.php\/wp-json\/wp\/v2\/media?parent=606"}],"wp:term":[{"taxonomy":"product_brand","embeddable":true,"href":"https:\/\/www.bintoufaitout.com\/index.php\/wp-json\/wp\/v2\/product_brand?post=606"},{"taxonomy":"product_cat","embeddable":true,"href":"https:\/\/www.bintoufaitout.com\/index.php\/wp-json\/wp\/v2\/product_cat?post=606"},{"taxonomy":"product_tag","embeddable":true,"href":"https:\/\/www.bintoufaitout.com\/index.php\/wp-json\/wp\/v2\/product_tag?post=606"}],"curies":[{"name":"wp","href":"https:\/\/api.w.org\/{rel}","templated":true}]}}