{"id":609,"date":"2024-04-30T21:05:23","date_gmt":"2024-04-30T19:05:23","guid":{"rendered":"https:\/\/www.bintoufaitout.com\/?post_type=product&#038;p=609"},"modified":"2024-10-18T20:21:24","modified_gmt":"2024-10-18T18:21:24","slug":"tres-grande-assiette-porcelaine","status":"publish","type":"product","link":"https:\/\/www.bintoufaitout.com\/index.php\/produit\/tres-grande-assiette-porcelaine\/","title":{"rendered":"Tr\u00e8s grande assiette blanche"},"content":{"rendered":"<p>Cette assiette creuse de la collection rosemberg avec son blanc lumineux et sa forme d&rsquo;une \u00e9l\u00e9gance extr\u00e8me, apportera chic et raffinement \u00e0 n&rsquo;importe quelle table.<br \/>\n40cm environ 8-10 personnes<br \/>\nMati\u00e8re : Porcelaine<br \/>\nCouleur : Blanc<br \/>\nCompatible Lave-vaisselle<\/p>\n","protected":false},"excerpt":{"rendered":"<p>Cette assiette creuse de la collection rosemberg avec son blanc lumineux et sa forme d&rsquo;une \u00e9l\u00e9gance extr\u00e8me, apportera chic et raffinement \u00e0 n&rsquo;importe quelle table. 40cm environ 8-10 personnes Mati\u00e8re : Porcelaine Couleur : Blanc Compatible Lave-vaisselle<\/p>\n","protected":false},"featured_media":1154,"comment_status":"open","ping_status":"closed","template":"","meta":[],"product_brand":[],"product_cat":[23],"product_tag":[],"class_list":{"0":"post-609","1":"product","2":"type-product","3":"status-publish","4":"has-post-thumbnail","6":"product_cat-ustensiles-cuisine","8":"first","9":"instock","10":"shipping-taxable","11":"purchasable","12":"product-type-simple"},"jetpack_sharing_enabled":true,"_links":{"self":[{"href":"https:\/\/www.bintoufaitout.com\/index.php\/wp-json\/wp\/v2\/product\/609","targetHints":{"allow":["GET"]}}],"collection":[{"href":"https:\/\/www.bintoufaitout.com\/index.php\/wp-json\/wp\/v2\/product"}],"about":[{"href":"https:\/\/www.bintoufaitout.com\/index.php\/wp-json\/wp\/v2\/types\/product"}],"replies":[{"embeddable":true,"href":"https:\/\/www.bintoufaitout.com\/index.php\/wp-json\/wp\/v2\/comments?post=609"}],"wp:featuredmedia":[{"embeddable":true,"href":"https:\/\/www.bintoufaitout.com\/index.php\/wp-json\/wp\/v2\/media\/1154"}],"wp:attachment":[{"href":"https:\/\/www.bintoufaitout.com\/index.php\/wp-json\/wp\/v2\/media?parent=609"}],"wp:term":[{"taxonomy":"product_brand","embeddable":true,"href":"https:\/\/www.bintoufaitout.com\/index.php\/wp-json\/wp\/v2\/product_brand?post=609"},{"taxonomy":"product_cat","embeddable":true,"href":"https:\/\/www.bintoufaitout.com\/index.php\/wp-json\/wp\/v2\/product_cat?post=609"},{"taxonomy":"product_tag","embeddable":true,"href":"https:\/\/www.bintoufaitout.com\/index.php\/wp-json\/wp\/v2\/product_tag?post=609"}],"curies":[{"name":"wp","href":"https:\/\/api.w.org\/{rel}","templated":true}]}}