{"id":61,"date":"2023-02-24T17:18:01","date_gmt":"2023-02-24T16:18:01","guid":{"rendered":"http:\/\/www.bintoufaitout.com\/index.php\/produit\/hoodie-with-logo-3\/"},"modified":"2025-05-20T22:23:57","modified_gmt":"2025-05-20T20:23:57","slug":"hoodie-with-logo-3","status":"publish","type":"product","link":"https:\/\/www.bintoufaitout.com\/index.php\/produit\/hoodie-with-logo-3\/","title":{"rendered":"Couscoussier pierre"},"content":{"rendered":"<div id=\"featurebullets_feature_div\" class=\"a-section\">\n<div id=\"feature-bullets\" class=\"a-section a-spacing-small\">\n<ul class=\"a-unordered-list a-vertical a-spacing-none\">\n<li><span class=\"a-list-item\">Produit innovant et intelligent !<\/span><\/li>\n<li><span class=\"a-list-item\">Rev\u00eatement pour cuisiner comme sur de la pierre, de technologie allemande, de la marque Greblon\u00a0<\/span><\/li>\n<li><span class=\"a-list-item\">Besoin de tr\u00e8s peu de mati\u00e8re grasse, sans PFOA et tr\u00e8s facile d&rsquo;entretien<\/span><\/li>\n<\/ul>\n<\/div>\n<\/div>\n<div id=\"productDescription_feature_div\" class=\"a-section a-spacing-top-medium\">\n<div id=\"productDescription_fullView\">\n<div class=\"a-section text-direction-override\" dir=\"auto\">\n<p>Avec sa forme nous rappelant les chaudrons d&rsquo;antant, ce couscoussier \/ cuit vapeur dispose d&rsquo;un joint en silicone sous le panier, et d&rsquo;un couvercle \u00e0 bordure silicon\u00e9. Il est id\u00e9alement con\u00e7u pour pr\u00e9parer vos repas avec un gain de temps et d&rsquo;\u00e9nergie intelligent ! Par ailleurs, les aliments ne collent pas au r\u00e9cipient, et l&rsquo;ustensile se nettoie avec une facilit\u00e9 \u00e9tonnante ! Le produit est compatible tous feux dont induction.<\/p>\n<\/div>\n<\/div>\n<\/div>\n","protected":false},"excerpt":{"rendered":"<p>This is a simple product.<\/p>\n","protected":false},"featured_media":40,"comment_status":"open","ping_status":"closed","template":"","meta":[],"product_brand":[],"product_cat":[23],"product_tag":[],"class_list":{"0":"post-61","1":"product","2":"type-product","3":"status-publish","4":"has-post-thumbnail","6":"product_cat-ustensiles-cuisine","8":"first","9":"instock","10":"sale","11":"shipping-taxable","12":"purchasable","13":"product-type-variable"},"jetpack_sharing_enabled":true,"_links":{"self":[{"href":"https:\/\/www.bintoufaitout.com\/index.php\/wp-json\/wp\/v2\/product\/61","targetHints":{"allow":["GET"]}}],"collection":[{"href":"https:\/\/www.bintoufaitout.com\/index.php\/wp-json\/wp\/v2\/product"}],"about":[{"href":"https:\/\/www.bintoufaitout.com\/index.php\/wp-json\/wp\/v2\/types\/product"}],"replies":[{"embeddable":true,"href":"https:\/\/www.bintoufaitout.com\/index.php\/wp-json\/wp\/v2\/comments?post=61"}],"wp:featuredmedia":[{"embeddable":true,"href":"https:\/\/www.bintoufaitout.com\/index.php\/wp-json\/wp\/v2\/media\/40"}],"wp:attachment":[{"href":"https:\/\/www.bintoufaitout.com\/index.php\/wp-json\/wp\/v2\/media?parent=61"}],"wp:term":[{"taxonomy":"product_brand","embeddable":true,"href":"https:\/\/www.bintoufaitout.com\/index.php\/wp-json\/wp\/v2\/product_brand?post=61"},{"taxonomy":"product_cat","embeddable":true,"href":"https:\/\/www.bintoufaitout.com\/index.php\/wp-json\/wp\/v2\/product_cat?post=61"},{"taxonomy":"product_tag","embeddable":true,"href":"https:\/\/www.bintoufaitout.com\/index.php\/wp-json\/wp\/v2\/product_tag?post=61"}],"curies":[{"name":"wp","href":"https:\/\/api.w.org\/{rel}","templated":true}]}}