{"id":62,"date":"2023-02-24T18:02:34","date_gmt":"2023-02-24T17:02:34","guid":{"rendered":"http:\/\/www.bintoufaitout.com\/?post_type=product&#038;p=62"},"modified":"2024-05-19T12:21:29","modified_gmt":"2024-05-19T10:21:29","slug":"tajine-pierre","status":"publish","type":"product","link":"https:\/\/www.bintoufaitout.com\/index.php\/produit\/tajine-pierre\/","title":{"rendered":"Tajine pierre"},"content":{"rendered":"<blockquote>\n<ul>\n<li>Acier inoxydable de haute qualit\u00e9.<\/li>\n<li>Fond \u00e0 3 couches avec conduction thermique.<\/li>\n<li>Le couvercle en c\u00e9ramique garde la vapeur et les ar\u00f4mes \u00e0 l&rsquo;int\u00e9rieur.<\/li>\n<li>Convient pour une utilisation avec toutes les plaques de cuisson, y compris induction.<\/li>\n<li>Si la cuisson est faite avec peu d&rsquo;eau et la friture avec peu de graisse, cela permet d&rsquo;avoir une pr\u00e9paration saine et de minimiser la perte de vitamines, de min\u00e9raux et de saveur.<\/li>\n<li>Convient pour 6 personnes (34 cm).<\/li>\n<li>Couleur noir et blanc.<\/li>\n<li>Pratique et attrayant\u00a0Pas de coins pour recueillir les aliments et les particules de graisse. Facile \u00e0 nettoyer.<\/li>\n<\/ul>\n<\/blockquote>\n","protected":false},"excerpt":{"rendered":"<p>Acier inoxydable de haute qualit\u00e9. Fond \u00e0 3 couches avec conduction thermique. Le couvercle en c\u00e9ramique garde la vapeur et les ar\u00f4mes \u00e0 l&rsquo;int\u00e9rieur. Convient pour une utilisation avec toutes les plaques de cuisson, y compris induction. Si la cuisson est faite avec peu d&rsquo;eau et la friture avec peu de graisse, cela permet d&rsquo;avoir [&hellip;]<\/p>\n","protected":false},"featured_media":775,"comment_status":"open","ping_status":"closed","template":"","meta":[],"product_brand":[],"product_cat":[23],"product_tag":[],"class_list":{"0":"post-62","1":"product","2":"type-product","3":"status-publish","4":"has-post-thumbnail","6":"product_cat-ustensiles-cuisine","8":"first","9":"instock","10":"shipping-taxable","11":"purchasable","12":"product-type-simple"},"jetpack_sharing_enabled":true,"_links":{"self":[{"href":"https:\/\/www.bintoufaitout.com\/index.php\/wp-json\/wp\/v2\/product\/62","targetHints":{"allow":["GET"]}}],"collection":[{"href":"https:\/\/www.bintoufaitout.com\/index.php\/wp-json\/wp\/v2\/product"}],"about":[{"href":"https:\/\/www.bintoufaitout.com\/index.php\/wp-json\/wp\/v2\/types\/product"}],"replies":[{"embeddable":true,"href":"https:\/\/www.bintoufaitout.com\/index.php\/wp-json\/wp\/v2\/comments?post=62"}],"wp:featuredmedia":[{"embeddable":true,"href":"https:\/\/www.bintoufaitout.com\/index.php\/wp-json\/wp\/v2\/media\/775"}],"wp:attachment":[{"href":"https:\/\/www.bintoufaitout.com\/index.php\/wp-json\/wp\/v2\/media?parent=62"}],"wp:term":[{"taxonomy":"product_brand","embeddable":true,"href":"https:\/\/www.bintoufaitout.com\/index.php\/wp-json\/wp\/v2\/product_brand?post=62"},{"taxonomy":"product_cat","embeddable":true,"href":"https:\/\/www.bintoufaitout.com\/index.php\/wp-json\/wp\/v2\/product_cat?post=62"},{"taxonomy":"product_tag","embeddable":true,"href":"https:\/\/www.bintoufaitout.com\/index.php\/wp-json\/wp\/v2\/product_tag?post=62"}],"curies":[{"name":"wp","href":"https:\/\/api.w.org\/{rel}","templated":true}]}}