{"id":626,"date":"2024-04-30T21:40:37","date_gmt":"2024-04-30T19:40:37","guid":{"rendered":"https:\/\/www.bintoufaitout.com\/?post_type=product&#038;p=626"},"modified":"2025-01-14T20:44:15","modified_gmt":"2025-01-14T19:44:15","slug":"moule-a-gateau-granite-2","status":"publish","type":"product","link":"https:\/\/www.bintoufaitout.com\/index.php\/produit\/moule-a-gateau-granite-2\/","title":{"rendered":"Moule \u00e0 g\u00e2teau granite"},"content":{"rendered":"<p>DURABILIT\u00c9 SUP\u00c9RIEURE : Les moules \u00e0 g\u00e2teaux sont fabriqu\u00e9s en granit moul\u00e9; si vous en prenez soin, ils peuvent vous faire p\u00e2tisser pendant de nombreuses ann\u00e9es. Ces moules \u00e0 g\u00e2teaux garantissent une performance professionnelle qui, avec leurs belles formes, donneront \u00e0 votre dessert un r\u00e9sultat unique et spectaculaire.<br \/>\nANTI-ADH\u00c9SIF ET FACILE \u00c0 UTILISER : Le rev\u00eatement anti-adh\u00e9sif de haute qualit\u00e9 que nous avons utilis\u00e9 dans notre moule \u00e0 g\u00e2teaux vous aidera \u00e0 d\u00e9mouler votre g\u00e2teau sans aucun probl\u00e8me. Nous vous recommandons de toujours utiliser un spray anti-adh\u00e9rent, ou un peu de farine et\/ou de beurre, pour \u00eatre s\u00fbr d&rsquo;obtenir un d\u00e9moulage parfait.UN MOULE \u00c0 G\u00c2TEAUX PROFESSIONNEL, APPR\u00c9CI\u00c9 DES AMATEURS : Ces moules \u00e0 g\u00e2teaux sont adapt\u00e9s \u00e0 tous les niveaux de savoir-faire culinaire, ce qui permet aux d\u00e9butants de r\u00e9aliser des desserts spectaculaires et aux plus exp\u00e9riment\u00e9s d&rsquo;obtenir un effet qui aide \u00e0 se d\u00e9marquer des autres.<br \/>\nCUIT UNIFORM\u00c9MENT SUR TOUS LES C\u00d4T\u00c9S : Ce moule \u00e0 g\u00e2teau permet \u00e0 la chaleur d&rsquo;atteindre le centre du g\u00e2teau, ce qui facilite une cuisson plus rapide et plus homog\u00e8ne. De m\u00eame, l&rsquo;aluminium moul\u00e9 permet un transfert de chaleur homog\u00e8ne sur l&rsquo;ext\u00e9rieur du g\u00e2teau pour des r\u00e9sultats professionnels.NETTOYAGE FACILE : La qualit\u00e9 des mat\u00e9riaux utilis\u00e9s pour fabriquer ce moule \u00e0 g\u00e2teau rend le processus de nettoyage beaucoup plus facile. Vous pouvez le nettoyer juste en l&rsquo;essuyant avec un chiffon ou une serviette l\u00e9g\u00e9r\u00e8ment impr\u00e9gn\u00e9e d&rsquo;eau savonneuse, puis en le laissant s\u00e9cher. Nous vous conseillons de ne pas utiliser le lave-vaisselle afin de pr\u00e9server ses propri\u00e9t\u00e9s anti-adh\u00e9sives<br \/>\nDiam\u00e8tre 24cm<\/p>\n","protected":false},"excerpt":{"rendered":"<p>DURABILIT\u00c9 SUP\u00c9RIEURE : Les moules \u00e0 g\u00e2teaux sont fabriqu\u00e9s en granit moul\u00e9; si vous en prenez soin, ils peuvent vous faire p\u00e2tisser pendant de nombreuses ann\u00e9es. Ces moules \u00e0 g\u00e2teaux garantissent une performance professionnelle qui, avec leurs belles formes, donneront \u00e0 votre dessert un r\u00e9sultat unique et spectaculaire. ANTI-ADH\u00c9SIF ET FACILE \u00c0 UTILISER : Le [&hellip;]<\/p>\n","protected":false},"featured_media":1171,"comment_status":"open","ping_status":"closed","template":"","meta":[],"product_brand":[],"product_cat":[23],"product_tag":[],"class_list":{"0":"post-626","1":"product","2":"type-product","3":"status-publish","4":"has-post-thumbnail","6":"product_cat-ustensiles-cuisine","8":"first","9":"outofstock","10":"sale","11":"shipping-taxable","12":"purchasable","13":"product-type-simple"},"jetpack_sharing_enabled":true,"_links":{"self":[{"href":"https:\/\/www.bintoufaitout.com\/index.php\/wp-json\/wp\/v2\/product\/626","targetHints":{"allow":["GET"]}}],"collection":[{"href":"https:\/\/www.bintoufaitout.com\/index.php\/wp-json\/wp\/v2\/product"}],"about":[{"href":"https:\/\/www.bintoufaitout.com\/index.php\/wp-json\/wp\/v2\/types\/product"}],"replies":[{"embeddable":true,"href":"https:\/\/www.bintoufaitout.com\/index.php\/wp-json\/wp\/v2\/comments?post=626"}],"wp:featuredmedia":[{"embeddable":true,"href":"https:\/\/www.bintoufaitout.com\/index.php\/wp-json\/wp\/v2\/media\/1171"}],"wp:attachment":[{"href":"https:\/\/www.bintoufaitout.com\/index.php\/wp-json\/wp\/v2\/media?parent=626"}],"wp:term":[{"taxonomy":"product_brand","embeddable":true,"href":"https:\/\/www.bintoufaitout.com\/index.php\/wp-json\/wp\/v2\/product_brand?post=626"},{"taxonomy":"product_cat","embeddable":true,"href":"https:\/\/www.bintoufaitout.com\/index.php\/wp-json\/wp\/v2\/product_cat?post=626"},{"taxonomy":"product_tag","embeddable":true,"href":"https:\/\/www.bintoufaitout.com\/index.php\/wp-json\/wp\/v2\/product_tag?post=626"}],"curies":[{"name":"wp","href":"https:\/\/api.w.org\/{rel}","templated":true}]}}