{"id":632,"date":"2024-04-30T21:51:41","date_gmt":"2024-04-30T19:51:41","guid":{"rendered":"https:\/\/www.bintoufaitout.com\/?post_type=product&#038;p=632"},"modified":"2025-03-05T16:52:21","modified_gmt":"2025-03-05T15:52:21","slug":"lot-4-moules-pierre","status":"publish","type":"product","link":"https:\/\/www.bintoufaitout.com\/index.php\/produit\/lot-4-moules-pierre\/","title":{"rendered":"Lot 4 moules pierre"},"content":{"rendered":"<p>-moule \u00e0 brownie<br \/>\n-moule \u00e0 cake<br \/>\n-moule g\u00e2teau rond 24cm<br \/>\n-moule \u00e0 cupcakes\/ muffins<br \/>\nMati\u00e8re pierre anti adh\u00e9rent cela lui conf\u00e8re une meilleure r\u00e9partition de la chaleur pendant la cuisson, pour une parfaite homog\u00e9n\u00e9it\u00e9.<br \/>\nLe rev\u00eatement anti-adh\u00e9sif est compos\u00e9 d&rsquo;une double couche augmentant la r\u00e9sistance du produit contre les rayures.<br \/>\nLes moules \u00e0 g\u00e2teau sont tr\u00e8s appr\u00e9ci\u00e9 pour leur r\u00e9sistance y compris sur des temp\u00e9ratures \u00e9lev\u00e9es jusqu&rsquo;\u00e0 260\u00b0.<br \/>\nCes moules vous promettent un d\u00e9moulage parfait en plus d&rsquo;un entretien facile.<br \/>\nGr\u00e2ce \u00e0 ce rev\u00eatement, un simple nettoyage \u00e0 la main suffit<\/p>\n","protected":false},"excerpt":{"rendered":"<p>-moule \u00e0 brownie -moule \u00e0 cake -moule g\u00e2teau rond 24cm -moule \u00e0 cupcakes\/ muffins Mati\u00e8re pierre anti adh\u00e9rent cela lui conf\u00e8re une meilleure r\u00e9partition de la chaleur pendant la cuisson, pour une parfaite homog\u00e9n\u00e9it\u00e9. Le rev\u00eatement anti-adh\u00e9sif est compos\u00e9 d&rsquo;une double couche augmentant la r\u00e9sistance du produit contre les rayures. Les moules \u00e0 g\u00e2teau sont [&hellip;]<\/p>\n","protected":false},"featured_media":633,"comment_status":"open","ping_status":"closed","template":"","meta":[],"product_brand":[],"product_cat":[23],"product_tag":[],"class_list":{"0":"post-632","1":"product","2":"type-product","3":"status-publish","4":"has-post-thumbnail","6":"product_cat-ustensiles-cuisine","8":"first","9":"outofstock","10":"shipping-taxable","11":"purchasable","12":"product-type-simple"},"jetpack_sharing_enabled":true,"_links":{"self":[{"href":"https:\/\/www.bintoufaitout.com\/index.php\/wp-json\/wp\/v2\/product\/632","targetHints":{"allow":["GET"]}}],"collection":[{"href":"https:\/\/www.bintoufaitout.com\/index.php\/wp-json\/wp\/v2\/product"}],"about":[{"href":"https:\/\/www.bintoufaitout.com\/index.php\/wp-json\/wp\/v2\/types\/product"}],"replies":[{"embeddable":true,"href":"https:\/\/www.bintoufaitout.com\/index.php\/wp-json\/wp\/v2\/comments?post=632"}],"wp:featuredmedia":[{"embeddable":true,"href":"https:\/\/www.bintoufaitout.com\/index.php\/wp-json\/wp\/v2\/media\/633"}],"wp:attachment":[{"href":"https:\/\/www.bintoufaitout.com\/index.php\/wp-json\/wp\/v2\/media?parent=632"}],"wp:term":[{"taxonomy":"product_brand","embeddable":true,"href":"https:\/\/www.bintoufaitout.com\/index.php\/wp-json\/wp\/v2\/product_brand?post=632"},{"taxonomy":"product_cat","embeddable":true,"href":"https:\/\/www.bintoufaitout.com\/index.php\/wp-json\/wp\/v2\/product_cat?post=632"},{"taxonomy":"product_tag","embeddable":true,"href":"https:\/\/www.bintoufaitout.com\/index.php\/wp-json\/wp\/v2\/product_tag?post=632"}],"curies":[{"name":"wp","href":"https:\/\/api.w.org\/{rel}","templated":true}]}}