{"id":642,"date":"2024-04-30T22:30:27","date_gmt":"2024-04-30T20:30:27","guid":{"rendered":"https:\/\/www.bintoufaitout.com\/?post_type=product&#038;p=642"},"modified":"2025-09-09T10:13:25","modified_gmt":"2025-09-09T08:13:25","slug":"lot-3-faitouts-carres-2","status":"publish","type":"product","link":"https:\/\/www.bintoufaitout.com\/index.php\/produit\/lot-3-faitouts-carres-2\/","title":{"rendered":"Lot 3 faitouts carr\u00e9s"},"content":{"rendered":"<p>Gamme 3 faitouts carr\u00e9s 20\/24\/28cm tous feux dont induction,vont \u00e9galement au four et lave vaisselle<\/p>\n<p>Anti adh\u00e9rent facile \u00e0 nettoyer<\/p>\n<p>greblon C2<\/p>\n","protected":false},"excerpt":{"rendered":"<p>Gamme 3 faitouts carr\u00e9s 20\/24\/28cm tous feux dont induction,vont \u00e9galement au four et lave vaisselle Anti adh\u00e9rent facile \u00e0 nettoyer greblon C2<\/p>\n","protected":false},"featured_media":643,"comment_status":"open","ping_status":"closed","template":"","meta":[],"product_brand":[],"product_cat":[23],"product_tag":[],"class_list":{"0":"post-642","1":"product","2":"type-product","3":"status-publish","4":"has-post-thumbnail","6":"product_cat-ustensiles-cuisine","7":"product_shipping_class-24","9":"first","10":"outofstock","11":"sale","12":"shipping-taxable","13":"purchasable","14":"product-type-simple"},"jetpack_sharing_enabled":true,"_links":{"self":[{"href":"https:\/\/www.bintoufaitout.com\/index.php\/wp-json\/wp\/v2\/product\/642","targetHints":{"allow":["GET"]}}],"collection":[{"href":"https:\/\/www.bintoufaitout.com\/index.php\/wp-json\/wp\/v2\/product"}],"about":[{"href":"https:\/\/www.bintoufaitout.com\/index.php\/wp-json\/wp\/v2\/types\/product"}],"replies":[{"embeddable":true,"href":"https:\/\/www.bintoufaitout.com\/index.php\/wp-json\/wp\/v2\/comments?post=642"}],"wp:featuredmedia":[{"embeddable":true,"href":"https:\/\/www.bintoufaitout.com\/index.php\/wp-json\/wp\/v2\/media\/643"}],"wp:attachment":[{"href":"https:\/\/www.bintoufaitout.com\/index.php\/wp-json\/wp\/v2\/media?parent=642"}],"wp:term":[{"taxonomy":"product_brand","embeddable":true,"href":"https:\/\/www.bintoufaitout.com\/index.php\/wp-json\/wp\/v2\/product_brand?post=642"},{"taxonomy":"product_cat","embeddable":true,"href":"https:\/\/www.bintoufaitout.com\/index.php\/wp-json\/wp\/v2\/product_cat?post=642"},{"taxonomy":"product_tag","embeddable":true,"href":"https:\/\/www.bintoufaitout.com\/index.php\/wp-json\/wp\/v2\/product_tag?post=642"}],"curies":[{"name":"wp","href":"https:\/\/api.w.org\/{rel}","templated":true}]}}