{"id":662,"date":"2024-05-01T23:38:02","date_gmt":"2024-05-01T21:38:02","guid":{"rendered":"https:\/\/www.bintoufaitout.com\/?post_type=product&#038;p=662"},"modified":"2024-05-01T23:38:03","modified_gmt":"2024-05-01T21:38:03","slug":"lot-3-plateaux-argentes","status":"publish","type":"product","link":"https:\/\/www.bintoufaitout.com\/index.php\/produit\/lot-3-plateaux-argentes\/","title":{"rendered":"Lot 3 plateaux argent\u00e9s"},"content":{"rendered":"<p>Lot de 3 plateaux en m\u00e9tal<\/p>\n<p>Avec poign\u00e9es r\u00e9sistantes pour une prise en main facile <\/p>\n<p>Diam\u00e8tre des plateaux:<\/p>\n<p>Grand plateau 48cm <\/p>\n<p>Plateau moyen 41cm<\/p>\n<p>Petit plateau 33cm<\/p>\n","protected":false},"excerpt":{"rendered":"<p>Lot de 3 plateaux en m\u00e9tal Avec poign\u00e9es r\u00e9sistantes pour une prise en main facile Diam\u00e8tre des plateaux: Grand plateau 48cm Plateau moyen 41cm Petit plateau 33cm<\/p>\n","protected":false},"featured_media":663,"comment_status":"open","ping_status":"closed","template":"","meta":[],"product_brand":[],"product_cat":[23],"product_tag":[],"class_list":{"0":"post-662","1":"product","2":"type-product","3":"status-publish","4":"has-post-thumbnail","6":"product_cat-ustensiles-cuisine","8":"first","9":"instock","10":"sale","11":"shipping-taxable","12":"purchasable","13":"product-type-simple"},"jetpack_sharing_enabled":true,"_links":{"self":[{"href":"https:\/\/www.bintoufaitout.com\/index.php\/wp-json\/wp\/v2\/product\/662","targetHints":{"allow":["GET"]}}],"collection":[{"href":"https:\/\/www.bintoufaitout.com\/index.php\/wp-json\/wp\/v2\/product"}],"about":[{"href":"https:\/\/www.bintoufaitout.com\/index.php\/wp-json\/wp\/v2\/types\/product"}],"replies":[{"embeddable":true,"href":"https:\/\/www.bintoufaitout.com\/index.php\/wp-json\/wp\/v2\/comments?post=662"}],"wp:featuredmedia":[{"embeddable":true,"href":"https:\/\/www.bintoufaitout.com\/index.php\/wp-json\/wp\/v2\/media\/663"}],"wp:attachment":[{"href":"https:\/\/www.bintoufaitout.com\/index.php\/wp-json\/wp\/v2\/media?parent=662"}],"wp:term":[{"taxonomy":"product_brand","embeddable":true,"href":"https:\/\/www.bintoufaitout.com\/index.php\/wp-json\/wp\/v2\/product_brand?post=662"},{"taxonomy":"product_cat","embeddable":true,"href":"https:\/\/www.bintoufaitout.com\/index.php\/wp-json\/wp\/v2\/product_cat?post=662"},{"taxonomy":"product_tag","embeddable":true,"href":"https:\/\/www.bintoufaitout.com\/index.php\/wp-json\/wp\/v2\/product_tag?post=662"}],"curies":[{"name":"wp","href":"https:\/\/api.w.org\/{rel}","templated":true}]}}