{"id":692,"date":"2024-05-04T01:39:08","date_gmt":"2024-05-03T23:39:08","guid":{"rendered":"https:\/\/www.bintoufaitout.com\/?post_type=product&#038;p=692"},"modified":"2024-05-04T01:39:08","modified_gmt":"2024-05-03T23:39:08","slug":"chafing-dish-inox-2-bacs","status":"publish","type":"product","link":"https:\/\/www.bintoufaitout.com\/index.php\/produit\/chafing-dish-inox-2-bacs\/","title":{"rendered":"Chafing dish inox 2 bacs"},"content":{"rendered":"<p>Multipliez vos capacit\u00e9s de pr\u00e9sentation de vos plats chauds gr\u00e2ce \u00e0 ce chafing dish rosemberg.Il comprend 2 compartiments de 4,75 litres,parfait pour contenir de grandes quantit\u00e9s d&rsquo;aliments lors de buffets ou d&rsquo;\u00e9v\u00e9nements de grande envergure. Vous pourrez servir plusieurs clients rapidement sans avoir \u00e0 les remplir ou \u00e0 les remplacer constamment.<\/p>\n<p>Les deux br\u00fbleurs assurent une distribution homog\u00e8ne de la chaleur pour maintenir vos aliments chauds \u00e0 la temp\u00e9rature de service optimale pendant de longues p\u00e9riodes. Un couvercle thermo-isolant le rend encore plus efficace, tout en offrant une protection suppl\u00e9mentaire contre la contamination.<\/p>\n<p>Fabriqu\u00e9 en acier inoxydable durable et dot\u00e9 d&rsquo;une finition polie attrayante, chaque r\u00e9chaud est aussi agr\u00e9able \u00e0 regarder qu&rsquo;\u00e0 porter. Cet essentiel de buffet r\u00e9sistant ne vous laissera pas tomber.<\/p>\n","protected":false},"excerpt":{"rendered":"<p>Multipliez vos capacit\u00e9s de pr\u00e9sentation de vos plats chauds gr\u00e2ce \u00e0 ce chafing dish rosemberg.Il comprend 2 compartiments de 4,75 litres,parfait pour contenir de grandes quantit\u00e9s d&rsquo;aliments lors de buffets ou d&rsquo;\u00e9v\u00e9nements de grande envergure. Vous pourrez servir plusieurs clients rapidement sans avoir \u00e0 les remplir ou \u00e0 les remplacer constamment. Les deux br\u00fbleurs assurent [&hellip;]<\/p>\n","protected":false},"featured_media":693,"comment_status":"open","ping_status":"closed","template":"","meta":[],"product_brand":[],"product_cat":[23],"product_tag":[],"class_list":{"0":"post-692","1":"product","2":"type-product","3":"status-publish","4":"has-post-thumbnail","6":"product_cat-ustensiles-cuisine","8":"first","9":"instock","10":"sale","11":"shipping-taxable","12":"purchasable","13":"product-type-simple"},"jetpack_sharing_enabled":true,"_links":{"self":[{"href":"https:\/\/www.bintoufaitout.com\/index.php\/wp-json\/wp\/v2\/product\/692","targetHints":{"allow":["GET"]}}],"collection":[{"href":"https:\/\/www.bintoufaitout.com\/index.php\/wp-json\/wp\/v2\/product"}],"about":[{"href":"https:\/\/www.bintoufaitout.com\/index.php\/wp-json\/wp\/v2\/types\/product"}],"replies":[{"embeddable":true,"href":"https:\/\/www.bintoufaitout.com\/index.php\/wp-json\/wp\/v2\/comments?post=692"}],"wp:featuredmedia":[{"embeddable":true,"href":"https:\/\/www.bintoufaitout.com\/index.php\/wp-json\/wp\/v2\/media\/693"}],"wp:attachment":[{"href":"https:\/\/www.bintoufaitout.com\/index.php\/wp-json\/wp\/v2\/media?parent=692"}],"wp:term":[{"taxonomy":"product_brand","embeddable":true,"href":"https:\/\/www.bintoufaitout.com\/index.php\/wp-json\/wp\/v2\/product_brand?post=692"},{"taxonomy":"product_cat","embeddable":true,"href":"https:\/\/www.bintoufaitout.com\/index.php\/wp-json\/wp\/v2\/product_cat?post=692"},{"taxonomy":"product_tag","embeddable":true,"href":"https:\/\/www.bintoufaitout.com\/index.php\/wp-json\/wp\/v2\/product_tag?post=692"}],"curies":[{"name":"wp","href":"https:\/\/api.w.org\/{rel}","templated":true}]}}