{"id":697,"date":"2024-05-04T15:56:09","date_gmt":"2024-05-04T13:56:09","guid":{"rendered":"https:\/\/www.bintoufaitout.com\/?post_type=product&#038;p=697"},"modified":"2024-06-16T01:26:47","modified_gmt":"2024-06-15T23:26:47","slug":"hachoir-inox-5-litres","status":"publish","type":"product","link":"https:\/\/www.bintoufaitout.com\/index.php\/produit\/hachoir-inox-5-litres\/","title":{"rendered":"Hachoir inox 5 litres"},"content":{"rendered":"<p>Pr\u00e9parer des plats maison devient un jeu d\u2019enfant Des oignons, herbes, noix, et autres parfaitement hach\u00e9s Un assistant culinaire non n\u00e9gligeable. Il peut hacher tout ce que vous voulez : l\u00e9gumes, herbes, noix, etc. en quelques secondes. Gr\u00e2ce \u00e0 son fonctionnement par simple pression et \u00e0 sa taille compacte, hacher n\u2019a jamais \u00e9t\u00e9 aussi simple.<br \/>\nCapacit\u00e9 5 litres<br \/>\n6 lames<\/p>\n","protected":false},"excerpt":{"rendered":"<p>Pr\u00e9parer des plats maison devient un jeu d\u2019enfant Des oignons, herbes, noix, et autres parfaitement hach\u00e9s Un assistant culinaire non n\u00e9gligeable. Il peut hacher tout ce que vous voulez : l\u00e9gumes, herbes, noix, etc. en quelques secondes. Gr\u00e2ce \u00e0 son fonctionnement par simple pression et \u00e0 sa taille compacte, hacher n\u2019a jamais \u00e9t\u00e9 aussi simple. [&hellip;]<\/p>\n","protected":false},"featured_media":927,"comment_status":"open","ping_status":"closed","template":"","meta":[],"product_brand":[],"product_cat":[23],"product_tag":[],"class_list":{"0":"post-697","1":"product","2":"type-product","3":"status-publish","4":"has-post-thumbnail","6":"product_cat-ustensiles-cuisine","8":"first","9":"instock","10":"sale","11":"shipping-taxable","12":"purchasable","13":"product-type-simple"},"jetpack_sharing_enabled":true,"_links":{"self":[{"href":"https:\/\/www.bintoufaitout.com\/index.php\/wp-json\/wp\/v2\/product\/697","targetHints":{"allow":["GET"]}}],"collection":[{"href":"https:\/\/www.bintoufaitout.com\/index.php\/wp-json\/wp\/v2\/product"}],"about":[{"href":"https:\/\/www.bintoufaitout.com\/index.php\/wp-json\/wp\/v2\/types\/product"}],"replies":[{"embeddable":true,"href":"https:\/\/www.bintoufaitout.com\/index.php\/wp-json\/wp\/v2\/comments?post=697"}],"wp:featuredmedia":[{"embeddable":true,"href":"https:\/\/www.bintoufaitout.com\/index.php\/wp-json\/wp\/v2\/media\/927"}],"wp:attachment":[{"href":"https:\/\/www.bintoufaitout.com\/index.php\/wp-json\/wp\/v2\/media?parent=697"}],"wp:term":[{"taxonomy":"product_brand","embeddable":true,"href":"https:\/\/www.bintoufaitout.com\/index.php\/wp-json\/wp\/v2\/product_brand?post=697"},{"taxonomy":"product_cat","embeddable":true,"href":"https:\/\/www.bintoufaitout.com\/index.php\/wp-json\/wp\/v2\/product_cat?post=697"},{"taxonomy":"product_tag","embeddable":true,"href":"https:\/\/www.bintoufaitout.com\/index.php\/wp-json\/wp\/v2\/product_tag?post=697"}],"curies":[{"name":"wp","href":"https:\/\/api.w.org\/{rel}","templated":true}]}}