{"id":702,"date":"2024-05-04T18:01:14","date_gmt":"2024-05-04T16:01:14","guid":{"rendered":"https:\/\/www.bintoufaitout.com\/?post_type=product&#038;p=702"},"modified":"2024-06-08T23:47:55","modified_gmt":"2024-06-08T21:47:55","slug":"centrifugeuse-4-en-1-2","status":"publish","type":"product","link":"https:\/\/www.bintoufaitout.com\/index.php\/produit\/centrifugeuse-4-en-1-2\/","title":{"rendered":"Centrifugeuse 4 en 1"},"content":{"rendered":"<p>R\u00c9GALEZ-VOUS EN AM\u00c9LIORANT VOTRE SANT\u00c9 &#8211; La centrifugeuse fruits et legumes vous permet de pr\u00e9parer d\u2019excellents jus de pomme frais et soupes pleins de vitamines et de min\u00e9raux, qui donnent de l\u2019\u00e9nergie et plaisent aux grands comme aux petits : on va bient\u00f4t vous redemander des carottes\u2026 \ud83d\ude42<br \/>\nTIREZ LE MEILLEUR DE CHAQUE FRUIT ET L\u00c9GUME &#8211; La puissante centrifugeuse jus (1000W) tourne \u00e0 deux vitesses de rotation diff\u00e9rentes avec des tamis optimis\u00e9s pour maximiser la quantit\u00e9 de jus extraite de vos fruits et l\u00e9gumes : Vitesse \u201cI\u201d pour les plus mous ( fraises, past\u00e8ques, oranges, \u2026) et Vitesse \u201cII\u201d pour les plus durs ( betteraves, pommes, poires, \u2026)<br \/>\nGAGNEZ DU TEMPS &#8211; Utilisez des fruits entiers sans vous arr\u00eater gr\u00e2ce \u00e0 la large chemin\u00e9e (75 mm), aux patins anti-d\u00e9rapants stabilisateurs et aux grands r\u00e9cipients \u00e0 jus (1,5L) et \u00e0 pulpe (2 L), puis lavez les diff\u00e9rents \u00e9l\u00e9ments amovibles au lave vaisselle ou sous l\u2019eau avec la brosse incluse : Presque trop facile<br \/>\nSIMPLICIT\u00c9, HAUTE QUALIT\u00c9 ET S\u00c9CURIT\u00c9 &#8211; Les centrifugeuses extracteur jus legumes sont simples \u00e0 monter et \u00e0 nettoyer, fabriqu\u00e9es en utilisant les meilleurs mat\u00e9riaux ( acier inoxydable, plastique sans BPA ), et s\u00e9curis\u00e9es avec un bras de verrouillage et une protection contre les surchauffes<br \/>\nGARANTIES TWINZEE &#8211; En plus de s\u00e9parer le jus d&rsquo;orange de sa mousse (gr\u00e2ce \u00e0 son r\u00e9ceptacle), la centrifugeuse extracteurs de fruits vous fera diminuez votre stress et maximisez les bienfaits des jus sur votre sant\u00e9<br \/>\nChopper viande en plus<br \/>\nMoulin \u00e0 caf\u00e9\/\u00e9pices en plus<\/p>\n","protected":false},"excerpt":{"rendered":"<p>R\u00c9GALEZ-VOUS EN AM\u00c9LIORANT VOTRE SANT\u00c9 &#8211; La centrifugeuse fruits et legumes vous permet de pr\u00e9parer d\u2019excellents jus de pomme frais et soupes pleins de vitamines et de min\u00e9raux, qui donnent de l\u2019\u00e9nergie et plaisent aux grands comme aux petits : on va bient\u00f4t vous redemander des carottes\u2026 \ud83d\ude42 TIREZ LE MEILLEUR DE CHAQUE FRUIT ET [&hellip;]<\/p>\n","protected":false},"featured_media":703,"comment_status":"open","ping_status":"closed","template":"","meta":[],"product_brand":[],"product_cat":[23],"product_tag":[],"class_list":{"0":"post-702","1":"product","2":"type-product","3":"status-publish","4":"has-post-thumbnail","6":"product_cat-ustensiles-cuisine","7":"product_shipping_class-28","9":"first","10":"outofstock","11":"sale","12":"shipping-taxable","13":"purchasable","14":"product-type-simple"},"jetpack_sharing_enabled":true,"_links":{"self":[{"href":"https:\/\/www.bintoufaitout.com\/index.php\/wp-json\/wp\/v2\/product\/702","targetHints":{"allow":["GET"]}}],"collection":[{"href":"https:\/\/www.bintoufaitout.com\/index.php\/wp-json\/wp\/v2\/product"}],"about":[{"href":"https:\/\/www.bintoufaitout.com\/index.php\/wp-json\/wp\/v2\/types\/product"}],"replies":[{"embeddable":true,"href":"https:\/\/www.bintoufaitout.com\/index.php\/wp-json\/wp\/v2\/comments?post=702"}],"wp:featuredmedia":[{"embeddable":true,"href":"https:\/\/www.bintoufaitout.com\/index.php\/wp-json\/wp\/v2\/media\/703"}],"wp:attachment":[{"href":"https:\/\/www.bintoufaitout.com\/index.php\/wp-json\/wp\/v2\/media?parent=702"}],"wp:term":[{"taxonomy":"product_brand","embeddable":true,"href":"https:\/\/www.bintoufaitout.com\/index.php\/wp-json\/wp\/v2\/product_brand?post=702"},{"taxonomy":"product_cat","embeddable":true,"href":"https:\/\/www.bintoufaitout.com\/index.php\/wp-json\/wp\/v2\/product_cat?post=702"},{"taxonomy":"product_tag","embeddable":true,"href":"https:\/\/www.bintoufaitout.com\/index.php\/wp-json\/wp\/v2\/product_tag?post=702"}],"curies":[{"name":"wp","href":"https:\/\/api.w.org\/{rel}","templated":true}]}}