{"id":715,"date":"2024-05-08T01:24:42","date_gmt":"2024-05-07T23:24:42","guid":{"rendered":"https:\/\/www.bintoufaitout.com\/?post_type=product&#038;p=715"},"modified":"2025-03-22T16:18:19","modified_gmt":"2025-03-22T15:18:19","slug":"lot-12-verres-a-the","status":"publish","type":"product","link":"https:\/\/www.bintoufaitout.com\/index.php\/produit\/lot-12-verres-a-the\/","title":{"rendered":"Lot 12 Verres \u00e0 th\u00e9"},"content":{"rendered":"<p>Ce lot de 12 verres \u00e0 th\u00e9 marocain sera appr\u00e9ci\u00e9 pour une pause th\u00e9 entre amis ou en famille. Pratique et facile \u00e0 nettoyer, il deviendra votre alli\u00e9 pour les pauses th\u00e9 du quotidien. Il s\u2019accorde avec toutes les th\u00e9i\u00e8res, tous les plateaux et toutes les tables. Optez pour la simplicit\u00e9 et l\u2019efficacit\u00e9 de ce produit<\/p>\n","protected":false},"excerpt":{"rendered":"<p>Ce lot de 12 verres \u00e0 th\u00e9 marocain sera appr\u00e9ci\u00e9 pour une pause th\u00e9 entre amis ou en famille. Pratique et facile \u00e0 nettoyer, il deviendra votre alli\u00e9 pour les pauses th\u00e9 du quotidien. Il s\u2019accorde avec toutes les th\u00e9i\u00e8res, tous les plateaux et toutes les tables. Optez pour la simplicit\u00e9 et l\u2019efficacit\u00e9 de ce [&hellip;]<\/p>\n","protected":false},"featured_media":1029,"comment_status":"open","ping_status":"closed","template":"","meta":[],"product_brand":[],"product_cat":[23],"product_tag":[],"class_list":{"0":"post-715","1":"product","2":"type-product","3":"status-publish","4":"has-post-thumbnail","6":"product_cat-ustensiles-cuisine","8":"first","9":"outofstock","10":"shipping-taxable","11":"purchasable","12":"product-type-simple"},"jetpack_sharing_enabled":true,"_links":{"self":[{"href":"https:\/\/www.bintoufaitout.com\/index.php\/wp-json\/wp\/v2\/product\/715","targetHints":{"allow":["GET"]}}],"collection":[{"href":"https:\/\/www.bintoufaitout.com\/index.php\/wp-json\/wp\/v2\/product"}],"about":[{"href":"https:\/\/www.bintoufaitout.com\/index.php\/wp-json\/wp\/v2\/types\/product"}],"replies":[{"embeddable":true,"href":"https:\/\/www.bintoufaitout.com\/index.php\/wp-json\/wp\/v2\/comments?post=715"}],"wp:featuredmedia":[{"embeddable":true,"href":"https:\/\/www.bintoufaitout.com\/index.php\/wp-json\/wp\/v2\/media\/1029"}],"wp:attachment":[{"href":"https:\/\/www.bintoufaitout.com\/index.php\/wp-json\/wp\/v2\/media?parent=715"}],"wp:term":[{"taxonomy":"product_brand","embeddable":true,"href":"https:\/\/www.bintoufaitout.com\/index.php\/wp-json\/wp\/v2\/product_brand?post=715"},{"taxonomy":"product_cat","embeddable":true,"href":"https:\/\/www.bintoufaitout.com\/index.php\/wp-json\/wp\/v2\/product_cat?post=715"},{"taxonomy":"product_tag","embeddable":true,"href":"https:\/\/www.bintoufaitout.com\/index.php\/wp-json\/wp\/v2\/product_tag?post=715"}],"curies":[{"name":"wp","href":"https:\/\/api.w.org\/{rel}","templated":true}]}}