{"id":726,"date":"2024-05-08T01:40:29","date_gmt":"2024-05-07T23:40:29","guid":{"rendered":"https:\/\/www.bintoufaitout.com\/?post_type=product&#038;p=726"},"modified":"2024-05-08T01:40:29","modified_gmt":"2024-05-07T23:40:29","slug":"rechaud-gaz-3-feux-9kw","status":"publish","type":"product","link":"https:\/\/www.bintoufaitout.com\/index.php\/produit\/rechaud-gaz-3-feux-9kw\/","title":{"rendered":"R\u00e9chaud Gaz 3 feux 9kw"},"content":{"rendered":"<p>R\u00e9chaud gaz 3 feux<\/p>\n<p>Points forts<br \/>\n&#8211; Hyper puissant<br \/>\n&#8211; Bloc bruleur en fonte<br \/>\n&#8211; 4 pieds en fonte<br \/>\n&#8211; Alimentation, robinets de r\u00e9glage et t\u00e9tine en laiton<\/p>\n<p>Caract\u00e9ristiques techniques<br \/>\n&#8211; Puissance : 9000 W (Gaz butane\/propane)- Mod\u00e8le \/ Type GB17- 3 Bruleurs- 3 Robinets<br \/>\n&#8211; Br\u00fbleur ext\u00e9rieur \u00d8 200 mm.<br \/>\n&#8211; Br\u00fbleur m\u00e9dian \u00d8 125 mm. &#8211; Br\u00fbleur int\u00e9rieur \u00d8 51 mm.- Allumage manuel- Gaz G30 G31<br \/>\n&#8211; Pression en mbar : 28-30\/37<br \/>\n&#8211; Consommation g\/h : 625-614<br \/>\n&#8211; Finition peinture noir<br \/>\n&#8211; Poids : 5 Kg<\/p>\n","protected":false},"excerpt":{"rendered":"<p>R\u00e9chaud gaz 3 feux Points forts &#8211; Hyper puissant &#8211; Bloc bruleur en fonte &#8211; 4 pieds en fonte &#8211; Alimentation, robinets de r\u00e9glage et t\u00e9tine en laiton Caract\u00e9ristiques techniques &#8211; Puissance : 9000 W (Gaz butane\/propane)- Mod\u00e8le \/ Type GB17- 3 Bruleurs- 3 Robinets &#8211; Br\u00fbleur ext\u00e9rieur \u00d8 200 mm. &#8211; Br\u00fbleur m\u00e9dian \u00d8 [&hellip;]<\/p>\n","protected":false},"featured_media":727,"comment_status":"open","ping_status":"closed","template":"","meta":[],"product_brand":[],"product_cat":[58],"product_tag":[],"class_list":{"0":"post-726","1":"product","2":"type-product","3":"status-publish","4":"has-post-thumbnail","6":"product_cat-linges-de-lit","7":"product_shipping_class-24","9":"first","10":"instock","11":"shipping-taxable","12":"purchasable","13":"product-type-simple"},"jetpack_sharing_enabled":true,"_links":{"self":[{"href":"https:\/\/www.bintoufaitout.com\/index.php\/wp-json\/wp\/v2\/product\/726","targetHints":{"allow":["GET"]}}],"collection":[{"href":"https:\/\/www.bintoufaitout.com\/index.php\/wp-json\/wp\/v2\/product"}],"about":[{"href":"https:\/\/www.bintoufaitout.com\/index.php\/wp-json\/wp\/v2\/types\/product"}],"replies":[{"embeddable":true,"href":"https:\/\/www.bintoufaitout.com\/index.php\/wp-json\/wp\/v2\/comments?post=726"}],"wp:featuredmedia":[{"embeddable":true,"href":"https:\/\/www.bintoufaitout.com\/index.php\/wp-json\/wp\/v2\/media\/727"}],"wp:attachment":[{"href":"https:\/\/www.bintoufaitout.com\/index.php\/wp-json\/wp\/v2\/media?parent=726"}],"wp:term":[{"taxonomy":"product_brand","embeddable":true,"href":"https:\/\/www.bintoufaitout.com\/index.php\/wp-json\/wp\/v2\/product_brand?post=726"},{"taxonomy":"product_cat","embeddable":true,"href":"https:\/\/www.bintoufaitout.com\/index.php\/wp-json\/wp\/v2\/product_cat?post=726"},{"taxonomy":"product_tag","embeddable":true,"href":"https:\/\/www.bintoufaitout.com\/index.php\/wp-json\/wp\/v2\/product_tag?post=726"}],"curies":[{"name":"wp","href":"https:\/\/api.w.org\/{rel}","templated":true}]}}