{"id":767,"date":"2024-05-19T11:49:05","date_gmt":"2024-05-19T09:49:05","guid":{"rendered":"https:\/\/www.bintoufaitout.com\/?post_type=product&#038;p=767"},"modified":"2025-08-01T00:38:53","modified_gmt":"2025-07-31T22:38:53","slug":"autocuiseur-6-litres-inox","status":"publish","type":"product","link":"https:\/\/www.bintoufaitout.com\/index.php\/produit\/autocuiseur-6-litres-inox\/","title":{"rendered":"Autocuiseur 6 litres inox"},"content":{"rendered":"<p>CUISSON SOUS PRESSION : con\u00e7ue pour cuire facilement et rapidement Evacuation progressive et contr\u00f4l\u00e9e de la vapeur par le haut, limitant l&rsquo;\u00e9mulsion et assurant une cuisson san<br \/>\nFond : Tous feux dont induction<br \/>\nProgrammes : 2 Vitesse de cuisson<br \/>\nS\u00e9curit\u00e9s :syst\u00e8me de s\u00e9curit\u00e9<br \/>\nCompatibilit\u00e9 lave-vaisselle<br \/>\nOuverture et fermeture d&rsquo;une main<br \/>\nAcier inoxydable<br \/>\nParticularit\u00e9 : CUISINE SAINE : jusqu&rsquo;\u00e0 80 %* de vitamines pr\u00e9serv\u00e9es &gt; en conservant une grande partie des bienfaits des ingr\u00e9dients, cet autocuiseur ne fait aucun compromis sur la valeur nutritionnelle de vos repas<br \/>\nCapacit\u00e9 6 litres<\/p>\n","protected":false},"excerpt":{"rendered":"<p>CUISSON SOUS PRESSION : con\u00e7ue pour cuire facilement et rapidement Evacuation progressive et contr\u00f4l\u00e9e de la vapeur par le haut, limitant l&rsquo;\u00e9mulsion et assurant une cuisson san Fond : Tous feux dont induction Programmes : 2 Vitesse de cuisson S\u00e9curit\u00e9s :syst\u00e8me de s\u00e9curit\u00e9 Compatibilit\u00e9 lave-vaisselle Ouverture et fermeture d&rsquo;une main Acier inoxydable Particularit\u00e9 : CUISINE [&hellip;]<\/p>\n","protected":false},"featured_media":770,"comment_status":"open","ping_status":"closed","template":"","meta":[],"product_brand":[],"product_cat":[58],"product_tag":[],"class_list":{"0":"post-767","1":"product","2":"type-product","3":"status-publish","4":"has-post-thumbnail","6":"product_cat-linges-de-lit","8":"first","9":"instock","10":"shipping-taxable","11":"purchasable","12":"product-type-simple"},"jetpack_sharing_enabled":true,"_links":{"self":[{"href":"https:\/\/www.bintoufaitout.com\/index.php\/wp-json\/wp\/v2\/product\/767","targetHints":{"allow":["GET"]}}],"collection":[{"href":"https:\/\/www.bintoufaitout.com\/index.php\/wp-json\/wp\/v2\/product"}],"about":[{"href":"https:\/\/www.bintoufaitout.com\/index.php\/wp-json\/wp\/v2\/types\/product"}],"replies":[{"embeddable":true,"href":"https:\/\/www.bintoufaitout.com\/index.php\/wp-json\/wp\/v2\/comments?post=767"}],"wp:featuredmedia":[{"embeddable":true,"href":"https:\/\/www.bintoufaitout.com\/index.php\/wp-json\/wp\/v2\/media\/770"}],"wp:attachment":[{"href":"https:\/\/www.bintoufaitout.com\/index.php\/wp-json\/wp\/v2\/media?parent=767"}],"wp:term":[{"taxonomy":"product_brand","embeddable":true,"href":"https:\/\/www.bintoufaitout.com\/index.php\/wp-json\/wp\/v2\/product_brand?post=767"},{"taxonomy":"product_cat","embeddable":true,"href":"https:\/\/www.bintoufaitout.com\/index.php\/wp-json\/wp\/v2\/product_cat?post=767"},{"taxonomy":"product_tag","embeddable":true,"href":"https:\/\/www.bintoufaitout.com\/index.php\/wp-json\/wp\/v2\/product_tag?post=767"}],"curies":[{"name":"wp","href":"https:\/\/api.w.org\/{rel}","templated":true}]}}