{"id":811,"date":"2024-05-27T07:43:00","date_gmt":"2024-05-27T05:43:00","guid":{"rendered":"https:\/\/www.bintoufaitout.com\/index.php\/produit\/lot-4-casseroles-en-pierre\/"},"modified":"2025-04-14T16:37:15","modified_gmt":"2025-04-14T14:37:15","slug":"lot-4-casseroles-en-pierre","status":"publish","type":"product","link":"https:\/\/www.bintoufaitout.com\/index.php\/produit\/lot-4-casseroles-en-pierre\/","title":{"rendered":"Lot 4 casseroles en pierre"},"content":{"rendered":"<p data-mce-fragment=\"1\">D\u00e9couvrez ce lot de 4 casseroles d&rsquo;une qualit\u00e9 exceptionnelle, con\u00e7ues pour r\u00e9pondre \u00e0 tous vos besoins culinaires avec efficacit\u00e9 et praticit\u00e9. Fabriqu\u00e9es en fonte d&rsquo;aluminium ind\u00e9formable de haute qualit\u00e9, ces casseroles assurent une r\u00e9partition uniforme de la chaleur pour des r\u00e9sultats de cuisson parfaits \u00e0 chaque utilisation.<\/p>\n<p data-mce-fragment=\"1\">Dot\u00e9es d&rsquo;un rev\u00eatement anti-adh\u00e9rent de qualit\u00e9 sup\u00e9rieure, ces casseroles vous permettent de cuisiner avec un minimum de mati\u00e8re grasse, tout en facilitant le nettoyage. Leur conception polyvalente les rend compatibles avec tous les types de feux, y compris l&rsquo;induction, ainsi qu&rsquo;avec une utilisation au four jusqu&rsquo;\u00e0 des temp\u00e9ratures \u00e9lev\u00e9es.<\/p>\n<p data-mce-fragment=\"1\">Leur manche  offre une grande commodit\u00e9, permettant un rangement compact dans vos placards et une utilisation en toute s\u00e9curit\u00e9 au four, sans risque de surchauffe.<span class=\"Apple-converted-space\">&nbsp;<\/span><\/p>\n<p data-mce-fragment=\"1\">Avec des tailles de 14,16, 18 et 20 cm, ces casseroles polyvalentes conviennent \u00e0 une vari\u00e9t\u00e9 de pr\u00e9parations culinaires, des sauces d\u00e9licates aux plats mijot\u00e9s. Optez pour ce lot de casseroles pour une exp\u00e9rience culinaire sans souci et des r\u00e9sultats de cuisson impeccables \u00e0 chaque fois.<\/p>\n","protected":false},"excerpt":{"rendered":"<p>D\u00e9couvrez ce lot de 4 casseroles d&rsquo;une qualit\u00e9 exceptionnelle, con\u00e7ues pour r\u00e9pondre \u00e0 tous vos besoins culinaires avec efficacit\u00e9 et praticit\u00e9. Fabriqu\u00e9es en fonte d&rsquo;aluminium ind\u00e9formable de haute qualit\u00e9, ces casseroles assurent une r\u00e9partition uniforme de la chaleur pour des r\u00e9sultats de cuisson parfaits \u00e0 chaque utilisation. Dot\u00e9es d&rsquo;un rev\u00eatement anti-adh\u00e9rent de qualit\u00e9 sup\u00e9rieure, ces [&hellip;]<\/p>\n","protected":false},"featured_media":810,"comment_status":"open","ping_status":"closed","template":"","meta":[],"product_brand":[],"product_cat":[58],"product_tag":[],"class_list":{"0":"post-811","1":"product","2":"type-product","3":"status-publish","4":"has-post-thumbnail","6":"product_cat-linges-de-lit","8":"first","9":"outofstock","10":"shipping-taxable","11":"purchasable","12":"product-type-simple"},"jetpack_sharing_enabled":true,"_links":{"self":[{"href":"https:\/\/www.bintoufaitout.com\/index.php\/wp-json\/wp\/v2\/product\/811","targetHints":{"allow":["GET"]}}],"collection":[{"href":"https:\/\/www.bintoufaitout.com\/index.php\/wp-json\/wp\/v2\/product"}],"about":[{"href":"https:\/\/www.bintoufaitout.com\/index.php\/wp-json\/wp\/v2\/types\/product"}],"replies":[{"embeddable":true,"href":"https:\/\/www.bintoufaitout.com\/index.php\/wp-json\/wp\/v2\/comments?post=811"}],"wp:featuredmedia":[{"embeddable":true,"href":"https:\/\/www.bintoufaitout.com\/index.php\/wp-json\/wp\/v2\/media\/810"}],"wp:attachment":[{"href":"https:\/\/www.bintoufaitout.com\/index.php\/wp-json\/wp\/v2\/media?parent=811"}],"wp:term":[{"taxonomy":"product_brand","embeddable":true,"href":"https:\/\/www.bintoufaitout.com\/index.php\/wp-json\/wp\/v2\/product_brand?post=811"},{"taxonomy":"product_cat","embeddable":true,"href":"https:\/\/www.bintoufaitout.com\/index.php\/wp-json\/wp\/v2\/product_cat?post=811"},{"taxonomy":"product_tag","embeddable":true,"href":"https:\/\/www.bintoufaitout.com\/index.php\/wp-json\/wp\/v2\/product_tag?post=811"}],"curies":[{"name":"wp","href":"https:\/\/api.w.org\/{rel}","templated":true}]}}