{"id":817,"date":"2024-05-28T14:19:45","date_gmt":"2024-05-28T12:19:45","guid":{"rendered":"https:\/\/www.bintoufaitout.com\/index.php\/produit\/friteuse-3-litres\/"},"modified":"2025-08-19T17:05:51","modified_gmt":"2025-08-19T15:05:51","slug":"friteuse-3-litres","status":"publish","type":"product","link":"https:\/\/www.bintoufaitout.com\/index.php\/produit\/friteuse-3-litres\/","title":{"rendered":"Friteuse 3 litres"},"content":{"rendered":"<p style=\"--tw-border-spacing-x: 0;--tw-border-spacing-y: 0;--tw-translate-x: 0;--tw-translate-y: 0;--tw-rotate: 0;--tw-skew-x: 0;--tw-skew-y: 0;--tw-scale-x: 1;--tw-scale-y: 1;--tw-pan-x;--tw-pan-y;--tw-pinch-zoom;--tw-scroll-snap-strictness: proximity;--tw-gradient-from-position;--tw-gradient-via-position;--tw-gradient-to-position;--tw-ordinal;--tw-slashed-zero;--tw-numeric-figure;--tw-numeric-spacing;--tw-numeric-fraction;--tw-ring-inset;--tw-ring-offset-width: 0px;--tw-ring-offset-color: #fff;--tw-ring-offset-shadow: 0 0 #0000;--tw-ring-shadow: 0 0 #0000;--tw-shadow: 0 0 #0000;--tw-shadow-colored: 0 0 #0000;--tw-blur;--tw-brightness;--tw-contrast;--tw-grayscale;--tw-hue-rotate;--tw-invert;--tw-saturate;--tw-sepia;--tw-drop-shadow;--tw-backdrop-blur;--tw-backdrop-brightness;--tw-backdrop-contrast;--tw-backdrop-grayscale;--tw-backdrop-hue-rotate;--tw-backdrop-invert;--tw-backdrop-opacity;--tw-backdrop-saturate;--tw-backdrop-sepia;--tw-contain-size;--tw-contain-layout;--tw-contain-paint;--tw-contain-style;margin: 1.25em 0px;font-family: Lato, sans-serif;font-size: 16px;font-style: normal;font-weight: 400;letter-spacing: normal;text-align: start;text-indent: 0px;text-transform: none;text-decoration: none\">Transformez votre cuisine en une station de d\u00e9lices croustillants avec la Friteuse 3 litres en acier inoxydable Alpina. Dot\u00e9e d&rsquo;un design \u00e9l\u00e9gant et fonctionnel, cette friteuse \u00e9lectrique est l&rsquo;atout parfait \u00e0 tous les cuisiniers en herbe. Elle offre la possibilit\u00e9 de pr\u00e9parer des frites croustillantes et d&rsquo;autres snacks irr\u00e9sistibles comme des professionnels.<\/p>\n<p style=\"--tw-border-spacing-x: 0;--tw-border-spacing-y: 0;--tw-translate-x: 0;--tw-translate-y: 0;--tw-rotate: 0;--tw-skew-x: 0;--tw-skew-y: 0;--tw-scale-x: 1;--tw-scale-y: 1;--tw-pan-x;--tw-pan-y;--tw-pinch-zoom;--tw-scroll-snap-strictness: proximity;--tw-gradient-from-position;--tw-gradient-via-position;--tw-gradient-to-position;--tw-ordinal;--tw-slashed-zero;--tw-numeric-figure;--tw-numeric-spacing;--tw-numeric-fraction;--tw-ring-inset;--tw-ring-offset-width: 0px;--tw-ring-offset-color: #fff;--tw-ring-offset-shadow: 0 0 #0000;--tw-ring-shadow: 0 0 #0000;--tw-shadow: 0 0 #0000;--tw-shadow-colored: 0 0 #0000;--tw-blur;--tw-brightness;--tw-contrast;--tw-grayscale;--tw-hue-rotate;--tw-invert;--tw-saturate;--tw-sepia;--tw-drop-shadow;--tw-backdrop-blur;--tw-backdrop-brightness;--tw-backdrop-contrast;--tw-backdrop-grayscale;--tw-backdrop-hue-rotate;--tw-backdrop-invert;--tw-backdrop-opacity;--tw-backdrop-saturate;--tw-backdrop-sepia;--tw-contain-size;--tw-contain-layout;--tw-contain-paint;--tw-contain-style;margin: 1.25em 0px;font-family: Lato, sans-serif;font-size: 16px;font-style: normal;font-weight: 400;letter-spacing: normal;text-align: start;text-indent: 0px;text-transform: none;text-decoration: none\">Caract\u00e9ristiques cl\u00e9s :<br \/>\n&#8211; Rapidit\u00e9 et efficacit\u00e9 : Avec une puissance de 2000 watts, l&rsquo;huile atteint la temp\u00e9rature id\u00e9ale rapidement , vous permettant de savourer vos frites croustillantes rapidement.<br \/>\n&#8211; Thermostat r\u00e9glable : Le bouton du thermostat offre un contr\u00f4le pr\u00e9cis de la temp\u00e9rature jusqu&rsquo;\u00e0 190 degr\u00e9s, avec un tableau des temp\u00e9ratures pour une utilisation optimale.<br \/>\n&#8211; Capacit\u00e9 g\u00e9n\u00e9reuse<span class=\"Apple-converted-space\">&nbsp;<\/span><strong style=\"--tw-border-spacing-x: 0;--tw-border-spacing-y: 0;--tw-translate-x: 0;--tw-translate-y: 0;--tw-rotate: 0;--tw-skew-x: 0;--tw-skew-y: 0;--tw-scale-x: 1;--tw-scale-y: 1;--tw-pan-x;--tw-pan-y;--tw-pinch-zoom;--tw-scroll-snap-strictness: proximity;--tw-gradient-from-position;--tw-gradient-via-position;--tw-gradient-to-position;--tw-ordinal;--tw-slashed-zero;--tw-numeric-figure;--tw-numeric-spacing;--tw-numeric-fraction;--tw-ring-inset;--tw-ring-offset-width: 0px;--tw-ring-offset-color: #fff;--tw-ring-offset-shadow: 0 0 #0000;--tw-ring-shadow: 0 0 #0000;--tw-shadow: 0 0 #0000;--tw-shadow-colored: 0 0 #0000;--tw-blur;--tw-brightness;--tw-contrast;--tw-grayscale;--tw-hue-rotate;--tw-invert;--tw-saturate;--tw-sepia;--tw-drop-shadow;--tw-backdrop-blur;--tw-backdrop-brightness;--tw-backdrop-contrast;--tw-backdrop-grayscale;--tw-backdrop-hue-rotate;--tw-backdrop-invert;--tw-backdrop-opacity;--tw-backdrop-saturate;--tw-backdrop-sepia;--tw-contain-size;--tw-contain-layout;--tw-contain-paint;--tw-contain-style;font-weight: 600;color: var(--tw-prose-bold)\">:<\/strong><span class=\"Apple-converted-space\">&nbsp;<\/span>Avec une capacit\u00e9 de 3 litres, cette friteuse est id\u00e9ale pour les repas en famille ou entre amis.<br \/>\n&#8211; Design \u00e9l\u00e9gant : Le corps en acier inoxydable avec une finition mate conf\u00e8re \u00e0 cette friteuse un aspect \u00e9l\u00e9gant qui s&rsquo;int\u00e8gre parfaitement \u00e0 votre cuisine.<br \/>\n&#8211; Construction robuste : Les poign\u00e9es, les pieds antid\u00e9rapants robustes et la partie \u00e9lectrique noire ajoutent \u00e0 la robustesse et \u00e0 la stabilit\u00e9 de cette friteuse.<br \/>\n&#8211; Facile \u00e0 nettoyer : Divis\u00e9e en 4 parties distinctes, la friteuse est facile \u00e0 d\u00e9monter pour un nettoyage simple et efficace apr\u00e8s chaque utilisation.<\/p>\n<p>Facilit\u00e9 d&rsquo;utilisation :<br \/>\n&#8211; Tableau des temp\u00e9ratures : \u00c0 c\u00f4t\u00e9 du bouton du thermostat, consultez le tableau des temp\u00e9ratures pour des indications pr\u00e9cises sur les r\u00e9glages adapt\u00e9s \u00e0 diff\u00e9rents encas.<br \/>\n&#8211; T\u00e9moin lumineux : Lorsque la temp\u00e9rature r\u00e9gl\u00e9e est atteinte, le t\u00e9moin lumineux s&rsquo;\u00e9teint, signalant que la friteuse est pr\u00eate \u00e0 l&#8217;emploi.<\/p>\n<p style=\"--tw-border-spacing-x: 0;--tw-border-spacing-y: 0;--tw-translate-x: 0;--tw-translate-y: 0;--tw-rotate: 0;--tw-skew-x: 0;--tw-skew-y: 0;--tw-scale-x: 1;--tw-scale-y: 1;--tw-pan-x;--tw-pan-y;--tw-pinch-zoom;--tw-scroll-snap-strictness: proximity;--tw-gradient-from-position;--tw-gradient-via-position;--tw-gradient-to-position;--tw-ordinal;--tw-slashed-zero;--tw-numeric-figure;--tw-numeric-spacing;--tw-numeric-fraction;--tw-ring-inset;--tw-ring-offset-width: 0px;--tw-ring-offset-color: #fff;--tw-ring-offset-shadow: 0 0 #0000;--tw-ring-shadow: 0 0 #0000;--tw-shadow: 0 0 #0000;--tw-shadow-colored: 0 0 #0000;--tw-blur;--tw-brightness;--tw-contrast;--tw-grayscale;--tw-hue-rotate;--tw-invert;--tw-saturate;--tw-sepia;--tw-drop-shadow;--tw-backdrop-blur;--tw-backdrop-brightness;--tw-backdrop-contrast;--tw-backdrop-grayscale;--tw-backdrop-hue-rotate;--tw-backdrop-invert;--tw-backdrop-opacity;--tw-backdrop-saturate;--tw-backdrop-sepia;--tw-contain-size;--tw-contain-layout;--tw-contain-paint;--tw-contain-style;margin: 1.25em 0px;font-family: Lato, sans-serif;font-size: 16px;font-style: normal;font-weight: 400;letter-spacing: normal;text-align: start;text-indent: 0px;text-transform: none;text-decoration: none\">Sp\u00e9cifications techniques :<br \/>\n&#8211; Tension de fonctionnement : 230V &#8211; 50 Hz<br \/>\n&#8211; Puissance : 2000 W<br \/>\n&#8211; Mat\u00e9riau : Acier Inoxydable<br \/>\n&#8211; Capacit\u00e9 : 3 litres<br \/>\n&#8211; Thermostat r\u00e9glable jusqu&rsquo;\u00e0 190 degr\u00e9s<br \/>\n&#8211; Panier \u00e0 friture<\/p>\n","protected":false},"excerpt":{"rendered":"<p>Transformez votre cuisine en une station de d\u00e9lices croustillants avec la Friteuse 3 litres en acier inoxydable Alpina. Dot\u00e9e d&rsquo;un design \u00e9l\u00e9gant et fonctionnel, cette friteuse \u00e9lectrique est l&rsquo;atout parfait \u00e0 tous les cuisiniers en herbe. Elle offre la possibilit\u00e9 de pr\u00e9parer des frites croustillantes et d&rsquo;autres snacks irr\u00e9sistibles comme des professionnels. Caract\u00e9ristiques cl\u00e9s : [&hellip;]<\/p>\n","protected":false},"featured_media":814,"comment_status":"open","ping_status":"closed","template":"","meta":[],"product_brand":[],"product_cat":[58],"product_tag":[],"class_list":{"0":"post-817","1":"product","2":"type-product","3":"status-publish","4":"has-post-thumbnail","6":"product_cat-linges-de-lit","8":"first","9":"instock","10":"shipping-taxable","11":"purchasable","12":"product-type-simple"},"jetpack_sharing_enabled":true,"_links":{"self":[{"href":"https:\/\/www.bintoufaitout.com\/index.php\/wp-json\/wp\/v2\/product\/817","targetHints":{"allow":["GET"]}}],"collection":[{"href":"https:\/\/www.bintoufaitout.com\/index.php\/wp-json\/wp\/v2\/product"}],"about":[{"href":"https:\/\/www.bintoufaitout.com\/index.php\/wp-json\/wp\/v2\/types\/product"}],"replies":[{"embeddable":true,"href":"https:\/\/www.bintoufaitout.com\/index.php\/wp-json\/wp\/v2\/comments?post=817"}],"wp:featuredmedia":[{"embeddable":true,"href":"https:\/\/www.bintoufaitout.com\/index.php\/wp-json\/wp\/v2\/media\/814"}],"wp:attachment":[{"href":"https:\/\/www.bintoufaitout.com\/index.php\/wp-json\/wp\/v2\/media?parent=817"}],"wp:term":[{"taxonomy":"product_brand","embeddable":true,"href":"https:\/\/www.bintoufaitout.com\/index.php\/wp-json\/wp\/v2\/product_brand?post=817"},{"taxonomy":"product_cat","embeddable":true,"href":"https:\/\/www.bintoufaitout.com\/index.php\/wp-json\/wp\/v2\/product_cat?post=817"},{"taxonomy":"product_tag","embeddable":true,"href":"https:\/\/www.bintoufaitout.com\/index.php\/wp-json\/wp\/v2\/product_tag?post=817"}],"curies":[{"name":"wp","href":"https:\/\/api.w.org\/{rel}","templated":true}]}}