{"id":824,"date":"2024-05-29T19:08:11","date_gmt":"2024-05-29T17:08:11","guid":{"rendered":"https:\/\/www.bintoufaitout.com\/index.php\/produit\/4-faitouts-choux-fleur\/"},"modified":"2025-08-29T12:32:32","modified_gmt":"2025-08-29T10:32:32","slug":"4-faitouts-choux-fleur","status":"publish","type":"product","link":"https:\/\/www.bintoufaitout.com\/index.php\/produit\/4-faitouts-choux-fleur\/","title":{"rendered":"4 faitouts choux fleur"},"content":{"rendered":"<p>Gamme  4 faitouts choux 20\/24\/28\/32 cm tous feux dont induction,vont \u00e9galement au four et lave vaisselle<\/p>\n<p>Anti adh\u00e9rent facile \u00e0 nettoyer<\/p>\n<p>greblon C2<\/p>\n","protected":false},"excerpt":{"rendered":"<p>Gamme 4 faitouts choux 20\/24\/28\/32 cm tous feux dont induction,vont \u00e9galement au four et lave vaisselle Anti adh\u00e9rent facile \u00e0 nettoyer greblon C2<\/p>\n","protected":false},"featured_media":818,"comment_status":"open","ping_status":"closed","template":"","meta":[],"product_brand":[],"product_cat":[23],"product_tag":[],"class_list":{"0":"post-824","1":"product","2":"type-product","3":"status-publish","4":"has-post-thumbnail","6":"product_cat-ustensiles-cuisine","7":"product_shipping_class-24","9":"first","10":"instock","11":"sale","12":"shipping-taxable","13":"purchasable","14":"product-type-simple"},"jetpack_sharing_enabled":true,"_links":{"self":[{"href":"https:\/\/www.bintoufaitout.com\/index.php\/wp-json\/wp\/v2\/product\/824","targetHints":{"allow":["GET"]}}],"collection":[{"href":"https:\/\/www.bintoufaitout.com\/index.php\/wp-json\/wp\/v2\/product"}],"about":[{"href":"https:\/\/www.bintoufaitout.com\/index.php\/wp-json\/wp\/v2\/types\/product"}],"replies":[{"embeddable":true,"href":"https:\/\/www.bintoufaitout.com\/index.php\/wp-json\/wp\/v2\/comments?post=824"}],"wp:featuredmedia":[{"embeddable":true,"href":"https:\/\/www.bintoufaitout.com\/index.php\/wp-json\/wp\/v2\/media\/818"}],"wp:attachment":[{"href":"https:\/\/www.bintoufaitout.com\/index.php\/wp-json\/wp\/v2\/media?parent=824"}],"wp:term":[{"taxonomy":"product_brand","embeddable":true,"href":"https:\/\/www.bintoufaitout.com\/index.php\/wp-json\/wp\/v2\/product_brand?post=824"},{"taxonomy":"product_cat","embeddable":true,"href":"https:\/\/www.bintoufaitout.com\/index.php\/wp-json\/wp\/v2\/product_cat?post=824"},{"taxonomy":"product_tag","embeddable":true,"href":"https:\/\/www.bintoufaitout.com\/index.php\/wp-json\/wp\/v2\/product_tag?post=824"}],"curies":[{"name":"wp","href":"https:\/\/api.w.org\/{rel}","templated":true}]}}