{"id":84,"date":"2023-02-27T00:34:13","date_gmt":"2023-02-26T23:34:13","guid":{"rendered":"http:\/\/www.bintoufaitout.com\/?post_type=product&#038;p=84"},"modified":"2025-08-20T21:57:16","modified_gmt":"2025-08-20T19:57:16","slug":"tajine-profond-pierre-30cm","status":"publish","type":"product","link":"https:\/\/www.bintoufaitout.com\/index.php\/produit\/tajine-profond-pierre-30cm\/","title":{"rendered":"Tajine profond Pierre 30cm"},"content":{"rendered":"<p>Retrouvez le plaisir de cuisiner dans ce v\u00e9ritable Tajine adapt\u00e9 pour vos petits plats<\/p>\n<p>-Gr\u00e2ce\u00a0\u00e0 la forme de son convercle en c\u00f4ne , l&rsquo;humidit\u00e9 circulera lors de vos pr\u00e9parations et enrichit les aliments en saveur, un v\u00e9ritable exhausteur de g\u00f4ut naturel !<\/p>\n<p>&#8211; Poign\u00e9es en materiaux anti chaleur pour manipuler votre tajine en toute s\u00e9curit\u00e9<\/p>\n<p>&#8211; Le fond du Tajine est renforc\u00e9 pour garantir une chaleur douce et homog\u00e8ne<\/p>\n<p>&#8211; Adapt\u00e9 tous feux ( gaz , \u00e9lectrique : halog\u00e8ne et induction )<\/p>\n<p>&#8211; Entretien Facile : surface anti adh\u00e9rente et passage au lave vaisselle<\/p>\n<p>diam\u00e8tre: 30 cm<\/p>\n","protected":false},"excerpt":{"rendered":"<p>Retrouvez le plaisir de cuisiner dans ce v\u00e9ritable Tajine adapt\u00e9 pour vos petits plats -Gr\u00e2ce\u00a0\u00e0 la forme de son convercle en c\u00f4ne , l&rsquo;humidit\u00e9 circulera lors de vos pr\u00e9parations et enrichit les aliments en saveur, un v\u00e9ritable exhausteur de g\u00f4ut naturel ! &#8211; Poign\u00e9es en materiaux anti chaleur pour manipuler votre tajine en toute s\u00e9curit\u00e9 [&hellip;]<\/p>\n","protected":false},"featured_media":85,"comment_status":"open","ping_status":"closed","template":"","meta":[],"product_brand":[],"product_cat":[23],"product_tag":[],"class_list":{"0":"post-84","1":"product","2":"type-product","3":"status-publish","4":"has-post-thumbnail","6":"product_cat-ustensiles-cuisine","8":"first","9":"outofstock","10":"sale","11":"shipping-taxable","12":"purchasable","13":"product-type-simple"},"jetpack_sharing_enabled":true,"_links":{"self":[{"href":"https:\/\/www.bintoufaitout.com\/index.php\/wp-json\/wp\/v2\/product\/84","targetHints":{"allow":["GET"]}}],"collection":[{"href":"https:\/\/www.bintoufaitout.com\/index.php\/wp-json\/wp\/v2\/product"}],"about":[{"href":"https:\/\/www.bintoufaitout.com\/index.php\/wp-json\/wp\/v2\/types\/product"}],"replies":[{"embeddable":true,"href":"https:\/\/www.bintoufaitout.com\/index.php\/wp-json\/wp\/v2\/comments?post=84"}],"wp:featuredmedia":[{"embeddable":true,"href":"https:\/\/www.bintoufaitout.com\/index.php\/wp-json\/wp\/v2\/media\/85"}],"wp:attachment":[{"href":"https:\/\/www.bintoufaitout.com\/index.php\/wp-json\/wp\/v2\/media?parent=84"}],"wp:term":[{"taxonomy":"product_brand","embeddable":true,"href":"https:\/\/www.bintoufaitout.com\/index.php\/wp-json\/wp\/v2\/product_brand?post=84"},{"taxonomy":"product_cat","embeddable":true,"href":"https:\/\/www.bintoufaitout.com\/index.php\/wp-json\/wp\/v2\/product_cat?post=84"},{"taxonomy":"product_tag","embeddable":true,"href":"https:\/\/www.bintoufaitout.com\/index.php\/wp-json\/wp\/v2\/product_tag?post=84"}],"curies":[{"name":"wp","href":"https:\/\/api.w.org\/{rel}","templated":true}]}}