{"id":841,"date":"2024-05-31T16:19:39","date_gmt":"2024-05-31T14:19:39","guid":{"rendered":"https:\/\/www.bintoufaitout.com\/index.php\/produit\/boite-a-30-oeufs\/"},"modified":"2025-05-21T00:19:15","modified_gmt":"2025-05-20T22:19:15","slug":"boite-a-30-oeufs","status":"publish","type":"product","link":"https:\/\/www.bintoufaitout.com\/index.php\/produit\/boite-a-30-oeufs\/","title":{"rendered":"Bo\u00eete \u00e0 30 \u0153ufs"},"content":{"rendered":"<p class=\"MsoNormal\" style=\"margin-top: 0px;margin-bottom: 0px;font-size: 15px;font-weight: 500;line-height: 25px !important;font-family: Montserrat;font-style: normal;letter-spacing: 0.26px;text-align: start;text-indent: 0px;text-transform: none;text-decoration: none\"><span style=\"font-size: 15px !important;font-weight: 500 !important;font-family: Montserrat !important;line-height: 25px\"><span><span style=\"font-size: 16px;font-weight: 500 !important;font-family: Montserrat !important;line-height: 25px !important\"><strong style=\"font-weight: bolder\">BO\u00ceTE \u00c0 OEUFS EN PLASTIQUE 30 CASES <\/strong><\/span><\/span><\/span><\/p>\n<p class=\"MsoNormal\" style=\"margin-top: 0px;margin-bottom: 0px;font-size: 15px;font-weight: 500;line-height: 25px !important;font-family: Montserrat;font-style: normal;letter-spacing: 0.26px;text-align: start;text-indent: 0px;text-transform: none;text-decoration: none\"><span>Constitue un emballage id\u00e9al pour vos \u0153ufs, en toute s\u00e9curit\u00e9 et de mani\u00e8re hygi\u00e9nique.<\/span><\/p>\n<p class=\"MsoNormal\" style=\"margin-top: 0px;margin-bottom: 0px;font-size: 15px;font-weight: 500;line-height: 25px !important;font-family: Montserrat;font-style: normal;letter-spacing: 0.26px;text-align: start;text-indent: 0px;text-transform: none;text-decoration: none\"><span>Suffisamment grand pour contenir 30 \u0153ufs dans des compartiments individuels.<\/span><\/p>\n<p class=\"MsoNormal\" style=\"margin-top: 0px;margin-bottom: 0px;font-size: 15px;font-weight: 500;line-height: 25px !important;font-family: Montserrat;font-style: normal;letter-spacing: 0.26px;text-align: start;text-indent: 0px;text-transform: none;text-decoration: none\"><span>Une conception \u00e0 une seule couche avec un couvercle transparent vous permettant de distinguer facilement l&rsquo;\u00e9tat et la quantit\u00e9 d&rsquo;\u0153ufs \u00e0 l&rsquo;int\u00e9rieur.<\/span><\/p>\n<p class=\"MsoNormal\" style=\"margin-top: 0px;margin-bottom: 0px;font-size: 15px;font-weight: 500;line-height: 25px !important;font-family: Montserrat;font-style: normal;letter-spacing: 0.26px;text-align: start;text-indent: 0px;text-transform: none;text-decoration: none\"><span><strong style=\"font-weight: bolder\">Caract\u00e9ristiques :<\/strong><\/span><\/p>\n<p class=\"MsoNormal\" style=\"margin-top: 0px;margin-bottom: 0px;font-size: 15px;font-weight: 500;line-height: 25px !important;font-family: Montserrat;font-style: normal;letter-spacing: 0.26px;text-align: start;text-indent: 0px;text-transform: none;text-decoration: none\"><span>\u25fe<\/span><span>\ufe0f<\/span><span> Dimension: L 32,8 x L 27,3 x H 7,2 cm<\/span><\/p>\n<p class=\"MsoNormal\" style=\"margin-top: 0px;margin-bottom: 0px;font-size: 15px;font-weight: 500;line-height: 25px !important;font-family: Montserrat;font-style: normal;letter-spacing: 0.26px;text-align: start;text-indent: 0px;text-transform: none;text-decoration: none\"><span>\u25fe<\/span><span>\ufe0f<\/span><span> Contenance : 30 \u0152ufs<\/span><\/p>\n<p class=\"MsoNormal\" style=\"margin-top: 0px;margin-bottom: 0px;font-size: 15px;font-weight: 500;line-height: 25px !important;font-family: Montserrat;font-style: normal;letter-spacing: 0.26px;text-align: start;text-indent: 0px;text-transform: none;text-decoration: none\"><span>\u25fe<\/span><span>\ufe0f<\/span><span> Couleurs : Blanc<\/span><\/p>\n","protected":false},"excerpt":{"rendered":"<p>BO\u00ceTE \u00c0 OEUFS EN PLASTIQUE 30 CASES Constitue un emballage id\u00e9al pour vos \u0153ufs, en toute s\u00e9curit\u00e9 et de mani\u00e8re hygi\u00e9nique. Suffisamment grand pour contenir 30 \u0153ufs dans des compartiments individuels. Une conception \u00e0 une seule couche avec un couvercle transparent vous permettant de distinguer facilement l&rsquo;\u00e9tat et la quantit\u00e9 d&rsquo;\u0153ufs \u00e0 l&rsquo;int\u00e9rieur. Caract\u00e9ristiques : [&hellip;]<\/p>\n","protected":false},"featured_media":837,"comment_status":"open","ping_status":"closed","template":"","meta":[],"product_brand":[],"product_cat":[58],"product_tag":[],"class_list":{"0":"post-841","1":"product","2":"type-product","3":"status-publish","4":"has-post-thumbnail","6":"product_cat-linges-de-lit","8":"first","9":"outofstock","10":"shipping-taxable","11":"purchasable","12":"product-type-simple"},"jetpack_sharing_enabled":true,"_links":{"self":[{"href":"https:\/\/www.bintoufaitout.com\/index.php\/wp-json\/wp\/v2\/product\/841","targetHints":{"allow":["GET"]}}],"collection":[{"href":"https:\/\/www.bintoufaitout.com\/index.php\/wp-json\/wp\/v2\/product"}],"about":[{"href":"https:\/\/www.bintoufaitout.com\/index.php\/wp-json\/wp\/v2\/types\/product"}],"replies":[{"embeddable":true,"href":"https:\/\/www.bintoufaitout.com\/index.php\/wp-json\/wp\/v2\/comments?post=841"}],"wp:featuredmedia":[{"embeddable":true,"href":"https:\/\/www.bintoufaitout.com\/index.php\/wp-json\/wp\/v2\/media\/837"}],"wp:attachment":[{"href":"https:\/\/www.bintoufaitout.com\/index.php\/wp-json\/wp\/v2\/media?parent=841"}],"wp:term":[{"taxonomy":"product_brand","embeddable":true,"href":"https:\/\/www.bintoufaitout.com\/index.php\/wp-json\/wp\/v2\/product_brand?post=841"},{"taxonomy":"product_cat","embeddable":true,"href":"https:\/\/www.bintoufaitout.com\/index.php\/wp-json\/wp\/v2\/product_cat?post=841"},{"taxonomy":"product_tag","embeddable":true,"href":"https:\/\/www.bintoufaitout.com\/index.php\/wp-json\/wp\/v2\/product_tag?post=841"}],"curies":[{"name":"wp","href":"https:\/\/api.w.org\/{rel}","templated":true}]}}