{"id":859,"date":"2024-06-01T10:15:18","date_gmt":"2024-06-01T08:15:18","guid":{"rendered":"https:\/\/www.bintoufaitout.com\/index.php\/produit\/plancha-grill\/"},"modified":"2025-08-19T17:12:13","modified_gmt":"2025-08-19T15:12:13","slug":"plancha-grill","status":"publish","type":"product","link":"https:\/\/www.bintoufaitout.com\/index.php\/produit\/plancha-grill\/","title":{"rendered":"Plancha grill"},"content":{"rendered":"<ul class=\"a-unordered-list a-vertical a-spacing-none\">\n<li class=\"a-spacing-mini\" style=\"margin: 0px\"><span class=\"a-list-item\">QUALIT\u00c9 PREMIUM: Fabriqu\u00e9 en aluminium forg\u00e9. Double rev\u00eatement antiadh\u00e9sif sans PFOA.<\/span><\/li>\n<li class=\"a-spacing-mini\" style=\"margin: 0px\"><span class=\"a-list-item\">Poign\u00e9es en silicone &#8211; 46 cm &#8211; Id\u00e9ale pour cuisiner plus sainement &#8211; Utilisez moins d&rsquo;huile, beurre ou autres mati\u00e8res grasses. Gr\u00e2ce \u00e0 ses 2 poign\u00e9es larges et ergonomique situ\u00e9es de chaque c\u00f4t\u00e9 du grill, vous pourrez le manier de la cuisini\u00e8re \u00e0 votre table en toute simplicit\u00e9.<\/span><\/li>\n<li class=\"a-spacing-mini\" style=\"margin: 0px\"><span class=\"a-list-item\">Convient \u00e0 tous les types de feux dont <\/span>induction<span class=\"a-list-item\"> . Facile \u00e0 nettoyer.<\/span><\/li>\n<li class=\"a-spacing-mini\" style=\"margin: 0px\"><span class=\"a-list-item\">Permet une diffusion et une r\u00e9partition optimum de la chaleur, pour une cuisson homog\u00e8ne des aliments, et ainsi diminuer votre consommation d&rsquo;\u00e9nergie.<\/span><\/li>\n<\/ul>\n","protected":false},"excerpt":{"rendered":"<p>QUALIT\u00c9 PREMIUM: Fabriqu\u00e9 en aluminium forg\u00e9. Double rev\u00eatement antiadh\u00e9sif sans PFOA. Poign\u00e9es en silicone &#8211; 46 cm &#8211; Id\u00e9ale pour cuisiner plus sainement &#8211; Utilisez moins d&rsquo;huile, beurre ou autres mati\u00e8res grasses. Gr\u00e2ce \u00e0 ses 2 poign\u00e9es larges et ergonomique situ\u00e9es de chaque c\u00f4t\u00e9 du grill, vous pourrez le manier de la cuisini\u00e8re \u00e0 votre [&hellip;]<\/p>\n","protected":false},"featured_media":857,"comment_status":"open","ping_status":"closed","template":"","meta":[],"product_brand":[],"product_cat":[58],"product_tag":[],"class_list":{"0":"post-859","1":"product","2":"type-product","3":"status-publish","4":"has-post-thumbnail","6":"product_cat-linges-de-lit","8":"first","9":"outofstock","10":"sale","11":"shipping-taxable","12":"purchasable","13":"product-type-simple"},"jetpack_sharing_enabled":true,"_links":{"self":[{"href":"https:\/\/www.bintoufaitout.com\/index.php\/wp-json\/wp\/v2\/product\/859","targetHints":{"allow":["GET"]}}],"collection":[{"href":"https:\/\/www.bintoufaitout.com\/index.php\/wp-json\/wp\/v2\/product"}],"about":[{"href":"https:\/\/www.bintoufaitout.com\/index.php\/wp-json\/wp\/v2\/types\/product"}],"replies":[{"embeddable":true,"href":"https:\/\/www.bintoufaitout.com\/index.php\/wp-json\/wp\/v2\/comments?post=859"}],"wp:featuredmedia":[{"embeddable":true,"href":"https:\/\/www.bintoufaitout.com\/index.php\/wp-json\/wp\/v2\/media\/857"}],"wp:attachment":[{"href":"https:\/\/www.bintoufaitout.com\/index.php\/wp-json\/wp\/v2\/media?parent=859"}],"wp:term":[{"taxonomy":"product_brand","embeddable":true,"href":"https:\/\/www.bintoufaitout.com\/index.php\/wp-json\/wp\/v2\/product_brand?post=859"},{"taxonomy":"product_cat","embeddable":true,"href":"https:\/\/www.bintoufaitout.com\/index.php\/wp-json\/wp\/v2\/product_cat?post=859"},{"taxonomy":"product_tag","embeddable":true,"href":"https:\/\/www.bintoufaitout.com\/index.php\/wp-json\/wp\/v2\/product_tag?post=859"}],"curies":[{"name":"wp","href":"https:\/\/api.w.org\/{rel}","templated":true}]}}