{"id":864,"date":"2024-06-01T10:22:10","date_gmt":"2024-06-01T08:22:10","guid":{"rendered":"https:\/\/www.bintoufaitout.com\/index.php\/produit\/pizza-pan-electrique\/"},"modified":"2024-06-01T10:22:10","modified_gmt":"2024-06-01T08:22:10","slug":"pizza-pan-electrique","status":"publish","type":"product","link":"https:\/\/www.bintoufaitout.com\/index.php\/produit\/pizza-pan-electrique\/","title":{"rendered":"Pizza pan \u00e9lectrique"},"content":{"rendered":"<p>Pizza Pan en pierre Royal Swiss, 40 cm de diam\u00e8tre et 9 cm de profondeur 1500W. pour faire frire, cuire et maintenir au chaud. Un bord profond et donc parfaitement adapt\u00e9 pour la pr\u00e9paration des pizza, p\u00e2tes, paella, chili con carne, etc. Thermostat r\u00e9glable et amovible. Avec rev\u00eatement anti-adh\u00e9sif, huile ou beurre pas n\u00e9cessaire. Couvercle en verre r\u00e9sistant \u00e0 la chaleur avec extraction des bu\u00e9es (adapt\u00e9e au lave-vaisselle). Avec poign\u00e9es r\u00e9sistant \u00e0 la chaleur. Fonction de chauffage rapide et garde au chaud les aliments, tr\u00e8s Facile \u00e0 nettoyer. Pieds antid\u00e9rapants. Puissance : 220-240 V, 50\/60 Hz, 1500W<\/p>\n","protected":false},"excerpt":{"rendered":"<p>Pizza Pan en pierre Royal Swiss, 40 cm de diam\u00e8tre et 9 cm de profondeur 1500W. pour faire frire, cuire et maintenir au chaud. Un bord profond et donc parfaitement adapt\u00e9 pour la pr\u00e9paration des pizza, p\u00e2tes, paella, chili con carne, etc. Thermostat r\u00e9glable et amovible. Avec rev\u00eatement anti-adh\u00e9sif, huile ou beurre pas n\u00e9cessaire. Couvercle [&hellip;]<\/p>\n","protected":false},"featured_media":863,"comment_status":"open","ping_status":"closed","template":"","meta":[],"product_brand":[],"product_cat":[58],"product_tag":[],"class_list":{"0":"post-864","1":"product","2":"type-product","3":"status-publish","4":"has-post-thumbnail","6":"product_cat-linges-de-lit","8":"first","9":"instock","10":"sale","11":"shipping-taxable","12":"purchasable","13":"product-type-simple"},"jetpack_sharing_enabled":true,"_links":{"self":[{"href":"https:\/\/www.bintoufaitout.com\/index.php\/wp-json\/wp\/v2\/product\/864","targetHints":{"allow":["GET"]}}],"collection":[{"href":"https:\/\/www.bintoufaitout.com\/index.php\/wp-json\/wp\/v2\/product"}],"about":[{"href":"https:\/\/www.bintoufaitout.com\/index.php\/wp-json\/wp\/v2\/types\/product"}],"replies":[{"embeddable":true,"href":"https:\/\/www.bintoufaitout.com\/index.php\/wp-json\/wp\/v2\/comments?post=864"}],"wp:featuredmedia":[{"embeddable":true,"href":"https:\/\/www.bintoufaitout.com\/index.php\/wp-json\/wp\/v2\/media\/863"}],"wp:attachment":[{"href":"https:\/\/www.bintoufaitout.com\/index.php\/wp-json\/wp\/v2\/media?parent=864"}],"wp:term":[{"taxonomy":"product_brand","embeddable":true,"href":"https:\/\/www.bintoufaitout.com\/index.php\/wp-json\/wp\/v2\/product_brand?post=864"},{"taxonomy":"product_cat","embeddable":true,"href":"https:\/\/www.bintoufaitout.com\/index.php\/wp-json\/wp\/v2\/product_cat?post=864"},{"taxonomy":"product_tag","embeddable":true,"href":"https:\/\/www.bintoufaitout.com\/index.php\/wp-json\/wp\/v2\/product_tag?post=864"}],"curies":[{"name":"wp","href":"https:\/\/api.w.org\/{rel}","templated":true}]}}