{"id":87,"date":"2023-03-01T22:47:36","date_gmt":"2023-03-01T21:47:36","guid":{"rendered":"http:\/\/www.bintoufaitout.com\/?post_type=product&#038;p=87"},"modified":"2025-08-19T17:04:25","modified_gmt":"2025-08-19T15:04:25","slug":"cafetiere-italienne","status":"publish","type":"product","link":"https:\/\/www.bintoufaitout.com\/index.php\/produit\/cafetiere-italienne\/","title":{"rendered":"Cafeti\u00e8re italienne"},"content":{"rendered":"<p><strong>Cette cafeti\u00e8re italienne repr\u00e9sente l&rsquo;alliance entre le design et le go\u00fbt<\/strong> . Son corps noir t\u00e2chet\u00e9 de blanc s&rsquo;int\u00e8gre parfaitement <strong>dans toutes les cuisines<\/strong> . Dans la pure tradition des cafeti\u00e8res italiennes, elle offre un <strong>caf\u00e9 riche et puissant<\/strong> .<\/p>\n<p>Gr\u00e2ce \u00e0 sa base en inox, elle <strong>compatible tous feux<\/strong> , du gaz ,vitroc\u00e9ramique,plaqu\u00e9 \u00e9lectrique,l&rsquo;induction\u2026 permettant de b\u00e9n\u00e9ficier d&rsquo;une <strong>chauffe rapide<\/strong> sans avoir recours \u00e0 un adaptateur.<\/p>\n<p>&nbsp;<\/p>\n","protected":false},"excerpt":{"rendered":"<p>Cette cafeti\u00e8re italienne repr\u00e9sente l&rsquo;alliance entre le design et le go\u00fbt . Son corps noir t\u00e2chet\u00e9 de blanc s&rsquo;int\u00e8gre parfaitement dans toutes les cuisines . Dans la pure tradition des cafeti\u00e8res italiennes, elle offre un caf\u00e9 riche et puissant . Gr\u00e2ce \u00e0 sa base en inox, elle compatible tous feux , du gaz ,vitroc\u00e9ramique,plaqu\u00e9 \u00e9lectrique,l&rsquo;induction\u2026 [&hellip;]<\/p>\n","protected":false},"featured_media":88,"comment_status":"open","ping_status":"closed","template":"","meta":[],"product_brand":[],"product_cat":[23],"product_tag":[],"class_list":{"0":"post-87","1":"product","2":"type-product","3":"status-publish","4":"has-post-thumbnail","6":"product_cat-ustensiles-cuisine","8":"first","9":"instock","10":"shipping-taxable","11":"purchasable","12":"product-type-variable"},"jetpack_sharing_enabled":true,"_links":{"self":[{"href":"https:\/\/www.bintoufaitout.com\/index.php\/wp-json\/wp\/v2\/product\/87","targetHints":{"allow":["GET"]}}],"collection":[{"href":"https:\/\/www.bintoufaitout.com\/index.php\/wp-json\/wp\/v2\/product"}],"about":[{"href":"https:\/\/www.bintoufaitout.com\/index.php\/wp-json\/wp\/v2\/types\/product"}],"replies":[{"embeddable":true,"href":"https:\/\/www.bintoufaitout.com\/index.php\/wp-json\/wp\/v2\/comments?post=87"}],"wp:featuredmedia":[{"embeddable":true,"href":"https:\/\/www.bintoufaitout.com\/index.php\/wp-json\/wp\/v2\/media\/88"}],"wp:attachment":[{"href":"https:\/\/www.bintoufaitout.com\/index.php\/wp-json\/wp\/v2\/media?parent=87"}],"wp:term":[{"taxonomy":"product_brand","embeddable":true,"href":"https:\/\/www.bintoufaitout.com\/index.php\/wp-json\/wp\/v2\/product_brand?post=87"},{"taxonomy":"product_cat","embeddable":true,"href":"https:\/\/www.bintoufaitout.com\/index.php\/wp-json\/wp\/v2\/product_cat?post=87"},{"taxonomy":"product_tag","embeddable":true,"href":"https:\/\/www.bintoufaitout.com\/index.php\/wp-json\/wp\/v2\/product_tag?post=87"}],"curies":[{"name":"wp","href":"https:\/\/api.w.org\/{rel}","templated":true}]}}