{"id":870,"date":"2024-06-01T11:05:33","date_gmt":"2024-06-01T09:05:33","guid":{"rendered":"https:\/\/www.bintoufaitout.com\/index.php\/produit\/theiere-rose-gold-16l\/"},"modified":"2025-03-22T16:23:22","modified_gmt":"2025-03-22T15:23:22","slug":"theiere-rose-gold-16l","status":"publish","type":"product","link":"https:\/\/www.bintoufaitout.com\/index.php\/produit\/theiere-rose-gold-16l\/","title":{"rendered":"Th\u00e9i\u00e8re rose gold 1,2L"},"content":{"rendered":"<p>Fabriqu\u00e9 en acier inoxydable&nbsp;<strong>chrom\u00e9 de haute qualit\u00e9<\/strong>&nbsp;et mat\u00e9riaux s\u00fbrs, cette th\u00e9i\u00e8re de&nbsp;<strong>design \u00e9l\u00e9gant<\/strong>&nbsp;et&nbsp;<strong>\u00e0 la mode<\/strong>&nbsp;sera&nbsp;de bonne compagnie pour d\u00e9guster un bon th\u00e9.<br \/>\nEmbellissez votre service avec un&nbsp;<strong>plateau de service<\/strong>&nbsp;et un&nbsp;<strong>ensemble \u00e0 th\u00e9<\/strong>&nbsp;de 2 \u00e0 12 personnes.<\/p>\n<p>Tous feux dont induction<\/p>\n<h3>Mati\u00e8re:<\/h3>\n<ul>\n<li>Acier Inoxydable<\/li>\n<\/ul>\n<div><strong>Nettoyage:<\/strong><\/div>\n<p>Pour son nettoyage, utiliser un d\u00e9tergent m\u00e9nager, une \u00e9ponge douce ou un chiffon.<br \/>\nN&rsquo;utilisez jamais de laine d&rsquo;acier ou d&rsquo;autres produits abrasifs<\/p>\n","protected":false},"excerpt":{"rendered":"<p>Fabriqu\u00e9 en acier inoxydable&nbsp;chrom\u00e9 de haute qualit\u00e9&nbsp;et mat\u00e9riaux s\u00fbrs, cette th\u00e9i\u00e8re de&nbsp;design \u00e9l\u00e9gant&nbsp;et&nbsp;\u00e0 la mode&nbsp;sera&nbsp;de bonne compagnie pour d\u00e9guster un bon th\u00e9. Embellissez votre service avec un&nbsp;plateau de service&nbsp;et un&nbsp;ensemble \u00e0 th\u00e9&nbsp;de 2 \u00e0 12 personnes. Tous feux dont induction Mati\u00e8re: Acier Inoxydable Nettoyage: Pour son nettoyage, utiliser un d\u00e9tergent m\u00e9nager, une \u00e9ponge douce ou [&hellip;]<\/p>\n","protected":false},"featured_media":869,"comment_status":"open","ping_status":"closed","template":"","meta":[],"product_brand":[],"product_cat":[58],"product_tag":[],"class_list":{"0":"post-870","1":"product","2":"type-product","3":"status-publish","4":"has-post-thumbnail","6":"product_cat-linges-de-lit","8":"first","9":"instock","10":"shipping-taxable","11":"purchasable","12":"product-type-simple"},"jetpack_sharing_enabled":true,"_links":{"self":[{"href":"https:\/\/www.bintoufaitout.com\/index.php\/wp-json\/wp\/v2\/product\/870","targetHints":{"allow":["GET"]}}],"collection":[{"href":"https:\/\/www.bintoufaitout.com\/index.php\/wp-json\/wp\/v2\/product"}],"about":[{"href":"https:\/\/www.bintoufaitout.com\/index.php\/wp-json\/wp\/v2\/types\/product"}],"replies":[{"embeddable":true,"href":"https:\/\/www.bintoufaitout.com\/index.php\/wp-json\/wp\/v2\/comments?post=870"}],"wp:featuredmedia":[{"embeddable":true,"href":"https:\/\/www.bintoufaitout.com\/index.php\/wp-json\/wp\/v2\/media\/869"}],"wp:attachment":[{"href":"https:\/\/www.bintoufaitout.com\/index.php\/wp-json\/wp\/v2\/media?parent=870"}],"wp:term":[{"taxonomy":"product_brand","embeddable":true,"href":"https:\/\/www.bintoufaitout.com\/index.php\/wp-json\/wp\/v2\/product_brand?post=870"},{"taxonomy":"product_cat","embeddable":true,"href":"https:\/\/www.bintoufaitout.com\/index.php\/wp-json\/wp\/v2\/product_cat?post=870"},{"taxonomy":"product_tag","embeddable":true,"href":"https:\/\/www.bintoufaitout.com\/index.php\/wp-json\/wp\/v2\/product_tag?post=870"}],"curies":[{"name":"wp","href":"https:\/\/api.w.org\/{rel}","templated":true}]}}