{"id":912,"date":"2024-06-06T01:38:23","date_gmt":"2024-06-05T23:38:23","guid":{"rendered":"https:\/\/www.bintoufaitout.com\/index.php\/produit\/moule-a-tarte-en-pierre\/"},"modified":"2024-06-06T01:38:23","modified_gmt":"2024-06-05T23:38:23","slug":"moule-a-tarte-en-pierre","status":"publish","type":"product","link":"https:\/\/www.bintoufaitout.com\/index.php\/produit\/moule-a-tarte-en-pierre\/","title":{"rendered":"Moule \u00e0 tarte en pierre"},"content":{"rendered":"<p><span style=\"font-family: Roboto, sans-serif;font-size: 16px;font-style: normal;font-weight: 400;letter-spacing: normal;text-align: left;text-indent: 0px;text-transform: none;text-decoration: none;float: none\">Le<\/span><span style=\"font-family: Roboto, sans-serif;font-size: 16px;font-style: normal;font-weight: 400;letter-spacing: normal;text-align: left;text-indent: 0px;text-transform: none;text-decoration: none;float: none\"><span class=\"Apple-converted-space\">&nbsp;<\/span><\/span><strong style=\"margin: 0px;padding: 0px;font-weight: bold;font-family: Roboto, sans-serif;font-size: 16px;font-style: normal;letter-spacing: normal;text-align: left;text-indent: 0px;text-transform: none;text-decoration: none\">moule <\/strong><span style=\"font-family: Roboto, sans-serif;font-size: 16px;font-style: normal;font-weight: 400;letter-spacing: normal;text-align: left;text-indent: 0px;text-transform: none;text-decoration: none;float: none\">\u00e0 tarte en<\/span><span style=\"font-family: Roboto, sans-serif;font-size: 16px;font-style: normal;font-weight: 400;letter-spacing: normal;text-align: left;text-indent: 0px;text-transform: none;text-decoration: none;float: none\"><span class=\"Apple-converted-space\">&nbsp;<\/span><\/span><strong style=\"margin: 0px;padding: 0px;font-weight: bold;font-family: Roboto, sans-serif;font-size: 16px;font-style: normal;letter-spacing: normal;text-align: left;text-indent: 0px;text-transform: none;text-decoration: none\">pierre <\/strong><span style=\"font-family: Roboto, sans-serif;font-size: 16px;font-style: normal;font-weight: 400;letter-spacing: normal;text-align: left;text-indent: 0px;text-transform: none;text-decoration: none;float: none\"> favorise la cuisson de vos tartes.&nbsp;<\/span><strong style=\"margin: 0px;padding: 0px;font-weight: bold;font-family: Roboto, sans-serif;font-size: 16px;font-style: normal;letter-spacing: normal;text-align: left;text-indent: 0px;text-transform: none;text-decoration: none\">Anti-adh\u00e9rents<\/strong><span style=\"font-family: Roboto, sans-serif;font-size: 16px;font-style: normal;font-weight: 400;letter-spacing: normal;text-align: left;text-indent: 0px;text-transform: none;text-decoration: none;float: none\"><span class=\"Apple-converted-space\">&nbsp;<\/span><\/span><span style=\"font-family: Roboto, sans-serif;font-size: 16px;font-style: normal;font-weight: 400;letter-spacing: normal;text-align: left;text-indent: 0px;text-transform: none;text-decoration: none;float: none\">\u00e9galement, ce<\/span><span style=\"font-family: Roboto, sans-serif;font-size: 16px;font-style: normal;font-weight: 400;letter-spacing: normal;text-align: left;text-indent: 0px;text-transform: none;text-decoration: none;float: none\">s moules vous permettront de r\u00e9ussir vos recettes et surtout le d\u00e9moulage de ces derni\u00e8res.<\/span><\/p>\n","protected":false},"excerpt":{"rendered":"<p>Le&nbsp;moule \u00e0 tarte en&nbsp;pierre favorise la cuisson de vos tartes.&nbsp;Anti-adh\u00e9rents&nbsp;\u00e9galement, ces moules vous permettront de r\u00e9ussir vos recettes et surtout le d\u00e9moulage de ces derni\u00e8res.<\/p>\n","protected":false},"featured_media":910,"comment_status":"open","ping_status":"closed","template":"","meta":[],"product_brand":[],"product_cat":[58],"product_tag":[],"class_list":{"0":"post-912","1":"product","2":"type-product","3":"status-publish","4":"has-post-thumbnail","6":"product_cat-linges-de-lit","8":"first","9":"instock","10":"shipping-taxable","11":"purchasable","12":"product-type-simple"},"jetpack_sharing_enabled":true,"_links":{"self":[{"href":"https:\/\/www.bintoufaitout.com\/index.php\/wp-json\/wp\/v2\/product\/912","targetHints":{"allow":["GET"]}}],"collection":[{"href":"https:\/\/www.bintoufaitout.com\/index.php\/wp-json\/wp\/v2\/product"}],"about":[{"href":"https:\/\/www.bintoufaitout.com\/index.php\/wp-json\/wp\/v2\/types\/product"}],"replies":[{"embeddable":true,"href":"https:\/\/www.bintoufaitout.com\/index.php\/wp-json\/wp\/v2\/comments?post=912"}],"wp:featuredmedia":[{"embeddable":true,"href":"https:\/\/www.bintoufaitout.com\/index.php\/wp-json\/wp\/v2\/media\/910"}],"wp:attachment":[{"href":"https:\/\/www.bintoufaitout.com\/index.php\/wp-json\/wp\/v2\/media?parent=912"}],"wp:term":[{"taxonomy":"product_brand","embeddable":true,"href":"https:\/\/www.bintoufaitout.com\/index.php\/wp-json\/wp\/v2\/product_brand?post=912"},{"taxonomy":"product_cat","embeddable":true,"href":"https:\/\/www.bintoufaitout.com\/index.php\/wp-json\/wp\/v2\/product_cat?post=912"},{"taxonomy":"product_tag","embeddable":true,"href":"https:\/\/www.bintoufaitout.com\/index.php\/wp-json\/wp\/v2\/product_tag?post=912"}],"curies":[{"name":"wp","href":"https:\/\/api.w.org\/{rel}","templated":true}]}}